{"id":2060,"date":"2025-05-16T12:29:31","date_gmt":"2025-05-16T12:29:31","guid":{"rendered":"https:\/\/kbv-group.com\/avis-juridique\/"},"modified":"2026-05-13T19:07:05","modified_gmt":"2026-05-13T19:07:05","slug":"avis-juridique","status":"publish","type":"page","link":"https:\/\/kbv-group.com\/fr\/avis-juridique\/","title":{"rendered":"Avis juridique"},"content":{"rendered":"\n<div>\n<div class=\"gb-element-7f247b55\">\n<h1 class=\"wp-block-heading\">Avis juridique<\/h1>\n<\/div>\n\n\n\n<div class=\"gb-element-63c52006\">\n<p>Conform\u00e9ment \u00e0 l&rsquo;article 10 de la loi 34\/2002 relative aux services de la soci\u00e9t\u00e9 de l&rsquo;information et au commerce \u00e9lectronique, nous informons les utilisateurs de nos coordonn\u00e9es&nbsp;:<\/p>\n\n\n\n<p>Nom de l&rsquo;entreprise :&nbsp;<strong>KITCHEN BATH VENTURES, SL<\/strong>&nbsp;avec NIF B67862938, si\u00e8ge social Calle Acanto, 22, 9\u00ba \u2013 4, 28045, Madrid et enregistr\u00e9e au Registre du Commerce de Madrid, Volume 0, Folio 0, Page M-831222,&nbsp;<strong>MUEBLES OB, SAU<\/strong>&nbsp;avec NIF A14372874, si\u00e8ge social Camino de C\u00f3rdoba Km2, 14420, Villafranca de C\u00f3rdoba, (C\u00f3rdoba) et enregistr\u00e9e au Registre du Commerce de C\u00f3rdoba dans le Volume 818, Folio 161, page CO-6294,&nbsp;<strong>MUEBLES DE COCINA DOCA, SLU<\/strong>&nbsp;avec NIF B12072716, si\u00e8ge social Pol. Ind. Valldepins, C\/Bruselas s\/n, 43550, Ulldecona (Tarragone) et donn\u00e9es d&rsquo;enregistrement au Registre du Commerce de Tarragone, num\u00e9ro de feuille T-62265, inscription 1\u00e8re,&nbsp;<strong>DELTA COCINAS, SLU<\/strong>&nbsp;avec NIF B26185082, adresse \u00e0 Pol. Ind. Martin Grande, 5, 26550, Rinc\u00f3n de Soto (La Rioja) et enregistr\u00e9e au Registre du Commerce de Logro\u00f1o, Volume 292, Folio 54, Feuille n\u00b0 LO-1909, inscription 1\u00e8re, ci-apr\u00e8s&nbsp;<strong>KBV Group<\/strong>&nbsp;.<\/p>\n\n\n\n<p>Courriel :&nbsp;<strong>dpd@kbv-group.com<\/strong><\/p>\n\n\n\n<p>Site web :&nbsp;<strong>www.kbv-group.com<\/strong><\/p>\n\n\n\n<ol class=\"wp-block-list\">\n<li><strong>OBJET<\/strong><\/li>\n<\/ol>\n\n\n\n<p><strong>Le groupe KBV<\/strong>&nbsp;(ci-apr\u00e8s \u00e9galement le fournisseur), en tant que propri\u00e9taire du site web, met ce document \u00e0 la disposition des utilisateurs, lequel r\u00e9git l&rsquo;utilisation du site web&nbsp;<strong>www.kbv-group.com<\/strong>&nbsp;, par lequel nous entendons nous conformer aux obligations pr\u00e9vues par la loi 34\/2002 relative aux services de la soci\u00e9t\u00e9 de l&rsquo;information et au commerce \u00e9lectronique (LSSICE ou LSSI), ainsi qu&rsquo;informer tous les utilisateurs du site web des conditions d&rsquo;utilisation de celui-ci.<\/p>\n\n\n\n<p>Par le biais de son site web,&nbsp;<strong>le groupe KBV<\/strong>&nbsp;offre aux utilisateurs l&rsquo;acc\u00e8s et l&rsquo;utilisation de diff\u00e9rents services et contenus mis \u00e0 disposition sur le site.<\/p>\n\n\n\n<p>Toute personne acc\u00e9dant \u00e0 ce site web assume le r\u00f4le d&rsquo;utilisateur (ci-apr\u00e8s l&rsquo;utilisateur) et accepte pleinement et sans r\u00e9serve chacune des dispositions incluses dans les pr\u00e9sentes mentions l\u00e9gales, ainsi que toutes autres dispositions l\u00e9gales applicables.<\/p>\n\n\n\n<p>En tant qu&rsquo;utilisateurs, vous devez lire attentivement les pr\u00e9sentes mentions l\u00e9gales chaque fois que vous acc\u00e9dez au site web, car elles peuvent \u00eatre modifi\u00e9es, le fournisseur se r\u00e9servant le droit de modifier tout type d&rsquo;information pouvant appara\u00eetre sur le site web, sans obligation de pr\u00e9avis ni d&rsquo;information pr\u00e9alable des utilisateurs, la publication sur le site web du fournisseur \u00e9tant suffisante.<\/p>\n\n\n\n<p><strong>2. CONDITIONS D&rsquo;ACC\u00c8S ET D&rsquo;UTILISATION DU SITE WEB<\/strong><\/p>\n\n\n\n<p><strong>2.1. Acc\u00e8s et utilisation gratuits du site web.<\/strong><\/p>\n\n\n\n<p>L&rsquo;utilisation du site web&nbsp;<strong>du groupe KBV<\/strong>&nbsp;est gratuite pour tous les utilisateurs.<\/p>\n\n\n\n<p><strong>2.2. Inscription de l&rsquo;utilisateur.<\/strong><\/p>\n\n\n\n<p>En r\u00e8gle g\u00e9n\u00e9rale, la fourniture des Services ne requiert ni abonnement ni inscription pr\u00e9alable de la part des Utilisateurs.<\/p>\n\n\n\n<p><strong>2.3. V\u00e9racit\u00e9 des informations.<\/strong><\/p>\n\n\n\n<p>Toutes les informations fournies par l&rsquo;Utilisateur doivent \u00eatre exactes. \u00c0 cette fin, l&rsquo;Utilisateur garantit l&rsquo;authenticit\u00e9 des donn\u00e9es fournies via les formulaires d&rsquo;inscription aux Services. Il est de la responsabilit\u00e9 de l&rsquo;Utilisateur de maintenir \u00e0 jour toutes les informations communiqu\u00e9es au&nbsp;<strong>Groupe&nbsp;<\/strong><strong>KBV<\/strong>&nbsp;afin qu&rsquo;elles refl\u00e8tent sa situation actuelle. En tout \u00e9tat de cause, l&rsquo;Utilisateur sera seul responsable de toute d\u00e9claration fausse ou inexacte et de tout dommage caus\u00e9 au prestataire de services ou \u00e0 des tiers.<strong><\/strong><\/p>\n\n\n\n<p><strong>2.4. Mineurs.<\/strong><\/p>\n\n\n\n<p>Pour utiliser ces services, les mineurs doivent toujours obtenir l&rsquo;autorisation pr\u00e9alable de leurs parents, tuteurs ou repr\u00e9sentants l\u00e9gaux, qui sont responsables de toutes les actions entreprises par les mineurs plac\u00e9s sous leur tutelle. Il leur incombe \u00e9galement de d\u00e9terminer le contenu auquel les mineurs ont acc\u00e8s. Par cons\u00e9quent, si des mineurs consultent du contenu inappropri\u00e9 \u00e0 leur \u00e2ge, il est recommand\u00e9 d&rsquo;installer sur leurs ordinateurs des m\u00e9canismes, notamment des logiciels, des filtres et des outils de blocage, afin de limiter l&rsquo;acc\u00e8s \u00e0 ce contenu. Bien que non infaillibles, ces m\u00e9canismes sont particuli\u00e8rement utiles pour contr\u00f4ler et restreindre les contenus auxquels les mineurs peuvent acc\u00e9der.<\/p>\n\n\n\n<p><strong>2.5. Obligation de faire un usage appropri\u00e9 du site web.<\/strong><\/p>\n\n\n\n<p>L\u2019Utilisateur s\u2019engage \u00e0 utiliser le site web conform\u00e9ment \u00e0 la loi et aux pr\u00e9sentes mentions l\u00e9gales, ainsi qu\u2019aux bonnes m\u0153urs et aux usages g\u00e9n\u00e9ralement admis. Plus pr\u00e9cis\u00e9ment, l\u2019Utilisateur s\u2019engage \u00e0 ne pas utiliser le site web \u00e0 des fins illicites ou interdites, ni d\u2019une mani\u00e8re qui porte atteinte aux droits et int\u00e9r\u00eats de tiers, ou qui pourrait endommager, d\u00e9sactiver, surcharger, perturber ou entraver le fonctionnement normal du mat\u00e9riel informatique ou des documents, fichiers et contenus de toute nature stock\u00e9s sur le mat\u00e9riel informatique du fournisseur de services.<\/p>\n\n\n\n<p>En particulier, et \u00e0 titre d\u2019exemple non limitatif, l\u2019Utilisateur s\u2019engage \u00e0 ne pas transmettre, diffuser ou mettre \u00e0 disposition de tiers des informations, donn\u00e9es, contenus, messages, graphiques, dessins, fichiers audio ou image, photographies, enregistrements, logiciels et, d\u2019une mani\u00e8re g\u00e9n\u00e9rale, tout type de mat\u00e9riel qui&nbsp;:<\/p>\n\n\n\n<p>&nbsp;&nbsp;&nbsp;&nbsp;&nbsp;&nbsp;&nbsp;&nbsp;&nbsp;&nbsp;&nbsp;&nbsp;&nbsp;&nbsp;&nbsp; (a) est contraire aux droits fondamentaux et aux libert\u00e9s publiques reconnus constitutionnellement, dans les trait\u00e9s internationaux et autres r\u00e9glementations applicables, les d\u00e9nigre ou y porte atteinte ;<\/p>\n\n\n\n<p>&nbsp;&nbsp;&nbsp;&nbsp;&nbsp;&nbsp;&nbsp;&nbsp;&nbsp;&nbsp;&nbsp;&nbsp;&nbsp;&nbsp;&nbsp; (b) inciter, encourager ou promouvoir des actes criminels, d\u00e9nigrants, diffamatoires, violents ou, en g\u00e9n\u00e9ral, ill\u00e9gaux, contraires \u00e0 la morale et \u00e0 l\u2019ordre public;<\/p>\n\n\n\n<p>&nbsp;&nbsp;&nbsp;&nbsp;&nbsp;&nbsp;&nbsp;&nbsp;&nbsp;&nbsp;&nbsp;&nbsp;&nbsp;&nbsp;&nbsp; (c) inciter, provoquer ou promouvoir des actions, des attitudes ou des pens\u00e9es discriminatoires fond\u00e9es sur le sexe, la race, la religion, les croyances, l\u2019\u00e2ge ou la condition;<\/p>\n\n\n\n<p>&nbsp;&nbsp;&nbsp;&nbsp;&nbsp;&nbsp;&nbsp;&nbsp;&nbsp;&nbsp;&nbsp;&nbsp;&nbsp;&nbsp;&nbsp; d) est contraire au droit \u00e0 l\u2019honneur, \u00e0 la vie priv\u00e9e personnelle ou familiale ou \u00e0 l\u2019image des personnes;<\/p>\n\n\n\n<p>&nbsp;&nbsp;&nbsp;&nbsp;&nbsp;&nbsp;&nbsp;&nbsp;&nbsp;&nbsp;&nbsp;&nbsp;&nbsp;&nbsp;&nbsp; e) porte atteinte de quelque mani\u00e8re que ce soit \u00e0 la cr\u00e9dibilit\u00e9 du fournisseur ou de tiers; et<\/p>\n\n\n\n<p>&nbsp;&nbsp;&nbsp;&nbsp;&nbsp;&nbsp;&nbsp;&nbsp;&nbsp;&nbsp;&nbsp;&nbsp;&nbsp;&nbsp;&nbsp; (f) constitue une publicit\u00e9 ill\u00e9gale, trompeuse ou d\u00e9loyale.<\/p>\n\n\n\n<p><strong>3. EXCLUSION DE GARANTIES ET DE RESPONSABILIT\u00c9<\/strong><\/p>\n\n\n\n<p>Le fournisseur d\u00e9cline toute responsabilit\u00e9 quant aux informations publi\u00e9es sur son site web, \u00e0 condition que ces informations aient \u00e9t\u00e9 manipul\u00e9es ou saisies par un tiers non affili\u00e9.<\/p>\n\n\n\n<p>Ce site web a \u00e9t\u00e9 v\u00e9rifi\u00e9 et test\u00e9 afin de garantir son bon fonctionnement. En principe, son fonctionnement est garanti 24h\/24 et 365j\/365. Toutefois, le fournisseur n&rsquo;exclut pas la possibilit\u00e9 d&rsquo;erreurs de programmation ou de circonstances impr\u00e9vues telles que force majeure, catastrophes naturelles, gr\u00e8ves ou \u00e9v\u00e9nements similaires pouvant emp\u00eacher l&rsquo;acc\u00e8s au site.<\/p>\n\n\n\n<p><strong>Le groupe KBV<\/strong>&nbsp;n&rsquo;offre aucune garantie et ne saurait \u00eatre tenu responsable, en aucune circonstance, des dommages de quelque nature que ce soit pouvant r\u00e9sulter de l&rsquo;indisponibilit\u00e9, de la maintenance ou du dysfonctionnement du site web, de ses services ou de son contenu&nbsp;; de la pr\u00e9sence de virus ou de programmes malveillants ou nuisibles dans le contenu&nbsp;; de l&rsquo;utilisation illicite, n\u00e9gligente, frauduleuse ou contraire aux pr\u00e9sentes mentions l\u00e9gales et conditions d&rsquo;utilisation&nbsp;; ou du manque de l\u00e9galit\u00e9, de qualit\u00e9, de fiabilit\u00e9, d&rsquo;utilit\u00e9 et de disponibilit\u00e9 des services fournis par des tiers et mis \u00e0 la disposition des utilisateurs sur le site web.<\/p>\n\n\n\n<p>Le fournisseur n&rsquo;est en aucun cas responsable des dommages pouvant r\u00e9sulter d&rsquo;une utilisation ill\u00e9gale ou inappropri\u00e9e de ce site web.<\/p>\n\n\n\n<p><strong>4. COOKIES<\/strong><\/p>\n\n\n\n<p>Le site web du fournisseur peut utiliser des cookies (petits fichiers d&rsquo;information que le serveur envoie \u00e0 l&rsquo;ordinateur de l&rsquo;utilisateur acc\u00e9dant \u00e0 la page) pour assurer certaines fonctions essentielles au bon fonctionnement et \u00e0 l&rsquo;affichage du site. Les cookies utilis\u00e9s sont, dans tous les cas, temporaires et ont pour seul but d&rsquo;optimiser la navigation. Certains sont supprim\u00e9s \u00e0 la fin de la session de l&rsquo;utilisateur, tandis que d&rsquo;autres sont conserv\u00e9s pendant la dur\u00e9e d\u00e9finie par la politique relative aux cookies. En aucun cas, les cookies ne seront utilis\u00e9s pour collecter des informations personnelles sans votre consentement pr\u00e9alable. Pour plus d&rsquo;informations, veuillez consulter notre\u00a0<a href=\"https:\/\/kbv-group.com\/fr\/politique-en-matiere-de-cookies\/\" type=\"page\" id=\"2064\">Politique relative aux cookies \u2013 KBV<\/a>\u00a0.<\/p>\n\n\n\n<p><strong>5.&nbsp;<em>LIENS<\/em><\/strong><\/p>\n\n\n\n<p>Depuis ce site web, vous pouvez \u00eatre redirig\u00e9 vers du contenu sponsoris\u00e9, des publicit\u00e9s et\/ou des liens d&rsquo;affiliation et\/ou des sites web tiers.<\/p>\n\n\n\n<p>Les liens fournis peuvent contenir des informations ou des r\u00e9f\u00e9rences \u00e0 des produits et\/ou services de tiers. N&rsquo;ayant aucun contr\u00f4le sur le contenu publi\u00e9 par ces tiers,&nbsp;<strong>le groupe KBV<\/strong>&nbsp;d\u00e9cline toute responsabilit\u00e9 quant \u00e0 ce contenu et ne garantit ni l&rsquo;exp\u00e9rience utilisateur, ni l&rsquo;int\u00e9grit\u00e9, ni la qualit\u00e9 de leurs produits. Le fournisseur s&rsquo;engage toutefois \u00e0 supprimer imm\u00e9diatement tout contenu susceptible d&rsquo;enfreindre le droit national ou international, les bonnes m\u0153urs ou l&rsquo;ordre public, ainsi qu&rsquo;\u00e0 supprimer imm\u00e9diatement la redirection vers ces sites web, et \u00e0 signaler le contenu en question aux autorit\u00e9s comp\u00e9tentes.<\/p>\n\n\n\n<p><strong>KBV Group<\/strong>&nbsp;maintiendra ces liens publi\u00e9s jusqu&rsquo;\u00e0 ce qu&rsquo;ils soient supprim\u00e9s ou suspendus par le fournisseur ou l&rsquo;annonceur, et ne sera pas responsable m\u00eame si ces publicit\u00e9s sont index\u00e9es par d&rsquo;autres moteurs de recherche en dehors de ce site web.<\/p>\n\n\n\n<p>Le prestataire de services d\u00e9cline toute responsabilit\u00e9 quant aux informations et contenus stock\u00e9s, notamment sur les forums, les espaces de discussion, les g\u00e9n\u00e9rateurs de blogs, les commentaires, les r\u00e9seaux sociaux ou tout autre support permettant \u00e0 des tiers de publier du contenu de mani\u00e8re ind\u00e9pendante sur son site web. Toutefois, conform\u00e9ment aux articles 11 et 16 de la loi espagnole relative aux services de la soci\u00e9t\u00e9 de l&rsquo;information et au commerce \u00e9lectronique (LSSICE), le prestataire se tient \u00e0 la disposition de tous les utilisateurs, autorit\u00e9s et forces de l&rsquo;ordre et collabore activement \u00e0 la suppression ou, le cas \u00e9ch\u00e9ant, au blocage de tout contenu susceptible d&rsquo;enfreindre la l\u00e9gislation nationale ou internationale, les droits des tiers ou l&rsquo;ordre public. Si un utilisateur estime qu&rsquo;un contenu peut relever de cette cat\u00e9gorie, il est pri\u00e9 d&rsquo;en informer imm\u00e9diatement l&rsquo;administrateur du site web.<\/p>\n\n\n\n<p>Toutefois,&nbsp;<strong>le groupe&nbsp;<\/strong><strong>KBV<\/strong>&nbsp;vous informe que toute relation contractuelle ou extracontractuelle que l&rsquo;utilisateur \u00e9tablit avec ces tiers, affili\u00e9s ou annonceurs par le biais du lien fourni par ce site web sera valable uniquement et exclusivement entre l&rsquo;utilisateur et l&rsquo;annonceur et\/ou le tiers, et&nbsp;<strong>le groupe KBV<\/strong>&nbsp;n&rsquo;aura aucune responsabilit\u00e9 pour les dommages ou pertes pouvant \u00eatre caus\u00e9s par la fourniture de services et\/ou les relations contractuelles ou extracontractuelles \u00e9tablies entre l&rsquo;utilisateur et les annonceurs ou tiers contact\u00e9s par le biais de ce portail, \u00e9tant donn\u00e9 que le fournisseur n&rsquo;agit qu&rsquo;en tant qu&rsquo;interm\u00e9diaire ou support publicitaire.<strong><\/strong><strong><\/strong><\/p>\n\n\n\n<p><strong>6. PROTECTION DES DONN\u00c9ES PERSONNELLES<\/strong><\/p>\n\n\n\n<p>Le prestataire de services s&rsquo;engage pleinement \u00e0 respecter la r\u00e9glementation en mati\u00e8re de protection des donn\u00e9es personnelles et garantit le respect int\u00e9gral de toutes les obligations applicables, ainsi que la mise en \u0153uvre des mesures de s\u00e9curit\u00e9 pr\u00e9vues par le R\u00e8glement g\u00e9n\u00e9ral europ\u00e9en sur la protection des donn\u00e9es (RGPD) et la l\u00e9gislation espagnole en mati\u00e8re de protection des donn\u00e9es. Pour plus d&rsquo;informations, veuillez consulter notre\u00a0<a href=\"https:\/\/kbv-group.com\/fr\/politique-de-confidentialite\/\" type=\"page\" id=\"2186\">Politique de confidentialit\u00e9 \u2013 KBV<\/a>\u00a0.<\/p>\n\n\n\n<p><strong>7. PROPRI\u00c9T\u00c9 INTELLECTUELLE ET INDUSTRIELLE<\/strong><\/p>\n\n\n\n<p>Le site web, y compris, mais sans s&rsquo;y limiter&nbsp;: la programmation, l&rsquo;\u00e9dition, la compilation et tous les autres \u00e9l\u00e9ments n\u00e9cessaires \u00e0 son fonctionnement, les designs, les logos, les textes et\/ou les graphismes, sont la propri\u00e9t\u00e9 du fournisseur.<\/p>\n\n\n\n<p>Les photographies pr\u00e9sentes sur ce site web sont la propri\u00e9t\u00e9 du fournisseur&nbsp;<a>et\/ou, le cas \u00e9ch\u00e9ant, sont utilis\u00e9es avec l&rsquo;autorisation expresse de leurs propri\u00e9taires respectifs<\/a>&nbsp;.&nbsp;<a>Le site web inclut \u00e9galement des images libres de droits.<\/a><\/p>\n\n\n\n<p>L&rsquo;ensemble du contenu de ce site web est d\u00fbment prot\u00e9g\u00e9 par les r\u00e9glementations relatives \u00e0 la propri\u00e9t\u00e9 intellectuelle et industrielle.<\/p>\n\n\n\n<p>Quelle que soit leur finalit\u00e9, la reproduction, l&rsquo;utilisation, la distribution et la communication publique de ces documents, en tout ou en partie, n\u00e9cessitent l&rsquo;autorisation \u00e9crite pr\u00e9alable du fournisseur. Toute utilisation non autoris\u00e9e par ce dernier sera consid\u00e9r\u00e9e comme une violation grave des droits de propri\u00e9t\u00e9 intellectuelle ou industrielle de l&rsquo;auteur.<\/p>\n\n\n\n<p>Les designs, logos, textes et\/ou \u00e9l\u00e9ments graphiques appartenant \u00e0 des tiers et susceptibles d&rsquo;appara\u00eetre sur le site web sont la propri\u00e9t\u00e9 de leurs d\u00e9tenteurs respectifs, qui sont seuls responsables de tout litige pouvant survenir \u00e0 leur sujet. Le fournisseur a toutefois obtenu l&rsquo;autorisation expresse et pr\u00e9alable desdits d\u00e9tenteurs.<\/p>\n\n\n\n<p>Le fournisseur reconna\u00eet les droits de propri\u00e9t\u00e9 industrielle et intellectuelle correspondants de leurs propri\u00e9taires, et la mention ou l&rsquo;apparition de ces droits sur le site web n&rsquo;implique ni l&rsquo;existence de droits ou de responsabilit\u00e9s du fournisseur \u00e0 leur \u00e9gard, ni une approbation, un parrainage ou une recommandation de sa part.<\/p>\n\n\n\n<p>Pour signaler toute violation potentielle des droits de propri\u00e9t\u00e9 intellectuelle ou industrielle, ou tout probl\u00e8me relatif au contenu du site web, veuillez utiliser l&rsquo;adresse \u00e9lectronique indiqu\u00e9e ci-dessus.<\/p>\n\n\n\n<p><strong>8. DROIT APPLICABLE ET JURIDICTION<\/strong><\/p>\n\n\n\n<p>Pour le r\u00e8glement des litiges ou questions relatifs \u00e0 ce site web ou aux activit\u00e9s qui y sont men\u00e9es, la l\u00e9gislation espagnole sera applicable, \u00e0 laquelle les parties se soumettent express\u00e9ment, et les tribunaux de Madrid seront comp\u00e9tents pour r\u00e9gler tous les conflits d\u00e9coulant de son utilisation ou s&rsquo;y rapportant.<\/p>\n\n\n\n<p>Mentions l\u00e9gales pr\u00e9par\u00e9es et valid\u00e9es par&nbsp;<strong>PymeLegal, SL<\/strong>&nbsp;\u2013&nbsp;<a href=\"http:\/\/www.pymelegal.es\/\">www.pymelegal.es<\/a><\/p>\n<\/div>\n<\/div>\n","protected":false},"excerpt":{"rendered":"<p>Avis juridique Conform\u00e9ment \u00e0 l&rsquo;article 10 de la loi 34\/2002 relative aux services de la soci\u00e9t\u00e9 de l&rsquo;information et au commerce \u00e9lectronique, nous informons les utilisateurs de nos coordonn\u00e9es&nbsp;: Nom de l&rsquo;entreprise :&nbsp;KITCHEN BATH VENTURES, SL&nbsp;avec NIF B67862938, si\u00e8ge social Calle Acanto, 22, 9\u00ba \u2013 4, 28045, Madrid et enregistr\u00e9e au Registre du Commerce de [&hellip;]<\/p>\n","protected":false},"author":1,"featured_media":0,"parent":0,"menu_order":0,"comment_status":"closed","ping_status":"closed","template":"","meta":{"footnotes":""},"class_list":["post-2060","page","type-page","status-publish","hentry"],"yoast_head":"<!-- This site is optimized with the Yoast SEO plugin v27.3 - https:\/\/yoast.com\/product\/yoast-seo-wordpress\/ -->\n<title>Avis juridique - KBV<\/title>\n<meta name=\"robots\" content=\"index, follow, max-snippet:-1, max-image-preview:large, max-video-preview:-1\" \/>\n<link rel=\"canonical\" href=\"https:\/\/kbv-group.com\/fr\/avis-juridique\/\" \/>\n<meta property=\"og:locale\" content=\"fr_FR\" \/>\n<meta property=\"og:type\" content=\"article\" \/>\n<meta property=\"og:title\" content=\"Avis juridique - KBV\" \/>\n<meta property=\"og:description\" content=\"Avis juridique Conform\u00e9ment \u00e0 l&rsquo;article 10 de la loi 34\/2002 relative aux services de la soci\u00e9t\u00e9 de l&rsquo;information et au commerce \u00e9lectronique, nous informons les utilisateurs de nos coordonn\u00e9es&nbsp;: Nom de l&rsquo;entreprise :&nbsp;KITCHEN BATH VENTURES, SL&nbsp;avec NIF B67862938, si\u00e8ge social Calle Acanto, 22, 9\u00ba \u2013 4, 28045, Madrid et enregistr\u00e9e au Registre du Commerce de [&hellip;]\" \/>\n<meta property=\"og:url\" content=\"https:\/\/kbv-group.com\/fr\/avis-juridique\/\" \/>\n<meta property=\"og:site_name\" content=\"KBV\" \/>\n<meta property=\"article:modified_time\" content=\"2026-05-13T19:07:05+00:00\" \/>\n<meta name=\"twitter:card\" content=\"summary_large_image\" \/>\n<meta name=\"twitter:label1\" content=\"Dur\u00e9e de lecture estim\u00e9e\" \/>\n\t<meta name=\"twitter:data1\" content=\"10 minutes\" \/>\n<script type=\"application\/ld+json\" class=\"yoast-schema-graph\">{\"@context\":\"https:\\\/\\\/schema.org\",\"@graph\":[{\"@type\":\"WebPage\",\"@id\":\"https:\\\/\\\/kbv-group.com\\\/fr\\\/avis-juridique\\\/\",\"url\":\"https:\\\/\\\/kbv-group.com\\\/fr\\\/avis-juridique\\\/\",\"name\":\"Avis juridique - KBV\",\"isPartOf\":{\"@id\":\"https:\\\/\\\/kbv-group.com\\\/fr\\\/#website\"},\"datePublished\":\"2025-05-16T12:29:31+00:00\",\"dateModified\":\"2026-05-13T19:07:05+00:00\",\"breadcrumb\":{\"@id\":\"https:\\\/\\\/kbv-group.com\\\/fr\\\/avis-juridique\\\/#breadcrumb\"},\"inLanguage\":\"fr-FR\",\"potentialAction\":[{\"@type\":\"ReadAction\",\"target\":[\"https:\\\/\\\/kbv-group.com\\\/fr\\\/avis-juridique\\\/\"]}]},{\"@type\":\"BreadcrumbList\",\"@id\":\"https:\\\/\\\/kbv-group.com\\\/fr\\\/avis-juridique\\\/#breadcrumb\",\"itemListElement\":[{\"@type\":\"ListItem\",\"position\":1,\"name\":\"Page d'accueil\",\"item\":\"https:\\\/\\\/kbv-group.com\\\/fr\\\/\"},{\"@type\":\"ListItem\",\"position\":2,\"name\":\"Avis juridique\"}]},{\"@type\":\"WebSite\",\"@id\":\"https:\\\/\\\/kbv-group.com\\\/fr\\\/#website\",\"url\":\"https:\\\/\\\/kbv-group.com\\\/fr\\\/\",\"name\":\"KBV\",\"description\":\"\",\"publisher\":{\"@id\":\"https:\\\/\\\/kbv-group.com\\\/fr\\\/#organization\"},\"potentialAction\":[{\"@type\":\"SearchAction\",\"target\":{\"@type\":\"EntryPoint\",\"urlTemplate\":\"https:\\\/\\\/kbv-group.com\\\/fr\\\/?s={search_term_string}\"},\"query-input\":{\"@type\":\"PropertyValueSpecification\",\"valueRequired\":true,\"valueName\":\"search_term_string\"}}],\"inLanguage\":\"fr-FR\"},{\"@type\":\"Organization\",\"@id\":\"https:\\\/\\\/kbv-group.com\\\/fr\\\/#organization\",\"name\":\"KBV\",\"url\":\"https:\\\/\\\/kbv-group.com\\\/fr\\\/\",\"logo\":{\"@type\":\"ImageObject\",\"inLanguage\":\"fr-FR\",\"@id\":\"https:\\\/\\\/kbv-group.com\\\/fr\\\/#\\\/schema\\\/logo\\\/image\\\/\",\"url\":\"https:\\\/\\\/kbv-group.com\\\/wp-content\\\/uploads\\\/2025\\\/04\\\/imagen_2025-04-21_000546637.png\",\"contentUrl\":\"https:\\\/\\\/kbv-group.com\\\/wp-content\\\/uploads\\\/2025\\\/04\\\/imagen_2025-04-21_000546637.png\",\"width\":162,\"height\":82,\"caption\":\"KBV\"},\"image\":{\"@id\":\"https:\\\/\\\/kbv-group.com\\\/fr\\\/#\\\/schema\\\/logo\\\/image\\\/\"}}]}<\/script>\n<!-- \/ Yoast SEO plugin. -->","yoast_head_json":{"title":"Avis juridique - KBV","robots":{"index":"index","follow":"follow","max-snippet":"max-snippet:-1","max-image-preview":"max-image-preview:large","max-video-preview":"max-video-preview:-1"},"canonical":"https:\/\/kbv-group.com\/fr\/avis-juridique\/","og_locale":"fr_FR","og_type":"article","og_title":"Avis juridique - KBV","og_description":"Avis juridique Conform\u00e9ment \u00e0 l&rsquo;article 10 de la loi 34\/2002 relative aux services de la soci\u00e9t\u00e9 de l&rsquo;information et au commerce \u00e9lectronique, nous informons les utilisateurs de nos coordonn\u00e9es&nbsp;: Nom de l&rsquo;entreprise :&nbsp;KITCHEN BATH VENTURES, SL&nbsp;avec NIF B67862938, si\u00e8ge social Calle Acanto, 22, 9\u00ba \u2013 4, 28045, Madrid et enregistr\u00e9e au Registre du Commerce de [&hellip;]","og_url":"https:\/\/kbv-group.com\/fr\/avis-juridique\/","og_site_name":"KBV","article_modified_time":"2026-05-13T19:07:05+00:00","twitter_card":"summary_large_image","twitter_misc":{"Dur\u00e9e de lecture estim\u00e9e":"10 minutes"},"schema":{"@context":"https:\/\/schema.org","@graph":[{"@type":"WebPage","@id":"https:\/\/kbv-group.com\/fr\/avis-juridique\/","url":"https:\/\/kbv-group.com\/fr\/avis-juridique\/","name":"Avis juridique - KBV","isPartOf":{"@id":"https:\/\/kbv-group.com\/fr\/#website"},"datePublished":"2025-05-16T12:29:31+00:00","dateModified":"2026-05-13T19:07:05+00:00","breadcrumb":{"@id":"https:\/\/kbv-group.com\/fr\/avis-juridique\/#breadcrumb"},"inLanguage":"fr-FR","potentialAction":[{"@type":"ReadAction","target":["https:\/\/kbv-group.com\/fr\/avis-juridique\/"]}]},{"@type":"BreadcrumbList","@id":"https:\/\/kbv-group.com\/fr\/avis-juridique\/#breadcrumb","itemListElement":[{"@type":"ListItem","position":1,"name":"Page d'accueil","item":"https:\/\/kbv-group.com\/fr\/"},{"@type":"ListItem","position":2,"name":"Avis juridique"}]},{"@type":"WebSite","@id":"https:\/\/kbv-group.com\/fr\/#website","url":"https:\/\/kbv-group.com\/fr\/","name":"KBV","description":"","publisher":{"@id":"https:\/\/kbv-group.com\/fr\/#organization"},"potentialAction":[{"@type":"SearchAction","target":{"@type":"EntryPoint","urlTemplate":"https:\/\/kbv-group.com\/fr\/?s={search_term_string}"},"query-input":{"@type":"PropertyValueSpecification","valueRequired":true,"valueName":"search_term_string"}}],"inLanguage":"fr-FR"},{"@type":"Organization","@id":"https:\/\/kbv-group.com\/fr\/#organization","name":"KBV","url":"https:\/\/kbv-group.com\/fr\/","logo":{"@type":"ImageObject","inLanguage":"fr-FR","@id":"https:\/\/kbv-group.com\/fr\/#\/schema\/logo\/image\/","url":"https:\/\/kbv-group.com\/wp-content\/uploads\/2025\/04\/imagen_2025-04-21_000546637.png","contentUrl":"https:\/\/kbv-group.com\/wp-content\/uploads\/2025\/04\/imagen_2025-04-21_000546637.png","width":162,"height":82,"caption":"KBV"},"image":{"@id":"https:\/\/kbv-group.com\/fr\/#\/schema\/logo\/image\/"}}]}},"_links":{"self":[{"href":"https:\/\/kbv-group.com\/fr\/wp-json\/wp\/v2\/pages\/2060","targetHints":{"allow":["GET"]}}],"collection":[{"href":"https:\/\/kbv-group.com\/fr\/wp-json\/wp\/v2\/pages"}],"about":[{"href":"https:\/\/kbv-group.com\/fr\/wp-json\/wp\/v2\/types\/page"}],"author":[{"embeddable":true,"href":"https:\/\/kbv-group.com\/fr\/wp-json\/wp\/v2\/users\/1"}],"replies":[{"embeddable":true,"href":"https:\/\/kbv-group.com\/fr\/wp-json\/wp\/v2\/comments?post=2060"}],"version-history":[{"count":4,"href":"https:\/\/kbv-group.com\/fr\/wp-json\/wp\/v2\/pages\/2060\/revisions"}],"predecessor-version":[{"id":2707,"href":"https:\/\/kbv-group.com\/fr\/wp-json\/wp\/v2\/pages\/2060\/revisions\/2707"}],"wp:attachment":[{"href":"https:\/\/kbv-group.com\/fr\/wp-json\/wp\/v2\/media?parent=2060"}],"curies":[{"name":"wp","href":"https:\/\/api.w.org\/{rel}","templated":true}]}}