{"id":2064,"date":"2025-05-16T12:46:44","date_gmt":"2025-05-16T12:46:44","guid":{"rendered":"https:\/\/kbv-group.com\/politique-en-matiere-de-cookies\/"},"modified":"2026-05-13T19:43:01","modified_gmt":"2026-05-13T19:43:01","slug":"politique-en-matiere-de-cookies","status":"publish","type":"page","link":"https:\/\/kbv-group.com\/fr\/politique-en-matiere-de-cookies\/","title":{"rendered":"Politique en mati\u00e8re de cookies"},"content":{"rendered":"\n<div>\n<div class=\"gb-element-7f247b55\">\n<h1 class=\"wp-block-heading\">Politique en mati\u00e8re de cookies<\/h1>\n<\/div>\n\n\n\n<div class=\"gb-element-3e5754d1\">\n<p><strong>INTRODUCTION<\/strong><\/p>\n\n\n\n<p>Le site web&nbsp;<strong>du groupe KBV<\/strong>&nbsp;utilise ses propres cookies et ceux de tiers. Un cookie est un fichier t\u00e9l\u00e9charg\u00e9 sur votre ordinateur lorsque vous consultez certaines pages web. Les cookies permettent notamment \u00e0 un site web d&rsquo;assurer son bon fonctionnement, d&rsquo;offrir aux utilisateurs un acc\u00e8s plus rapide \u00e0 certains services, de stocker et de r\u00e9cup\u00e9rer des informations relatives \u00e0 leurs habitudes de navigation ou \u00e0 leur appareil, et m\u00eame, selon les informations qu&rsquo;ils contiennent et l&rsquo;utilisation de l&rsquo;appareil, de reconna\u00eetre l&rsquo;utilisateur. Les cookies sont associ\u00e9s uniquement \u00e0 un utilisateur anonyme et \u00e0 son ordinateur ou appareil et ne fournissent aucune information permettant d&rsquo;identifier ses donn\u00e9es personnelles, sauf autorisation expresse de sa part.<\/p>\n\n\n\n<p>Les utilisateurs peuvent, \u00e0 tout moment, accepter ou refuser les cookies non indispensables au bon fonctionnement du site web et \u00e0 l&rsquo;acc\u00e8s \u00e0 ses services, via le panneau de configuration des cookies disponible sur notre site. Ils peuvent \u00e9galement configurer leur navigateur \u00e0 tout moment sans que cela n&rsquo;affecte leur acc\u00e8s au contenu. Veuillez toutefois noter que le refus des cookies peut alt\u00e9rer les performances du site web.<\/p>\n\n\n\n<p><strong>COOKIES CONCERN\u00c9S PAR LA R\u00c9GLEMENTATION ET COOKIES EXEMPT\u00c9S<\/strong><\/p>\n\n\n\n<p>Conform\u00e9ment \u00e0 la directive europ\u00e9enne, les cookies qui requi\u00e8rent le consentement \u00e9clair\u00e9 de l&rsquo;utilisateur sont les cookies analytiques, publicitaires et d&rsquo;affiliation, \u00e0 l&rsquo;exception des cookies techniques et de ceux n\u00e9cessaires au fonctionnement du site web ou \u00e0 la fourniture des services express\u00e9ment demand\u00e9s par l&rsquo;utilisateur.<\/p>\n\n\n\n<p><strong>TYPE DE COOKIES<\/strong><\/p>\n\n\n\n<p>a) Selon l&rsquo;&nbsp;<strong>entit\u00e9 qui les g\u00e8re<\/strong>&nbsp;, il existe des cookies&nbsp;<strong>internes<\/strong>&nbsp;(ceux qui sont envoy\u00e9s \u00e0 l&rsquo;\u00e9quipement terminal de l&rsquo;utilisateur depuis un ordinateur ou un domaine g\u00e9r\u00e9 par l&rsquo;\u00e9diteur lui-m\u00eame et \u00e0 partir duquel le service demand\u00e9 par l&rsquo;utilisateur est fourni) et&nbsp;<strong>des cookies tiers<\/strong>&nbsp;(ceux qui sont envoy\u00e9s \u00e0 l&rsquo;\u00e9quipement terminal de l&rsquo;utilisateur depuis un ordinateur ou un domaine qui n&rsquo;est pas g\u00e9r\u00e9 par l&rsquo;\u00e9diteur, mais par une autre entit\u00e9 qui traite les donn\u00e9es obtenues par le biais des cookies).<\/p>\n\n\n\n<p>b) Selon&nbsp;<strong>leur dur\u00e9e de vie<\/strong>&nbsp;, il existe des cookies&nbsp;<strong>de session<\/strong>&nbsp;(con\u00e7us pour demander et stocker des donn\u00e9es pendant que l&rsquo;utilisateur acc\u00e8de \u00e0 une page Web) et des cookies&nbsp;<strong>persistants<\/strong>&nbsp;(dans lesquels les donn\u00e9es sont stock\u00e9es sur le terminal et peuvent \u00eatre consult\u00e9es et trait\u00e9es pendant une p\u00e9riode d\u00e9finie par le propri\u00e9taire du cookie, qui peut aller de quelques minutes \u00e0 plusieurs ann\u00e9es).<\/p>\n\n\n\n<p>c) Selon la&nbsp;<strong>finalit\u00e9<\/strong>&nbsp;du traitement des informations collect\u00e9es, il peut s&rsquo;agir de&nbsp;:<\/p>\n\n\n\n<p>\u2013&nbsp;<strong>Cookies techniques<\/strong>&nbsp;(n\u00e9cessaires \u00e0 l\u2019utilisation du site web et \u00e0 la fourniture du service contract\u00e9).<\/p>\n\n\n\n<p><strong>\u2013 Cookies de personnalisation<\/strong>&nbsp;(qui permettent \u00e0 l\u2019utilisateur d\u2019acc\u00e9der au service avec des caract\u00e9ristiques pr\u00e9d\u00e9finies, telles que la langue, le type de navigateur, les param\u00e8tres r\u00e9gionaux, etc.).<\/p>\n\n\n\n<p>\u2013 &nbsp;&nbsp;<strong>Cookies analytiques<\/strong>&nbsp;(collectent des informations sur l\u2019utilisation du site web).<\/p>\n\n\n\n<p>\u2013&nbsp;<strong>Cookies publicitaires<\/strong>&nbsp;(collectent des informations sur les pr\u00e9f\u00e9rences et les choix personnels des utilisateurs).<\/p>\n\n\n\n<p>\u2013&nbsp;<strong>Cookies d\u2019affiliation<\/strong>&nbsp;(permettent de suivre les visites provenant d\u2019autres sites web avec lesquels le site web \u00e9tablit un accord d\u2019affiliation).<\/p>\n\n\n\n<p><strong>TYPES DE COOKIES UTILIS\u00c9S SUR CE SITE WEB<\/strong><\/p>\n\n\n\n<figure class=\"wp-block-table\"><table class=\"has-fixed-layout\"><tbody><tr><td><strong>Nom<\/strong><\/td><td><strong>But<\/strong><\/td><td><strong>Expiration<\/strong><\/td><td><strong>Fournisseur<\/strong><\/td><\/tr><tr><td>wordpress_connect\u00e9_*<\/td><td>Il maintient la session de l&rsquo;utilisateur authentifi\u00e9 sur la plateforme.<\/td><td>Session<\/td><td>Propre<\/td><\/tr><tr><td>wordpress_sec_*<\/td><td>Cookie de s\u00e9curit\u00e9 pour prot\u00e9ger les donn\u00e9es de session contre les attaques.<\/td><td>Session<\/td><td>Propre<\/td><\/tr><tr><td>wp-wpml_langue_actuelle<\/td><td>Enregistre les param\u00e8tres de langue s\u00e9lectionn\u00e9s par l&rsquo;utilisateur.<\/td><td>1 jour<\/td><td>Propri\u00e9taire (WPML)<\/td><\/tr><tr><td>wp-settings-* \/ wp-settings-time-*<\/td><td>Personnalisation de l&rsquo;interface et configuration du panneau utilisateur.<\/td><td>1 an<\/td><td>Propre<\/td><\/tr><tr><td>AMCV_* \/ Identit\u00e9 Adobe<\/td><td>Identification unique des visiteurs \u00e0 des fins de suivi et de performance.<\/td><td>1 \u00e0 2 ans<\/td><td>Adobe \/ Cloudflare<\/td><\/tr><tr><td>wordpress_test_cookie<\/td><td>V\u00e9rifiez si le navigateur de l&rsquo;utilisateur autorise l&rsquo;utilisation des cookies.<\/td><td>Session<\/td><td>Propre<\/td><\/tr><\/tbody><\/table><\/figure>\n\n\n\n<p><a>Lors de votre navigation sur notre site web, des cookies provenant de nos r\u00e9seaux sociaux peuvent \u00eatre enregistr\u00e9s dans votre navigateur. Vous trouverez ci-dessous des liens vers des informations concernant les cookies des r\u00e9seaux sociaux que nous utilisons sur ce site&nbsp;:<\/a><\/p>\n\n\n\n<ul class=\"wp-block-list\">\n<li>LinkedIn utilise des cookies\u00a0; pour en savoir plus, consultez leur\u00a0<a href=\"https:\/\/www.linkedin.com\/legal\/cookie-policy?_l=es_ES\">politique en mati\u00e8re de cookies.<\/a><\/li>\n<\/ul>\n\n\n\n<p><strong>R\u00c9VOCATION<\/strong><\/p>\n\n\n\n<p>Vous pouvez \u00e0 tout moment acc\u00e9der aux param\u00e8tres de votre navigateur pour accepter ou refuser tous les cookies, ou s\u00e9lectionner les cookies autoris\u00e9s et ceux interdits, en suivant l&rsquo;une des proc\u00e9dures ci-dessous, selon le navigateur que vous utilisez&nbsp;:<\/p>\n\n\n\n<p><strong>Google Chrome<\/strong>&nbsp;(dans le menu Outils)&nbsp;:<\/p>\n\n\n\n<p>Param\u00e8tres &gt; Afficher les options avanc\u00e9es &gt; Confidentialit\u00e9 (Param\u00e8tres de contenu) &gt; Cookies&nbsp;:https:\/\/support.google.com\/chrome\/answer\/95647?co=GENIE.Platform%3DDesktop&amp;hl=es<\/p>\n\n\n\n<p><strong>Microsoft Edge<\/strong>&nbsp;&nbsp;(dans le menu Param\u00e8tres)&nbsp;:<\/p>\n\n\n\n<p>Param\u00e8tres &gt; Cookies et autorisations du site&nbsp;:<\/p>\n\n\n\n<p><a href=\"edge:\/\/settings\/content\/cookies\">edge:\/\/settings\/content\/cookies<\/a><\/p>\n\n\n\n<p><strong>Firefox :<\/strong><\/p>\n\n\n\n<p>Options &gt; Confidentialit\u00e9 &gt; Cookies&nbsp;:https:\/\/support.mozilla.org\/es\/kb\/habilitar-y-deshabilitar-cookies-sitios-web-rastrear-preferencias<\/p>\n\n\n\n<p><strong>Safari, iPad et iPhone&nbsp;:<\/strong><\/p>\n\n\n\n<p>Pr\u00e9f\u00e9rences &gt; Confidentialit\u00e9https:\/\/support.apple.com\/kb\/ph21411?locale=es_ES<\/p>\n\n\n\n<p><strong>Op\u00e9ra:<\/strong><\/p>\n\n\n\n<p>Param\u00e8tres &gt; Options &gt; Avanc\u00e9 &gt; Cookies<\/p>\n\n\n\n<p>http:\/\/help.opera.com\/Windows\/12.00\/es-ES\/cookies.html<\/p>\n\n\n\n<p>Ces navigateurs \u00e9tant susceptibles d&rsquo;\u00e9voluer, nous ne pouvons garantir l&rsquo;exactitude de ces instructions pour votre version. Il est \u00e9galement possible que vous utilisiez un navigateur diff\u00e9rent, non mentionn\u00e9 ici, comme Konqueror, Arora, Flock, etc. Pour \u00e9viter ces incoh\u00e9rences, vous pouvez acc\u00e9der directement aux param\u00e8tres via les options de votre navigateur, g\u00e9n\u00e9ralement accessibles dans le menu \u00ab&nbsp;Options&nbsp;\u00bb, sous la rubrique \u00ab&nbsp;Confidentialit\u00e9&nbsp;\u00bb (consultez l&rsquo;aide de votre navigateur pour plus d&rsquo;informations).<\/p>\n\n\n\n<p><strong>MODIFICATIONS APPORT\u00c9ES \u00c0 LA PR\u00c9SENTE POLITIQUE RELATIVE AUX COOKIES<\/strong><\/p>\n\n\n\n<p><strong>Le groupe KBV<\/strong>&nbsp;se r\u00e9serve le droit de modifier cette politique afin de l&rsquo;adapter \u00e0 la nouvelle l\u00e9gislation ou \u00e0 la jurisprudence.<\/p>\n\n\n\n<p><strong>D\u00c9SACTIVATION \/ ACTIVATION ET SUPPRESSION DES COOKIES<\/strong><\/p>\n\n\n\n<p>Pour restreindre ou bloquer les cookies, vous pouvez le faire via les param\u00e8tres de votre navigateur.<\/p>\n\n\n\n<p>Si vous ne souhaitez pas que les sites web d\u00e9posent des cookies sur votre ordinateur, vous pouvez configurer votre navigateur pour qu&rsquo;il vous avertisse avant tout d\u00e9p\u00f4t. Vous pouvez \u00e9galement configurer votre navigateur pour qu&rsquo;il refuse tous les cookies, ou uniquement les cookies tiers. Vous pouvez aussi supprimer les cookies d\u00e9j\u00e0 pr\u00e9sents sur votre ordinateur. N&rsquo;oubliez pas que vous devrez effectuer ces r\u00e9glages s\u00e9par\u00e9ment pour chaque navigateur et appareil utilis\u00e9.<\/p>\n\n\n\n<p>Veuillez noter que si vous refusez les cookies, nous ne pouvons plus garantir le bon fonctionnement de notre site web. Certaines fonctionnalit\u00e9s pourraient \u00eatre indisponibles et vous pourriez ne plus pouvoir consulter certaines pages. Par ailleurs, refuser les cookies ne signifie pas que vous ne verrez plus de publicit\u00e9s. Cela signifie simplement que les publicit\u00e9s ne seront pas personnalis\u00e9es en fonction de vos centres d&rsquo;int\u00e9r\u00eat et qu&rsquo;elles seront affich\u00e9es plus fr\u00e9quemment.<\/p>\n\n\n\n<p>Chaque navigateur poss\u00e8de sa propre m\u00e9thode pour ajuster ses param\u00e8tres. Si n\u00e9cessaire, consultez l&rsquo;aide de votre navigateur pour configurer les param\u00e8tres appropri\u00e9s.<\/p>\n\n\n\n<p>Pour d\u00e9sactiver les cookies sur votre t\u00e9l\u00e9phone portable, veuillez consulter le manuel de votre appareil pour plus d&rsquo;informations.<\/p>\n\n\n\n<p>Vous trouverez plus d&rsquo;informations sur les cookies en ligne&nbsp;<a href=\"http:\/\/www.aboutcookies.org\/\">\u00e0 l&rsquo;adresse http:\/\/www.aboutcookies.org\/<\/a>&nbsp;.<\/p>\n\n\n\n<p>Compte tenu du fonctionnement d&rsquo;Internet et des sites web, nous ne disposons pas toujours d&rsquo;informations concernant les cookies d\u00e9pos\u00e9s par des tiers via notre site. Cela est particuli\u00e8rement vrai lorsque le site contient des \u00e9l\u00e9ments int\u00e9gr\u00e9s&nbsp;: textes, documents, images ou courtes vid\u00e9os h\u00e9berg\u00e9s ailleurs mais affich\u00e9s sur ou via notre site.<\/p>\n\n\n\n<p>Par cons\u00e9quent, si vous rencontrez sur ce site web des cookies non mentionn\u00e9s ci-dessus, veuillez nous en informer. Vous pouvez \u00e9galement contacter directement le tiers concern\u00e9 pour obtenir des informations sur les cookies qu&rsquo;il d\u00e9pose, leur finalit\u00e9, leur dur\u00e9e de conservation et les mesures mises en place pour garantir la protection de vos donn\u00e9es personnelles.<\/p>\n\n\n\n<p><strong>INFORMATIONS RELATIVES AU TRAITEMENT DES DONN\u00c9ES PERSONNELLES (ART. 13 RGPD)<\/strong><\/p>\n\n\n\n<p><strong>Qui est responsable du traitement de vos donn\u00e9es personnelles ?<\/strong><\/p>\n\n\n\n<p><strong>Le groupe KBV<\/strong>&nbsp;est responsable du traitement des donn\u00e9es personnelles que vous nous fournissez, et son adresse \u00e9lectronique de contact est dpd@kbv-group.com.<strong><\/strong><\/p>\n\n\n\n<p><strong>\u00c0 quoi servent vos donn\u00e9es personnelles ?<\/strong><\/p>\n\n\n\n<p>Les informations recueillies par le biais des cookies internes (cookies de session et cookies de saisie utilisateur) sont g\u00e9n\u00e9ralement utilis\u00e9es pour suivre les actions de l&rsquo;utilisateur lorsqu&rsquo;il remplit des formulaires en ligne sur plusieurs pages, ou comme un panier d&rsquo;achat pour garder une trace des articles que l&rsquo;utilisateur a s\u00e9lectionn\u00e9s en cliquant sur un bouton, ou pour personnaliser l&rsquo;interface utilisateur lors de la visite du site Web.<\/p>\n\n\n\n<p>Les informations recueillies par le biais des cookies tiers sont les suivantes&nbsp;:&nbsp;<\/p>\n\n\n\n<ul class=\"wp-block-list\">\n<li>Les cookies analytiques sont utilis\u00e9s pour analyser vos habitudes de navigation afin d&rsquo;am\u00e9liorer les services fournis\u00a0;<\/li>\n\n\n\n<li>Les cookies comportementaux sont utilis\u00e9s pour collecter des informations sur les pr\u00e9f\u00e9rences des utilisateurs afin de g\u00e9rer les espaces publicitaires le plus efficacement possible ;<\/li>\n\n\n\n<li>Les cookies publicitaires sont utilis\u00e9s pour mesurer les performances des publicit\u00e9s et fournir des recommandations de produits bas\u00e9es sur des donn\u00e9es statistiques.<\/li>\n<\/ul>\n\n\n\n<p>Pour savoir pr\u00e9cis\u00e9ment comment les cookies sont utilis\u00e9s, veuillez consulter le tableau relatif \u00e0 l&rsquo;utilisation des cookies sur ce site web.<\/p>\n\n\n\n<p><strong>Quel est le fondement juridique du traitement de vos donn\u00e9es personnelles&nbsp;?<\/strong><\/p>\n\n\n\n<p>La base juridique du traitement de vos donn\u00e9es personnelles est votre consentement, donn\u00e9 lorsque vous nous contactez, pour l&rsquo;utilisation des cookies analytiques, comportementaux et publicitaires&nbsp;; pour les cookies de session ou de personnalisation, la base juridique du traitement est l&rsquo;int\u00e9r\u00eat l\u00e9gitime du fournisseur (responsable du traitement).<\/p>\n\n\n\n<p><strong>Avec qui partageons-nous vos donn\u00e9es ?<\/strong><\/p>\n\n\n\n<p>Les donn\u00e9es ne seront ni transf\u00e9r\u00e9es ni communiqu\u00e9es \u00e0 des tiers, sauf obligation l\u00e9gale ou aux tiers indiqu\u00e9s dans le cas de l&rsquo;utilisation de cookies g\u00e9r\u00e9s par ces derniers.<\/p>\n\n\n\n<p><strong>Quelle est la dur\u00e9e de conservation de vos donn\u00e9es&nbsp;?<\/strong><\/p>\n\n\n\n<p>La dur\u00e9e de conservation des donn\u00e9es collect\u00e9es est indiqu\u00e9e dans le tableau relatif \u00e0 l&rsquo;utilisation des cookies sur ce site web.<\/p>\n\n\n\n<p><strong>Quels sont vos droits ?<\/strong><\/p>\n\n\n\n<p>Les droits qui prot\u00e8gent l\u2019utilisateur sont ceux de l\u2019acc\u00e8s, de la rectification, de l\u2019effacement, de la portabilit\u00e9 de ceux-ci, du retrait du consentement (sans que cela n\u2019affecte la lic\u00e9it\u00e9 du traitement accord\u00e9 avant son retrait), de l\u2019opposition au traitement, de la limitation (dans certaines circonstances) et du droit d\u2019introduire une r\u00e9clamation aupr\u00e8s de l\u2019autorit\u00e9 de contr\u00f4le (l\u2019Agence espagnole de protection des donn\u00e9es,&nbsp;<a href=\"http:\/\/www.aepd.es\/\">www.aepd.es<\/a>&nbsp;).<\/p>\n<\/div>\n<\/div>\n","protected":false},"excerpt":{"rendered":"<p>Politique en mati\u00e8re de cookies INTRODUCTION Le site web&nbsp;du groupe KBV&nbsp;utilise ses propres cookies et ceux de tiers. Un cookie est un fichier t\u00e9l\u00e9charg\u00e9 sur votre ordinateur lorsque vous consultez certaines pages web. Les cookies permettent notamment \u00e0 un site web d&rsquo;assurer son bon fonctionnement, d&rsquo;offrir aux utilisateurs un acc\u00e8s plus rapide \u00e0 certains services, [&hellip;]<\/p>\n","protected":false},"author":1,"featured_media":0,"parent":0,"menu_order":0,"comment_status":"closed","ping_status":"closed","template":"","meta":{"footnotes":""},"class_list":["post-2064","page","type-page","status-publish","hentry"],"yoast_head":"<!-- This site is optimized with the Yoast SEO plugin v27.3 - https:\/\/yoast.com\/product\/yoast-seo-wordpress\/ -->\n<title>Politique en mati\u00e8re de cookies - KBV<\/title>\n<meta name=\"robots\" content=\"index, follow, max-snippet:-1, max-image-preview:large, max-video-preview:-1\" \/>\n<link rel=\"canonical\" href=\"https:\/\/kbv-group.com\/fr\/politique-en-matiere-de-cookies\/\" \/>\n<meta property=\"og:locale\" content=\"fr_FR\" \/>\n<meta property=\"og:type\" content=\"article\" \/>\n<meta property=\"og:title\" content=\"Politique en mati\u00e8re de cookies - KBV\" \/>\n<meta property=\"og:description\" content=\"Politique en mati\u00e8re de cookies INTRODUCTION Le site web&nbsp;du groupe KBV&nbsp;utilise ses propres cookies et ceux de tiers. Un cookie est un fichier t\u00e9l\u00e9charg\u00e9 sur votre ordinateur lorsque vous consultez certaines pages web. Les cookies permettent notamment \u00e0 un site web d&rsquo;assurer son bon fonctionnement, d&rsquo;offrir aux utilisateurs un acc\u00e8s plus rapide \u00e0 certains services, [&hellip;]\" \/>\n<meta property=\"og:url\" content=\"https:\/\/kbv-group.com\/fr\/politique-en-matiere-de-cookies\/\" \/>\n<meta property=\"og:site_name\" content=\"KBV\" \/>\n<meta property=\"article:modified_time\" content=\"2026-05-13T19:43:01+00:00\" \/>\n<meta name=\"twitter:card\" content=\"summary_large_image\" \/>\n<meta name=\"twitter:label1\" content=\"Dur\u00e9e de lecture estim\u00e9e\" \/>\n\t<meta name=\"twitter:data1\" content=\"8 minutes\" \/>\n<script type=\"application\/ld+json\" class=\"yoast-schema-graph\">{\"@context\":\"https:\\\/\\\/schema.org\",\"@graph\":[{\"@type\":\"WebPage\",\"@id\":\"https:\\\/\\\/kbv-group.com\\\/fr\\\/politique-en-matiere-de-cookies\\\/\",\"url\":\"https:\\\/\\\/kbv-group.com\\\/fr\\\/politique-en-matiere-de-cookies\\\/\",\"name\":\"Politique en mati\u00e8re de cookies - KBV\",\"isPartOf\":{\"@id\":\"https:\\\/\\\/kbv-group.com\\\/fr\\\/#website\"},\"datePublished\":\"2025-05-16T12:46:44+00:00\",\"dateModified\":\"2026-05-13T19:43:01+00:00\",\"breadcrumb\":{\"@id\":\"https:\\\/\\\/kbv-group.com\\\/fr\\\/politique-en-matiere-de-cookies\\\/#breadcrumb\"},\"inLanguage\":\"fr-FR\",\"potentialAction\":[{\"@type\":\"ReadAction\",\"target\":[\"https:\\\/\\\/kbv-group.com\\\/fr\\\/politique-en-matiere-de-cookies\\\/\"]}]},{\"@type\":\"BreadcrumbList\",\"@id\":\"https:\\\/\\\/kbv-group.com\\\/fr\\\/politique-en-matiere-de-cookies\\\/#breadcrumb\",\"itemListElement\":[{\"@type\":\"ListItem\",\"position\":1,\"name\":\"Page d'accueil\",\"item\":\"https:\\\/\\\/kbv-group.com\\\/fr\\\/\"},{\"@type\":\"ListItem\",\"position\":2,\"name\":\"Politique en mati\u00e8re de cookies\"}]},{\"@type\":\"WebSite\",\"@id\":\"https:\\\/\\\/kbv-group.com\\\/fr\\\/#website\",\"url\":\"https:\\\/\\\/kbv-group.com\\\/fr\\\/\",\"name\":\"KBV\",\"description\":\"\",\"publisher\":{\"@id\":\"https:\\\/\\\/kbv-group.com\\\/fr\\\/#organization\"},\"potentialAction\":[{\"@type\":\"SearchAction\",\"target\":{\"@type\":\"EntryPoint\",\"urlTemplate\":\"https:\\\/\\\/kbv-group.com\\\/fr\\\/?s={search_term_string}\"},\"query-input\":{\"@type\":\"PropertyValueSpecification\",\"valueRequired\":true,\"valueName\":\"search_term_string\"}}],\"inLanguage\":\"fr-FR\"},{\"@type\":\"Organization\",\"@id\":\"https:\\\/\\\/kbv-group.com\\\/fr\\\/#organization\",\"name\":\"KBV\",\"url\":\"https:\\\/\\\/kbv-group.com\\\/fr\\\/\",\"logo\":{\"@type\":\"ImageObject\",\"inLanguage\":\"fr-FR\",\"@id\":\"https:\\\/\\\/kbv-group.com\\\/fr\\\/#\\\/schema\\\/logo\\\/image\\\/\",\"url\":\"https:\\\/\\\/kbv-group.com\\\/wp-content\\\/uploads\\\/2025\\\/04\\\/imagen_2025-04-21_000546637.png\",\"contentUrl\":\"https:\\\/\\\/kbv-group.com\\\/wp-content\\\/uploads\\\/2025\\\/04\\\/imagen_2025-04-21_000546637.png\",\"width\":162,\"height\":82,\"caption\":\"KBV\"},\"image\":{\"@id\":\"https:\\\/\\\/kbv-group.com\\\/fr\\\/#\\\/schema\\\/logo\\\/image\\\/\"}}]}<\/script>\n<!-- \/ Yoast SEO plugin. -->","yoast_head_json":{"title":"Politique en mati\u00e8re de cookies - KBV","robots":{"index":"index","follow":"follow","max-snippet":"max-snippet:-1","max-image-preview":"max-image-preview:large","max-video-preview":"max-video-preview:-1"},"canonical":"https:\/\/kbv-group.com\/fr\/politique-en-matiere-de-cookies\/","og_locale":"fr_FR","og_type":"article","og_title":"Politique en mati\u00e8re de cookies - KBV","og_description":"Politique en mati\u00e8re de cookies INTRODUCTION Le site web&nbsp;du groupe KBV&nbsp;utilise ses propres cookies et ceux de tiers. Un cookie est un fichier t\u00e9l\u00e9charg\u00e9 sur votre ordinateur lorsque vous consultez certaines pages web. Les cookies permettent notamment \u00e0 un site web d&rsquo;assurer son bon fonctionnement, d&rsquo;offrir aux utilisateurs un acc\u00e8s plus rapide \u00e0 certains services, [&hellip;]","og_url":"https:\/\/kbv-group.com\/fr\/politique-en-matiere-de-cookies\/","og_site_name":"KBV","article_modified_time":"2026-05-13T19:43:01+00:00","twitter_card":"summary_large_image","twitter_misc":{"Dur\u00e9e de lecture estim\u00e9e":"8 minutes"},"schema":{"@context":"https:\/\/schema.org","@graph":[{"@type":"WebPage","@id":"https:\/\/kbv-group.com\/fr\/politique-en-matiere-de-cookies\/","url":"https:\/\/kbv-group.com\/fr\/politique-en-matiere-de-cookies\/","name":"Politique en mati\u00e8re de cookies - KBV","isPartOf":{"@id":"https:\/\/kbv-group.com\/fr\/#website"},"datePublished":"2025-05-16T12:46:44+00:00","dateModified":"2026-05-13T19:43:01+00:00","breadcrumb":{"@id":"https:\/\/kbv-group.com\/fr\/politique-en-matiere-de-cookies\/#breadcrumb"},"inLanguage":"fr-FR","potentialAction":[{"@type":"ReadAction","target":["https:\/\/kbv-group.com\/fr\/politique-en-matiere-de-cookies\/"]}]},{"@type":"BreadcrumbList","@id":"https:\/\/kbv-group.com\/fr\/politique-en-matiere-de-cookies\/#breadcrumb","itemListElement":[{"@type":"ListItem","position":1,"name":"Page d'accueil","item":"https:\/\/kbv-group.com\/fr\/"},{"@type":"ListItem","position":2,"name":"Politique en mati\u00e8re de cookies"}]},{"@type":"WebSite","@id":"https:\/\/kbv-group.com\/fr\/#website","url":"https:\/\/kbv-group.com\/fr\/","name":"KBV","description":"","publisher":{"@id":"https:\/\/kbv-group.com\/fr\/#organization"},"potentialAction":[{"@type":"SearchAction","target":{"@type":"EntryPoint","urlTemplate":"https:\/\/kbv-group.com\/fr\/?s={search_term_string}"},"query-input":{"@type":"PropertyValueSpecification","valueRequired":true,"valueName":"search_term_string"}}],"inLanguage":"fr-FR"},{"@type":"Organization","@id":"https:\/\/kbv-group.com\/fr\/#organization","name":"KBV","url":"https:\/\/kbv-group.com\/fr\/","logo":{"@type":"ImageObject","inLanguage":"fr-FR","@id":"https:\/\/kbv-group.com\/fr\/#\/schema\/logo\/image\/","url":"https:\/\/kbv-group.com\/wp-content\/uploads\/2025\/04\/imagen_2025-04-21_000546637.png","contentUrl":"https:\/\/kbv-group.com\/wp-content\/uploads\/2025\/04\/imagen_2025-04-21_000546637.png","width":162,"height":82,"caption":"KBV"},"image":{"@id":"https:\/\/kbv-group.com\/fr\/#\/schema\/logo\/image\/"}}]}},"_links":{"self":[{"href":"https:\/\/kbv-group.com\/fr\/wp-json\/wp\/v2\/pages\/2064","targetHints":{"allow":["GET"]}}],"collection":[{"href":"https:\/\/kbv-group.com\/fr\/wp-json\/wp\/v2\/pages"}],"about":[{"href":"https:\/\/kbv-group.com\/fr\/wp-json\/wp\/v2\/types\/page"}],"author":[{"embeddable":true,"href":"https:\/\/kbv-group.com\/fr\/wp-json\/wp\/v2\/users\/1"}],"replies":[{"embeddable":true,"href":"https:\/\/kbv-group.com\/fr\/wp-json\/wp\/v2\/comments?post=2064"}],"version-history":[{"count":3,"href":"https:\/\/kbv-group.com\/fr\/wp-json\/wp\/v2\/pages\/2064\/revisions"}],"predecessor-version":[{"id":2724,"href":"https:\/\/kbv-group.com\/fr\/wp-json\/wp\/v2\/pages\/2064\/revisions\/2724"}],"wp:attachment":[{"href":"https:\/\/kbv-group.com\/fr\/wp-json\/wp\/v2\/media?parent=2064"}],"curies":[{"name":"wp","href":"https:\/\/api.w.org\/{rel}","templated":true}]}}