{"id":2068,"date":"2025-04-24T23:27:42","date_gmt":"2025-04-24T23:27:42","guid":{"rendered":"https:\/\/kbv-group.com\/actualites\/"},"modified":"2025-09-22T13:58:19","modified_gmt":"2025-09-22T13:58:19","slug":"actualites","status":"publish","type":"page","link":"https:\/\/kbv-group.com\/fr\/actualites\/","title":{"rendered":"Actualit\u00e9s"},"content":{"rendered":"\n<div class=\"gb-element-07c480d9\"><\/div>\n\n\n\n<div class=\"gb-element-594fda17\">\n<div class=\"gb-element-8d6c1e7f\">\n<p class=\"gb-text gb-text-33c90e21\">Actualit\u00e9s<\/p>\n\n\n\n<h1 class=\"gb-text gb-text-1cf68e43\">Innovation, gestion et excellence<\/h1>\n<\/div>\n<\/div>\n\n\n\n<div class=\"gb-element-de8a04e5\">\n<div class=\"gb-element-20846d64\"><div class=\"kbv-grid-news\"><div class=\"card-grid\">                <a href=\"https:\/\/kbv-group.com\/fr\/kbv-group-confirme-son-leadership-en-tant-que-fabricant-de-cuisines-n1-en-espagne\/\" class=\"card\">\n                                            <img decoding=\"async\" src=\"https:\/\/kbv-group.com\/wp-content\/uploads\/2026\/01\/Portada-KBV_web.jpg\" alt=\"KBV Group confirme son leadership en tant que fabricant de cuisines n\u00b01 en Espagne\">\n                                        <div class=\"card-content\">\n                        <div class=\"category-badge\">Actualit\u00e9s<\/div>                        <h2 class=\"card-title\">KBV Group confirme son leadership en tant que fabricant de cuisines n\u00b01 en Espagne<\/h2>\n                        <div class=\"card-date\">12 janvier, 2026<\/div>\n                    <\/div>\n                <\/a>\n                                <a href=\"https:\/\/kbv-group.com\/fr\/doca-muebles-recompensee-a-la-guangzhou-design-week\/\" class=\"card\">\n                                            <img decoding=\"async\" src=\"https:\/\/kbv-group.com\/wp-content\/uploads\/2026\/01\/1765545471232.jpg\" alt=\"DOCA Muebles r\u00e9compens\u00e9e \u00e0 la Guangzhou Design Week\">\n                                        <div class=\"card-content\">\n                        <div class=\"category-badge\">International<\/div>                        <h2 class=\"card-title\">DOCA Muebles r\u00e9compens\u00e9e \u00e0 la Guangzhou Design Week<\/h2>\n                        <div class=\"card-date\">12 d\u00e9cembre, 2025<\/div>\n                    <\/div>\n                <\/a>\n                                <a href=\"https:\/\/kbv-group.com\/fr\/kbv-group-devient-la-premiere-entreprise-espagnole-du-secteur-des-cuisines-a-obtenir-la-certification-b-corp\/\" class=\"card\">\n                                            <img decoding=\"async\" src=\"https:\/\/kbv-group.com\/wp-content\/uploads\/2025\/10\/KBV-equipo-KBV-B-Corp.jpg\" alt=\"KBV Group devient la premi\u00e8re entreprise espagnole du secteur des cuisines \u00e0 obtenir la certification B Corp\">\n                                        <div class=\"card-content\">\n                        <div class=\"category-badge\">Actualit\u00e9s<\/div>                        <h2 class=\"card-title\">KBV Group devient la premi\u00e8re entreprise espagnole du secteur des cuisines \u00e0 obtenir la certification B Corp<\/h2>\n                        <div class=\"card-date\">03 octobre, 2025<\/div>\n                    <\/div>\n                <\/a>\n                                <a href=\"https:\/\/kbv-group.com\/fr\/doca-presente-dans-expansion-exclusivite-et-design-sur-mesure\/\" class=\"card\">\n                                            <img decoding=\"async\" src=\"https:\/\/kbv-group.com\/wp-content\/uploads\/2025\/09\/Captura-de-pantalla-2025-09-19-134423.png\" alt=\"DOCA, pr\u00e9sente dans Expansi\u00f3n : exclusivit\u00e9 et design sur mesure\">\n                                        <div class=\"card-content\">\n                        <div class=\"category-badge\">Marque &amp; Tendances<\/div>                        <h2 class=\"card-title\">DOCA, pr\u00e9sente dans Expansi\u00f3n : exclusivit\u00e9 et design sur mesure<\/h2>\n                        <div class=\"card-date\">19 septembre, 2025<\/div>\n                    <\/div>\n                <\/a>\n                                <a href=\"https:\/\/kbv-group.com\/fr\/kbv-group-franchit-une-nouvelle-etape-dans-sa-strategie-de-croissance-sur-le-marche-chinois\/\" class=\"card\">\n                                            <img decoding=\"async\" src=\"https:\/\/kbv-group.com\/wp-content\/uploads\/2025\/08\/WhatsApp-Image-2025-07-01-at-06.34.23-1.jpeg\" alt=\"KBV Group franchit une nouvelle \u00e9tape dans sa strat\u00e9gie de croissance sur le march\u00e9 chinois.\">\n                                        <div class=\"card-content\">\n                        <div class=\"category-badge\">International<\/div>                        <h2 class=\"card-title\">KBV Group franchit une nouvelle \u00e9tape dans sa strat\u00e9gie de croissance sur le march\u00e9 chinois.<\/h2>\n                        <div class=\"card-date\">14 juillet, 2025<\/div>\n                    <\/div>\n                <\/a>\n                                <a href=\"https:\/\/kbv-group.com\/fr\/kbv-group-consolide-sa-presence-internationale-avec-un-accord-strategique-en-chine\/\" class=\"card\">\n                                            <img decoding=\"async\" src=\"https:\/\/kbv-group.com\/wp-content\/uploads\/2025\/07\/20250602_125635__.jpg\" alt=\"KBV Group consolide sa pr\u00e9sence internationale avec un accord strat\u00e9gique en Chine\">\n                                        <div class=\"card-content\">\n                        <div class=\"category-badge\">Actualit\u00e9s<\/div>                        <h2 class=\"card-title\">KBV Group consolide sa pr\u00e9sence internationale avec un accord strat\u00e9gique en Chine<\/h2>\n                        <div class=\"card-date\">02 juillet, 2025<\/div>\n                    <\/div>\n                <\/a>\n                                <a href=\"https:\/\/kbv-group.com\/fr\/le-groupe-kbv-renforce-ses-liens-internationaux-avec-une-importante-delegation-commerciale-chinoise\/\" class=\"card\">\n                                            <img decoding=\"async\" src=\"https:\/\/kbv-group.com\/wp-content\/uploads\/2025\/03\/soffice.bin_nSiK5QHIq8.png\" alt=\"Le groupe KBV renforce ses liens internationaux avec une importante d\u00e9l\u00e9gation commerciale chinoise\">\n                                        <div class=\"card-content\">\n                        <div class=\"category-badge\">International<\/div>                        <h2 class=\"card-title\">Le groupe KBV renforce ses liens internationaux avec une importante d\u00e9l\u00e9gation commerciale chinoise<\/h2>\n                        <div class=\"card-date\">04 mars, 2025<\/div>\n                    <\/div>\n                <\/a>\n                                <a href=\"https:\/\/kbv-group.com\/fr\/le-groupe-kbv-en-tete-du-classement-des-fabricants-de-cuisines-en-espagne-en-2023\/\" class=\"card\">\n                                            <img decoding=\"async\" src=\"https:\/\/kbv-group.com\/wp-content\/uploads\/2025\/05\/firefox_Y2USiQAMyr.png\" alt=\"Le groupe KBV en t\u00eate du classement des fabricants de cuisines en Espagne en 2023\">\n                                        <div class=\"card-content\">\n                        <div class=\"category-badge\">Actualit\u00e9s<\/div>                        <h2 class=\"card-title\">Le groupe KBV en t\u00eate du classement des fabricants de cuisines en Espagne en 2023<\/h2>\n                        <div class=\"card-date\">13 janvier, 2025<\/div>\n                    <\/div>\n                <\/a>\n                                <a href=\"https:\/\/kbv-group.com\/fr\/entretien-avec-luis-vicens-et-jose-luis-castells-fondateurs-de-doca-muebles\/\" class=\"card\">\n                                            <img decoding=\"async\" src=\"https:\/\/kbv-group.com\/wp-content\/uploads\/2025\/05\/firefox_IoKkwB0gNh.png\" alt=\"Entretien avec Luis Vicens et Jos\u00e9 Luis Castells, fondateurs de DOCA Muebles\">\n                                        <div class=\"card-content\">\n                        <div class=\"category-badge\">Marque &amp; Tendances<\/div>                        <h2 class=\"card-title\">Entretien avec Luis Vicens et Jos\u00e9 Luis Castells, fondateurs de DOCA Muebles<\/h2>\n                        <div class=\"card-date\">15 d\u00e9cembre, 2024<\/div>\n                    <\/div>\n                <\/a>\n                                <a href=\"https:\/\/kbv-group.com\/fr\/de-jeunes-talents-pour-ameliorer-lergonomie-dans-le-secteur-de-lameublement\/\" class=\"card\">\n                                            <img decoding=\"async\" src=\"https:\/\/kbv-group.com\/wp-content\/uploads\/2025\/05\/soffice.bin_EDqeON6ME5.png\" alt=\"De jeunes talents pour am\u00e9liorer l&rsquo;ergonomie dans le secteur de l&rsquo;ameublement\">\n                                        <div class=\"card-content\">\n                        <div class=\"category-badge\">Marque &amp; Tendances<\/div>                        <h2 class=\"card-title\">De jeunes talents pour am\u00e9liorer l&rsquo;ergonomie dans le secteur de l&rsquo;ameublement<\/h2>\n                        <div class=\"card-date\">15 octobre, 2024<\/div>\n                    <\/div>\n                <\/a>\n                                <a href=\"https:\/\/kbv-group.com\/fr\/le-groupe-kbv-dans-le-magazine-furniture-world\/\" class=\"card\">\n                                            <img decoding=\"async\" src=\"https:\/\/kbv-group.com\/wp-content\/uploads\/2025\/05\/soffice.bin_zAnwmJMWEy.png\" alt=\"Le groupe KBV dans le magazine Furniture World\">\n                                        <div class=\"card-content\">\n                        <div class=\"category-badge\">Marque &amp; Tendances<\/div>                        <h2 class=\"card-title\">Le groupe KBV dans le magazine Furniture World<\/h2>\n                        <div class=\"card-date\">26 septembre, 2024<\/div>\n                    <\/div>\n                <\/a>\n                                <a href=\"https:\/\/kbv-group.com\/fr\/le-groupe-kbv-rachete-doca-et-cree-le-leader-du-marche-des-meubles-de-cuisine-en-espagne\/\" class=\"card\">\n                                            <img decoding=\"async\" src=\"https:\/\/kbv-group.com\/wp-content\/uploads\/2025\/05\/soffice.bin_hBchTtsZCT.png\" alt=\"Le groupe KBV rach\u00e8te Doca et cr\u00e9e le leader du march\u00e9 des meubles de cuisine en Espagne\">\n                                        <div class=\"card-content\">\n                        <div class=\"category-badge\">Actualit\u00e9s<\/div>                        <h2 class=\"card-title\">Le groupe KBV rach\u00e8te Doca et cr\u00e9e le leader du march\u00e9 des meubles de cuisine en Espagne<\/h2>\n                        <div class=\"card-date\">16 avril, 2024<\/div>\n                    <\/div>\n                <\/a>\n                                <a href=\"https:\/\/kbv-group.com\/fr\/projet-de-developpement-durable-panneaux-solaires\/\" class=\"card\">\n                                            <img decoding=\"async\" src=\"https:\/\/kbv-group.com\/wp-content\/uploads\/2025\/05\/soffice.bin_vrMFy5wVVb.png\" alt=\"Projet de d\u00e9veloppement durable : panneaux solaires\">\n                                        <div class=\"card-content\">\n                        <div class=\"category-badge\">Actualit\u00e9s<\/div>                        <h2 class=\"card-title\">Projet de d\u00e9veloppement durable : panneaux solaires<\/h2>\n                        <div class=\"card-date\">04 juin, 2022<\/div>\n                    <\/div>\n                <\/a>\n                <\/div><\/div>\n\n\n\n<div class=\"gb-element-61f65830\">\n<a class=\"gb-element-b7345fa5\"><\/a>\n<\/div>\n<\/div>\n<\/div>\n\n\n\n<p><\/p>\n\n\n\n<div><\/div>\n","protected":false},"excerpt":{"rendered":"<p>Actualit\u00e9s Innovation, gestion et excellence<\/p>\n","protected":false},"author":1,"featured_media":0,"parent":0,"menu_order":0,"comment_status":"closed","ping_status":"closed","template":"","meta":{"footnotes":""},"class_list":["post-2068","page","type-page","status-publish","hentry"],"yoast_head":"<!-- This site is optimized with the Yoast SEO plugin v27.3 - https:\/\/yoast.com\/product\/yoast-seo-wordpress\/ -->\n<title>Nouvelles et mises \u00e0 jour du groupe- KBV<\/title>\n<meta name=\"description\" content=\"Tenez-vous au courant des derni\u00e8res nouvelles et mises \u00e0 jour du KBVGroup : \u00e9v\u00e9nements d&#039;entreprise, prix de l&#039;industrie et d\u00e9veloppements en mati\u00e8re d&#039;innovation et de durabilit\u00e9.\" \/>\n<meta name=\"robots\" content=\"index, follow, max-snippet:-1, max-image-preview:large, max-video-preview:-1\" \/>\n<link rel=\"canonical\" href=\"https:\/\/kbv-group.com\/fr\/actualites\/\" \/>\n<meta property=\"og:locale\" content=\"fr_FR\" \/>\n<meta property=\"og:type\" content=\"article\" \/>\n<meta property=\"og:title\" content=\"Nouvelles et mises \u00e0 jour du groupe- KBV\" \/>\n<meta property=\"og:description\" content=\"Tenez-vous au courant des derni\u00e8res nouvelles et mises \u00e0 jour du KBVGroup : \u00e9v\u00e9nements d&#039;entreprise, prix de l&#039;industrie et d\u00e9veloppements en mati\u00e8re d&#039;innovation et de durabilit\u00e9.\" \/>\n<meta property=\"og:url\" content=\"https:\/\/kbv-group.com\/fr\/actualites\/\" \/>\n<meta property=\"og:site_name\" content=\"KBV\" \/>\n<meta property=\"article:modified_time\" content=\"2025-09-22T13:58:19+00:00\" \/>\n<meta name=\"twitter:card\" content=\"summary_large_image\" \/>\n<meta name=\"twitter:label1\" content=\"Dur\u00e9e de lecture estim\u00e9e\" \/>\n\t<meta name=\"twitter:data1\" content=\"1 minute\" \/>\n<script type=\"application\/ld+json\" class=\"yoast-schema-graph\">{\"@context\":\"https:\\\/\\\/schema.org\",\"@graph\":[{\"@type\":\"WebPage\",\"@id\":\"https:\\\/\\\/kbv-group.com\\\/fr\\\/actualites\\\/\",\"url\":\"https:\\\/\\\/kbv-group.com\\\/fr\\\/actualites\\\/\",\"name\":\"Nouvelles et mises \u00e0 jour du groupe- KBV\",\"isPartOf\":{\"@id\":\"https:\\\/\\\/kbv-group.com\\\/fr\\\/#website\"},\"datePublished\":\"2025-04-24T23:27:42+00:00\",\"dateModified\":\"2025-09-22T13:58:19+00:00\",\"description\":\"Tenez-vous au courant des derni\u00e8res nouvelles et mises \u00e0 jour du KBVGroup : \u00e9v\u00e9nements d'entreprise, prix de l'industrie et d\u00e9veloppements en mati\u00e8re d'innovation et de durabilit\u00e9.\",\"breadcrumb\":{\"@id\":\"https:\\\/\\\/kbv-group.com\\\/fr\\\/actualites\\\/#breadcrumb\"},\"inLanguage\":\"fr-FR\",\"potentialAction\":[{\"@type\":\"ReadAction\",\"target\":[\"https:\\\/\\\/kbv-group.com\\\/fr\\\/actualites\\\/\"]}]},{\"@type\":\"BreadcrumbList\",\"@id\":\"https:\\\/\\\/kbv-group.com\\\/fr\\\/actualites\\\/#breadcrumb\",\"itemListElement\":[{\"@type\":\"ListItem\",\"position\":1,\"name\":\"Page d'accueil\",\"item\":\"https:\\\/\\\/kbv-group.com\\\/fr\\\/\"},{\"@type\":\"ListItem\",\"position\":2,\"name\":\"Actualit\u00e9s\"}]},{\"@type\":\"WebSite\",\"@id\":\"https:\\\/\\\/kbv-group.com\\\/fr\\\/#website\",\"url\":\"https:\\\/\\\/kbv-group.com\\\/fr\\\/\",\"name\":\"KBV\",\"description\":\"\",\"publisher\":{\"@id\":\"https:\\\/\\\/kbv-group.com\\\/fr\\\/#organization\"},\"potentialAction\":[{\"@type\":\"SearchAction\",\"target\":{\"@type\":\"EntryPoint\",\"urlTemplate\":\"https:\\\/\\\/kbv-group.com\\\/fr\\\/?s={search_term_string}\"},\"query-input\":{\"@type\":\"PropertyValueSpecification\",\"valueRequired\":true,\"valueName\":\"search_term_string\"}}],\"inLanguage\":\"fr-FR\"},{\"@type\":\"Organization\",\"@id\":\"https:\\\/\\\/kbv-group.com\\\/fr\\\/#organization\",\"name\":\"KBV\",\"url\":\"https:\\\/\\\/kbv-group.com\\\/fr\\\/\",\"logo\":{\"@type\":\"ImageObject\",\"inLanguage\":\"fr-FR\",\"@id\":\"https:\\\/\\\/kbv-group.com\\\/fr\\\/#\\\/schema\\\/logo\\\/image\\\/\",\"url\":\"https:\\\/\\\/kbv-group.com\\\/wp-content\\\/uploads\\\/2025\\\/04\\\/imagen_2025-04-21_000546637.png\",\"contentUrl\":\"https:\\\/\\\/kbv-group.com\\\/wp-content\\\/uploads\\\/2025\\\/04\\\/imagen_2025-04-21_000546637.png\",\"width\":162,\"height\":82,\"caption\":\"KBV\"},\"image\":{\"@id\":\"https:\\\/\\\/kbv-group.com\\\/fr\\\/#\\\/schema\\\/logo\\\/image\\\/\"}}]}<\/script>\n<!-- \/ Yoast SEO plugin. -->","yoast_head_json":{"title":"Nouvelles et mises \u00e0 jour du groupe- KBV","description":"Tenez-vous au courant des derni\u00e8res nouvelles et mises \u00e0 jour du KBVGroup : \u00e9v\u00e9nements d'entreprise, prix de l'industrie et d\u00e9veloppements en mati\u00e8re d'innovation et de durabilit\u00e9.","robots":{"index":"index","follow":"follow","max-snippet":"max-snippet:-1","max-image-preview":"max-image-preview:large","max-video-preview":"max-video-preview:-1"},"canonical":"https:\/\/kbv-group.com\/fr\/actualites\/","og_locale":"fr_FR","og_type":"article","og_title":"Nouvelles et mises \u00e0 jour du groupe- KBV","og_description":"Tenez-vous au courant des derni\u00e8res nouvelles et mises \u00e0 jour du KBVGroup : \u00e9v\u00e9nements d'entreprise, prix de l'industrie et d\u00e9veloppements en mati\u00e8re d'innovation et de durabilit\u00e9.","og_url":"https:\/\/kbv-group.com\/fr\/actualites\/","og_site_name":"KBV","article_modified_time":"2025-09-22T13:58:19+00:00","twitter_card":"summary_large_image","twitter_misc":{"Dur\u00e9e de lecture estim\u00e9e":"1 minute"},"schema":{"@context":"https:\/\/schema.org","@graph":[{"@type":"WebPage","@id":"https:\/\/kbv-group.com\/fr\/actualites\/","url":"https:\/\/kbv-group.com\/fr\/actualites\/","name":"Nouvelles et mises \u00e0 jour du groupe- KBV","isPartOf":{"@id":"https:\/\/kbv-group.com\/fr\/#website"},"datePublished":"2025-04-24T23:27:42+00:00","dateModified":"2025-09-22T13:58:19+00:00","description":"Tenez-vous au courant des derni\u00e8res nouvelles et mises \u00e0 jour du KBVGroup : \u00e9v\u00e9nements d'entreprise, prix de l'industrie et d\u00e9veloppements en mati\u00e8re d'innovation et de durabilit\u00e9.","breadcrumb":{"@id":"https:\/\/kbv-group.com\/fr\/actualites\/#breadcrumb"},"inLanguage":"fr-FR","potentialAction":[{"@type":"ReadAction","target":["https:\/\/kbv-group.com\/fr\/actualites\/"]}]},{"@type":"BreadcrumbList","@id":"https:\/\/kbv-group.com\/fr\/actualites\/#breadcrumb","itemListElement":[{"@type":"ListItem","position":1,"name":"Page d'accueil","item":"https:\/\/kbv-group.com\/fr\/"},{"@type":"ListItem","position":2,"name":"Actualit\u00e9s"}]},{"@type":"WebSite","@id":"https:\/\/kbv-group.com\/fr\/#website","url":"https:\/\/kbv-group.com\/fr\/","name":"KBV","description":"","publisher":{"@id":"https:\/\/kbv-group.com\/fr\/#organization"},"potentialAction":[{"@type":"SearchAction","target":{"@type":"EntryPoint","urlTemplate":"https:\/\/kbv-group.com\/fr\/?s={search_term_string}"},"query-input":{"@type":"PropertyValueSpecification","valueRequired":true,"valueName":"search_term_string"}}],"inLanguage":"fr-FR"},{"@type":"Organization","@id":"https:\/\/kbv-group.com\/fr\/#organization","name":"KBV","url":"https:\/\/kbv-group.com\/fr\/","logo":{"@type":"ImageObject","inLanguage":"fr-FR","@id":"https:\/\/kbv-group.com\/fr\/#\/schema\/logo\/image\/","url":"https:\/\/kbv-group.com\/wp-content\/uploads\/2025\/04\/imagen_2025-04-21_000546637.png","contentUrl":"https:\/\/kbv-group.com\/wp-content\/uploads\/2025\/04\/imagen_2025-04-21_000546637.png","width":162,"height":82,"caption":"KBV"},"image":{"@id":"https:\/\/kbv-group.com\/fr\/#\/schema\/logo\/image\/"}}]}},"_links":{"self":[{"href":"https:\/\/kbv-group.com\/fr\/wp-json\/wp\/v2\/pages\/2068","targetHints":{"allow":["GET"]}}],"collection":[{"href":"https:\/\/kbv-group.com\/fr\/wp-json\/wp\/v2\/pages"}],"about":[{"href":"https:\/\/kbv-group.com\/fr\/wp-json\/wp\/v2\/types\/page"}],"author":[{"embeddable":true,"href":"https:\/\/kbv-group.com\/fr\/wp-json\/wp\/v2\/users\/1"}],"replies":[{"embeddable":true,"href":"https:\/\/kbv-group.com\/fr\/wp-json\/wp\/v2\/comments?post=2068"}],"version-history":[{"count":2,"href":"https:\/\/kbv-group.com\/fr\/wp-json\/wp\/v2\/pages\/2068\/revisions"}],"predecessor-version":[{"id":2376,"href":"https:\/\/kbv-group.com\/fr\/wp-json\/wp\/v2\/pages\/2068\/revisions\/2376"}],"wp:attachment":[{"href":"https:\/\/kbv-group.com\/fr\/wp-json\/wp\/v2\/media?parent=2068"}],"curies":[{"name":"wp","href":"https:\/\/api.w.org\/{rel}","templated":true}]}}