{"id":2070,"date":"2025-04-21T04:14:58","date_gmt":"2025-04-21T04:14:58","guid":{"rendered":"https:\/\/kbv-group.com\/contact\/"},"modified":"2025-09-22T13:58:40","modified_gmt":"2025-09-22T13:58:40","slug":"contact","status":"publish","type":"page","link":"https:\/\/kbv-group.com\/fr\/contact\/","title":{"rendered":"Contact"},"content":{"rendered":"\n<div class=\"gb-element-07c480d9\"><\/div>\n\n\n\n<div class=\"gb-element-594fda17\">\n<div class=\"gb-element-8d6c1e7f mx-auto\">\n<p class=\"gb-text gb-text-33c90e21\">contact<\/p>\n\n\n\n<h1 class=\"gb-text gb-text-1cf68e43\">nous vous aidons<\/h1>\n<\/div>\n<\/div>\n\n\n\n<div class=\"gb-element-051c2fcd\">\n<div class=\"gb-element-396566e3\">\n<div class=\"gb-element-cd36741d\">\n<div>\n<h2 class=\"gb-text gb-text-df40722b\">CONTACTEZ-NOUS<\/h2>\n\n\n\n<p class=\"gb-text gb-text-dbb3531c\">Avez-vous des doutes ?<\/p>\n\n\n\n<div class=\"gb-element-4afb283e\">\n<img loading=\"lazy\" decoding=\"async\" width=\"40\" height=\"32\" class=\"gb-media-e7e47213\" src=\"https:\/\/kbv-group.com\/wp-content\/uploads\/2025\/04\/imagen_2025-04-27_131902016.png\" title=\"imagen_2025-04-27_131902016\"\/>\n\n\n\n<div>\n<p class=\"gb-text gb-text-e6a71331\">info@kbv-group.com<\/p>\n<\/div>\n<\/div>\n\n\n\n<div class=\"gb-element-cd575b5c\">\n<img loading=\"lazy\" decoding=\"async\" width=\"34\" height=\"43\" class=\"gb-media-e261a3e4\" src=\"https:\/\/kbv-group.com\/wp-content\/uploads\/2025\/04\/icon-location.png\" title=\"emplacement de l&apos;ic\u00f4ne\">\n\n\n\n<div>\n<p class=\"gb-text gb-text-c4660166\">22 rue Acanto<\/p>\n\n\n\n<p class=\"gb-text gb-text-e2061bbc\">9\u00e8me \u00e9tage<\/p>\n\n\n\n<p class=\"gb-text gb-text-8512076c\">28045 Madrid<\/p>\n\n\n\n<p class=\"gb-text gb-text-e33ed903\">Calle Acanto, 22<br>9\u00e8me \u00e9tage<br>28045 Madrid<\/p>\n<\/div>\n<\/div>\n\n\n\n<p class=\"gb-text gb-text-903e35fe\">Retrouvez-nous sur :<\/p>\n\n\n\n<div class=\"gb-element-b283957b\">\n<ul class=\"wp-block-social-links has-visible-labels has-icon-color is-style-logos-only is-layout-flex wp-container-core-social-links-is-layout-a54c6cfc wp-block-social-links-is-layout-flex\" style=\"margin-top:0;margin-bottom:0\"><li style=\"color:#ffffff;\" class=\"wp-social-link wp-social-link-linkedin has-base-2-color wp-block-social-link\"><a rel=\"noopener nofollow\" target=\"_blank\" href=\"https:\/\/www.linkedin.com\/company\/kbvgroup\/\" class=\"wp-block-social-link-anchor\"><svg width=\"24\" height=\"24\" viewBox=\"0 0 24 24\" version=\"1.1\" xmlns=\"http:\/\/www.w3.org\/2000\/svg\" aria-hidden=\"true\" focusable=\"false\"><path d=\"M19.7,3H4.3C3.582,3,3,3.582,3,4.3v15.4C3,20.418,3.582,21,4.3,21h15.4c0.718,0,1.3-0.582,1.3-1.3V4.3 C21,3.582,20.418,3,19.7,3z M8.339,18.338H5.667v-8.59h2.672V18.338z M7.004,8.574c-0.857,0-1.549-0.694-1.549-1.548 c0-0.855,0.691-1.548,1.549-1.548c0.854,0,1.547,0.694,1.547,1.548C8.551,7.881,7.858,8.574,7.004,8.574z M18.339,18.338h-2.669 v-4.177c0-0.996-0.017-2.278-1.387-2.278c-1.389,0-1.601,1.086-1.601,2.206v4.249h-2.667v-8.59h2.559v1.174h0.037 c0.356-0.675,1.227-1.387,2.526-1.387c2.703,0,3.203,1.779,3.203,4.092V18.338z\"><\/path><\/svg><span class=\"wp-block-social-link-label\">LinkedIn<\/span><\/a><\/li><\/ul>\n<\/div>\n<\/div>\n<\/div>\n\n\n\n<div class=\"gb-element-3abf65a2\">\n<div class=\"wp-block-contact-form-7-contact-form-selector\">\n<div class=\"wpcf7 no-js\" id=\"wpcf7-f2110-o1\" lang=\"fr-FR\" dir=\"ltr\" data-wpcf7-id=\"2110\">\n<div class=\"screen-reader-response\"><p role=\"status\" aria-live=\"polite\" aria-atomic=\"true\"><\/p> <ul><\/ul><\/div>\n<form action=\"\/fr\/wp-json\/wp\/v2\/pages\/2070#wpcf7-f2110-o1\" method=\"post\" class=\"wpcf7-form init\" aria-label=\"Formulaire de contact\" novalidate=\"novalidate\" data-status=\"init\">\n<fieldset class=\"hidden-fields-container\"><input type=\"hidden\" name=\"_wpcf7\" value=\"2110\" \/><input type=\"hidden\" name=\"_wpcf7_version\" value=\"6.1.5\" \/><input type=\"hidden\" name=\"_wpcf7_locale\" value=\"fr_FR\" \/><input type=\"hidden\" name=\"_wpcf7_unit_tag\" value=\"wpcf7-f2110-o1\" \/><input type=\"hidden\" name=\"_wpcf7_container_post\" value=\"0\" \/><input type=\"hidden\" name=\"_wpcf7_posted_data_hash\" value=\"\" \/>\n<\/fieldset>\n<div class=\"form-container w-full\">\n\t<div class=\"fila\">\n\t\t<div class=\"campo\">\n\t\t\t<p><label> Nom<br \/>\n<span class=\"wpcf7-form-control-wrap\" data-name=\"your-name\"><input size=\"40\" maxlength=\"400\" class=\"wpcf7-form-control wpcf7-text wpcf7-validates-as-required\" autocomplete=\"name\" aria-required=\"true\" aria-invalid=\"false\" value=\"\" type=\"text\" name=\"your-name\" \/><\/span> <\/label>\n\t\t\t<\/p>\n\t\t<\/div>\n\t\t<div class=\"campo\">\n\t\t\t<p><label> Nom de famille<br \/>\n<span class=\"wpcf7-form-control-wrap\" data-name=\"your-lastname\"><input size=\"40\" maxlength=\"400\" class=\"wpcf7-form-control wpcf7-text wpcf7-validates-as-required\" autocomplete=\"lastname\" aria-required=\"true\" aria-invalid=\"false\" value=\"\" type=\"text\" name=\"your-lastname\" \/><\/span> <\/label>\n\t\t\t<\/p>\n\t\t<\/div>\n\t<\/div>\n\t<div class=\"fila\">\n\t\t<div class=\"campo\">\n\t\t\t<p><label> Adresse \u00e9lectronique<br \/>\n<span class=\"wpcf7-form-control-wrap\" data-name=\"your-email\"><input size=\"40\" maxlength=\"400\" class=\"wpcf7-form-control wpcf7-email wpcf7-validates-as-required wpcf7-text wpcf7-validates-as-email\" autocomplete=\"email\" aria-required=\"true\" aria-invalid=\"false\" value=\"\" type=\"email\" name=\"your-email\" \/><\/span> <\/label>\n\t\t\t<\/p>\n\t\t<\/div>\n\t\t<div class=\"campo\">\n\t\t\t<p><label> T\u00e9l\u00e9phone<br \/>\n<span class=\"wpcf7-form-control-wrap\" data-name=\"tel-800\"><input size=\"40\" maxlength=\"400\" class=\"wpcf7-form-control wpcf7-tel wpcf7-text wpcf7-validates-as-tel\" aria-invalid=\"false\" value=\"\" type=\"tel\" name=\"tel-800\" \/><\/span><br \/>\n<\/label>\n\t\t\t<\/p>\n\t\t<\/div>\n\t<\/div>\n\t<div class=\"campo mensaje\">\n\t\t<p><label> Message<br \/>\n<span class=\"wpcf7-form-control-wrap\" data-name=\"your-message\"><textarea cols=\"40\" rows=\"10\" maxlength=\"2000\" class=\"wpcf7-form-control wpcf7-textarea wpcf7-validates-as-required\" aria-required=\"true\" aria-invalid=\"false\" name=\"your-message\"><\/textarea><\/span> <\/label>\n\t\t<\/p>\n\t<\/div>\n\t<div class=\"fila-final\">\n\t\t<div class=\"legal-notice\" style=\"font-size: 12px; line-height: 1.4; color: #555; margin-bottom: 15px;\">\n\t\t\t<p><strong>RESPONSABLE DU TRAITEMENT :<\/strong> KBV Group\n\t\t\t<\/p>\n\t\t\t<p><strong>FINALIT\u00c9 :<\/strong> R\u00e9pondre \u00e0 la demande de l'utilisateur.\n\t\t\t<\/p>\n\t\t\t<p><strong>L\u00c9GITIMATION :<\/strong> Consentement de la personne concern\u00e9e.\n\t\t\t<\/p>\n\t\t\t<p><strong>DROITS :<\/strong> Acc\u00e8s, rectification, suppression, opposition, limitation, portabilit\u00e9 et retrait du consentement par e-mail \u00e0 <a href=\"mailto:dpd@kbv-group.com\">dpd@kbv-group.com<\/a> ou via la proc\u00e9dure \u00e9tablie dans la politique de confidentialit\u00e9 de notre site web. Si vous consid\u00e9rez que le traitement de vos donn\u00e9es n'est pas conforme \u00e0 la r\u00e9glementation, vous pouvez contacter l'Autorit\u00e9 de Contr\u00f4le (www.aepd.es).\n\t\t\t<\/p>\n\t\t\t<p><strong>INFORMATIONS COMPL\u00c9MENTAIRES :<\/strong> Vous pouvez acc\u00e9der \u00e0 plus d'informations dans notre <a href=\"\/fr\/politique-de-confidentialite\/\">Politique de confidentialit\u00e9 - KBV<\/a>.\n\t\t\t<\/p>\n\t\t<\/div>\n\t\t<p><span class=\"wpcf7-form-control-wrap\" data-name=\"acceptance-123\"><span class=\"wpcf7-form-control wpcf7-acceptance\"><span class=\"wpcf7-list-item\"><label><input type=\"checkbox\" name=\"acceptance-123\" value=\"1\" aria-invalid=\"false\" \/><span class=\"wpcf7-list-item-label\">J'accepte que mes donn\u00e9es soient trait\u00e9es pour r\u00e9pondre \u00e0 ma demande d'information.<\/span><\/label><\/span><\/span><\/span>\n\t\t<\/p>\n\t\t<div style=\"margin-top: 10px;\">\n\t\t<div class=\"wpcf7-turnstile cf-turnstile\" data-sitekey=\"0x4AAAAAABx8zD8FL-AkYNLt\" data-response-field-name=\"_wpcf7_turnstile_response\"><\/div>\n\t\t<\/div>\n\t\t<div class=\"btn-submit\" style=\"margin-top: 20px;\">\n\t\t\t<p><input class=\"wpcf7-form-control wpcf7-submit has-spinner\" type=\"submit\" value=\"Envoyer le message\" \/>\n\t\t\t<\/p>\n\t\t<\/div>\n\t<\/div>\n<\/div><p style=\"display: none !important;\" class=\"akismet-fields-container\" data-prefix=\"_wpcf7_ak_\"><label>&#916;<textarea name=\"_wpcf7_ak_hp_textarea\" cols=\"45\" rows=\"8\" maxlength=\"100\"><\/textarea><\/label><input type=\"hidden\" id=\"ak_js_1\" name=\"_wpcf7_ak_js\" value=\"116\"\/><script>document.getElementById( \"ak_js_1\" ).setAttribute( \"value\", ( new Date() ).getTime() );<\/script><\/p><div class=\"wpcf7-response-output\" aria-hidden=\"true\"><\/div>\n<\/form>\n<\/div>\n<\/div>\n<\/div>\n<\/div>\n<\/div>\n\n\n\n<p><\/p>\n","protected":false},"excerpt":{"rendered":"<p>contact nous vous aidons CONTACTEZ-NOUS Avez-vous des doutes ? info@kbv-group.com 22 rue Acanto 9\u00e8me \u00e9tage 28045 Madrid Calle Acanto, 229\u00e8me \u00e9tage28045 Madrid Retrouvez-nous sur :<\/p>\n","protected":false},"author":1,"featured_media":0,"parent":0,"menu_order":0,"comment_status":"closed","ping_status":"closed","template":"wp-custom-template-plantilla-para-paginas","meta":{"footnotes":""},"class_list":["post-2070","page","type-page","status-publish","hentry"],"yoast_head":"<!-- This site is optimized with the Yoast SEO plugin v27.3 - https:\/\/yoast.com\/product\/yoast-seo-wordpress\/ -->\n<title>Contact - KBV<\/title>\n<meta name=\"robots\" content=\"index, follow, max-snippet:-1, max-image-preview:large, max-video-preview:-1\" \/>\n<link rel=\"canonical\" href=\"https:\/\/kbv-group.com\/fr\/contact\/\" \/>\n<meta property=\"og:locale\" content=\"fr_FR\" \/>\n<meta property=\"og:type\" content=\"article\" \/>\n<meta property=\"og:title\" content=\"Contact - KBV\" \/>\n<meta property=\"og:description\" content=\"contact nous vous aidons CONTACTEZ-NOUS Avez-vous des doutes ? info@kbv-group.com 22 rue Acanto 9\u00e8me \u00e9tage 28045 Madrid Calle Acanto, 229\u00e8me \u00e9tage28045 Madrid Retrouvez-nous sur :\" \/>\n<meta property=\"og:url\" content=\"https:\/\/kbv-group.com\/fr\/contact\/\" \/>\n<meta property=\"og:site_name\" content=\"KBV\" \/>\n<meta property=\"article:modified_time\" content=\"2025-09-22T13:58:40+00:00\" \/>\n<meta property=\"og:image\" content=\"https:\/\/kbv-group.com\/wp-content\/uploads\/2025\/04\/imagen_2025-04-27_131902016.png\" \/>\n<meta name=\"twitter:card\" content=\"summary_large_image\" \/>\n<meta name=\"twitter:label1\" content=\"Dur\u00e9e de lecture estim\u00e9e\" \/>\n\t<meta name=\"twitter:data1\" content=\"1 minute\" \/>\n<script type=\"application\/ld+json\" class=\"yoast-schema-graph\">{\"@context\":\"https:\\\/\\\/schema.org\",\"@graph\":[{\"@type\":\"WebPage\",\"@id\":\"https:\\\/\\\/kbv-group.com\\\/fr\\\/contact\\\/\",\"url\":\"https:\\\/\\\/kbv-group.com\\\/fr\\\/contact\\\/\",\"name\":\"Contact - KBV\",\"isPartOf\":{\"@id\":\"https:\\\/\\\/kbv-group.com\\\/fr\\\/#website\"},\"primaryImageOfPage\":{\"@id\":\"https:\\\/\\\/kbv-group.com\\\/fr\\\/contact\\\/#primaryimage\"},\"image\":{\"@id\":\"https:\\\/\\\/kbv-group.com\\\/fr\\\/contact\\\/#primaryimage\"},\"thumbnailUrl\":\"https:\\\/\\\/kbv-group.com\\\/wp-content\\\/uploads\\\/2025\\\/04\\\/imagen_2025-04-27_131902016.png\",\"datePublished\":\"2025-04-21T04:14:58+00:00\",\"dateModified\":\"2025-09-22T13:58:40+00:00\",\"breadcrumb\":{\"@id\":\"https:\\\/\\\/kbv-group.com\\\/fr\\\/contact\\\/#breadcrumb\"},\"inLanguage\":\"fr-FR\",\"potentialAction\":[{\"@type\":\"ReadAction\",\"target\":[\"https:\\\/\\\/kbv-group.com\\\/fr\\\/contact\\\/\"]}]},{\"@type\":\"ImageObject\",\"inLanguage\":\"fr-FR\",\"@id\":\"https:\\\/\\\/kbv-group.com\\\/fr\\\/contact\\\/#primaryimage\",\"url\":\"https:\\\/\\\/kbv-group.com\\\/wp-content\\\/uploads\\\/2025\\\/04\\\/imagen_2025-04-27_131902016.png\",\"contentUrl\":\"https:\\\/\\\/kbv-group.com\\\/wp-content\\\/uploads\\\/2025\\\/04\\\/imagen_2025-04-27_131902016.png\"},{\"@type\":\"BreadcrumbList\",\"@id\":\"https:\\\/\\\/kbv-group.com\\\/fr\\\/contact\\\/#breadcrumb\",\"itemListElement\":[{\"@type\":\"ListItem\",\"position\":1,\"name\":\"Page d'accueil\",\"item\":\"https:\\\/\\\/kbv-group.com\\\/fr\\\/\"},{\"@type\":\"ListItem\",\"position\":2,\"name\":\"Contact\"}]},{\"@type\":\"WebSite\",\"@id\":\"https:\\\/\\\/kbv-group.com\\\/fr\\\/#website\",\"url\":\"https:\\\/\\\/kbv-group.com\\\/fr\\\/\",\"name\":\"KBV\",\"description\":\"\",\"publisher\":{\"@id\":\"https:\\\/\\\/kbv-group.com\\\/fr\\\/#organization\"},\"potentialAction\":[{\"@type\":\"SearchAction\",\"target\":{\"@type\":\"EntryPoint\",\"urlTemplate\":\"https:\\\/\\\/kbv-group.com\\\/fr\\\/?s={search_term_string}\"},\"query-input\":{\"@type\":\"PropertyValueSpecification\",\"valueRequired\":true,\"valueName\":\"search_term_string\"}}],\"inLanguage\":\"fr-FR\"},{\"@type\":\"Organization\",\"@id\":\"https:\\\/\\\/kbv-group.com\\\/fr\\\/#organization\",\"name\":\"KBV\",\"url\":\"https:\\\/\\\/kbv-group.com\\\/fr\\\/\",\"logo\":{\"@type\":\"ImageObject\",\"inLanguage\":\"fr-FR\",\"@id\":\"https:\\\/\\\/kbv-group.com\\\/fr\\\/#\\\/schema\\\/logo\\\/image\\\/\",\"url\":\"https:\\\/\\\/kbv-group.com\\\/wp-content\\\/uploads\\\/2025\\\/04\\\/imagen_2025-04-21_000546637.png\",\"contentUrl\":\"https:\\\/\\\/kbv-group.com\\\/wp-content\\\/uploads\\\/2025\\\/04\\\/imagen_2025-04-21_000546637.png\",\"width\":162,\"height\":82,\"caption\":\"KBV\"},\"image\":{\"@id\":\"https:\\\/\\\/kbv-group.com\\\/fr\\\/#\\\/schema\\\/logo\\\/image\\\/\"}}]}<\/script>\n<!-- \/ Yoast SEO plugin. -->","yoast_head_json":{"title":"Contact - KBV","robots":{"index":"index","follow":"follow","max-snippet":"max-snippet:-1","max-image-preview":"max-image-preview:large","max-video-preview":"max-video-preview:-1"},"canonical":"https:\/\/kbv-group.com\/fr\/contact\/","og_locale":"fr_FR","og_type":"article","og_title":"Contact - KBV","og_description":"contact nous vous aidons CONTACTEZ-NOUS Avez-vous des doutes ? info@kbv-group.com 22 rue Acanto 9\u00e8me \u00e9tage 28045 Madrid Calle Acanto, 229\u00e8me \u00e9tage28045 Madrid Retrouvez-nous sur :","og_url":"https:\/\/kbv-group.com\/fr\/contact\/","og_site_name":"KBV","article_modified_time":"2025-09-22T13:58:40+00:00","og_image":[{"url":"https:\/\/kbv-group.com\/wp-content\/uploads\/2025\/04\/imagen_2025-04-27_131902016.png","type":"","width":"","height":""}],"twitter_card":"summary_large_image","twitter_misc":{"Dur\u00e9e de lecture estim\u00e9e":"1 minute"},"schema":{"@context":"https:\/\/schema.org","@graph":[{"@type":"WebPage","@id":"https:\/\/kbv-group.com\/fr\/contact\/","url":"https:\/\/kbv-group.com\/fr\/contact\/","name":"Contact - KBV","isPartOf":{"@id":"https:\/\/kbv-group.com\/fr\/#website"},"primaryImageOfPage":{"@id":"https:\/\/kbv-group.com\/fr\/contact\/#primaryimage"},"image":{"@id":"https:\/\/kbv-group.com\/fr\/contact\/#primaryimage"},"thumbnailUrl":"https:\/\/kbv-group.com\/wp-content\/uploads\/2025\/04\/imagen_2025-04-27_131902016.png","datePublished":"2025-04-21T04:14:58+00:00","dateModified":"2025-09-22T13:58:40+00:00","breadcrumb":{"@id":"https:\/\/kbv-group.com\/fr\/contact\/#breadcrumb"},"inLanguage":"fr-FR","potentialAction":[{"@type":"ReadAction","target":["https:\/\/kbv-group.com\/fr\/contact\/"]}]},{"@type":"ImageObject","inLanguage":"fr-FR","@id":"https:\/\/kbv-group.com\/fr\/contact\/#primaryimage","url":"https:\/\/kbv-group.com\/wp-content\/uploads\/2025\/04\/imagen_2025-04-27_131902016.png","contentUrl":"https:\/\/kbv-group.com\/wp-content\/uploads\/2025\/04\/imagen_2025-04-27_131902016.png"},{"@type":"BreadcrumbList","@id":"https:\/\/kbv-group.com\/fr\/contact\/#breadcrumb","itemListElement":[{"@type":"ListItem","position":1,"name":"Page d'accueil","item":"https:\/\/kbv-group.com\/fr\/"},{"@type":"ListItem","position":2,"name":"Contact"}]},{"@type":"WebSite","@id":"https:\/\/kbv-group.com\/fr\/#website","url":"https:\/\/kbv-group.com\/fr\/","name":"KBV","description":"","publisher":{"@id":"https:\/\/kbv-group.com\/fr\/#organization"},"potentialAction":[{"@type":"SearchAction","target":{"@type":"EntryPoint","urlTemplate":"https:\/\/kbv-group.com\/fr\/?s={search_term_string}"},"query-input":{"@type":"PropertyValueSpecification","valueRequired":true,"valueName":"search_term_string"}}],"inLanguage":"fr-FR"},{"@type":"Organization","@id":"https:\/\/kbv-group.com\/fr\/#organization","name":"KBV","url":"https:\/\/kbv-group.com\/fr\/","logo":{"@type":"ImageObject","inLanguage":"fr-FR","@id":"https:\/\/kbv-group.com\/fr\/#\/schema\/logo\/image\/","url":"https:\/\/kbv-group.com\/wp-content\/uploads\/2025\/04\/imagen_2025-04-21_000546637.png","contentUrl":"https:\/\/kbv-group.com\/wp-content\/uploads\/2025\/04\/imagen_2025-04-21_000546637.png","width":162,"height":82,"caption":"KBV"},"image":{"@id":"https:\/\/kbv-group.com\/fr\/#\/schema\/logo\/image\/"}}]}},"_links":{"self":[{"href":"https:\/\/kbv-group.com\/fr\/wp-json\/wp\/v2\/pages\/2070","targetHints":{"allow":["GET"]}}],"collection":[{"href":"https:\/\/kbv-group.com\/fr\/wp-json\/wp\/v2\/pages"}],"about":[{"href":"https:\/\/kbv-group.com\/fr\/wp-json\/wp\/v2\/types\/page"}],"author":[{"embeddable":true,"href":"https:\/\/kbv-group.com\/fr\/wp-json\/wp\/v2\/users\/1"}],"replies":[{"embeddable":true,"href":"https:\/\/kbv-group.com\/fr\/wp-json\/wp\/v2\/comments?post=2070"}],"version-history":[{"count":2,"href":"https:\/\/kbv-group.com\/fr\/wp-json\/wp\/v2\/pages\/2070\/revisions"}],"predecessor-version":[{"id":2377,"href":"https:\/\/kbv-group.com\/fr\/wp-json\/wp\/v2\/pages\/2070\/revisions\/2377"}],"wp:attachment":[{"href":"https:\/\/kbv-group.com\/fr\/wp-json\/wp\/v2\/media?parent=2070"}],"curies":[{"name":"wp","href":"https:\/\/api.w.org\/{rel}","templated":true}]}}