{"id":2072,"date":"2025-04-26T15:26:58","date_gmt":"2025-04-26T15:26:58","guid":{"rendered":"https:\/\/kbv-group.com\/accueil\/"},"modified":"2025-10-03T14:02:57","modified_gmt":"2025-10-03T14:02:57","slug":"accueil","status":"publish","type":"page","link":"https:\/\/kbv-group.com\/fr\/","title":{"rendered":"Accueil"},"content":{"rendered":"\n<div class=\"gb-element-9b1e02fd\">\n<div class=\"wp-block-cover is-light\" style=\"padding-top:0;padding-right:0;padding-bottom:0;padding-left:0;min-height:672px;aspect-ratio:unset;\"><video class=\"wp-block-cover__video-background intrinsic-ignore\" autoplay muted loop playsinline src=\"https:\/\/kbv-group.com\/wp-content\/uploads\/2025\/04\/0c1f7f2acb1deda0f9d200d1e8b2d13228ff8176.mp4\" data-object-fit=\"cover\"><\/video><span aria-hidden=\"true\" class=\"wp-block-cover__background has-background-dim\" style=\"background-color:#FFF\"><\/span><div class=\"wp-block-cover__inner-container is-layout-flow wp-block-cover-is-layout-flow\">\n<div class=\"gb-element-b7f800f5 mx-auto\">\n<div class=\"gb-element-a3d1379a\">\n<h1 class=\"gb-text gb-text-0a1979ab\">Leaders dans le domaine des cuisines et du mobilier de cuisine et de maison, alliant design, innovation et engagement responsable.<\/h1>\n<\/div>\n<\/div>\n<\/div><\/div>\n<\/div>\n\n\n\n<div class=\"gb-element-2ec0f6d2 mx-auto\">\n<div class=\"gb-element-5a30b48e mx-auto\">\n<h2 class=\"gb-text gb-text-f8151659\">Transformer les logements gr\u00e2ce au d\u00e9veloppement durable<\/h2>\n\n\n\n<p class=\"gb-text gb-text-7981dba3\">KBV a \u00e9t\u00e9 cr\u00e9\u00e9 dans le but de <strong>dominer le secteur des meubles de cuisine<\/strong> en mettant l&rsquo;accent sur la durabilit\u00e9, la qualit\u00e9 et l&rsquo;innovation. En appliquant les principes ESG, nous nous engageons \u00e0 utiliser des mat\u00e9riaux responsables, des processus efficaces et une gestion \u00e9thique qui g\u00e9n\u00e8re un impact positif. <\/p>\n\n\n\n<p class=\"gb-text gb-text-fc0a763c\">En nous positionnant en tant que leaders du secteur, nous continuons \u00e0 \u00e9voluer pour cr\u00e9er des maisons qui allient <strong>design, confort et engagement pour l&rsquo;avenir.<\/strong><\/p>\n\n\n\n<div class=\"gb-element-5882227e\">\n<a class=\"gb-text gb-text-8cccbadf inline-block\" href=\"https:\/\/kbv-group.com\/fr\/qui-sommes-nous\/\">Notre histoire<\/a>\n<\/div>\n<\/div>\n<\/div>\n\n\n\n<div class=\"gb-element-bd9a4e35\">\n<div class=\"gb-element-64d5c4e6 mx-auto\">\n<div class=\"gb-element-99c2a545\">\n<h2 class=\"gb-text gb-text-763ad274\">Le d\u00e9veloppement durable commence par chaque d\u00e9cision<\/h2>\n\n\n\n<p class=\"gb-text gb-text-f92ae047\">Chez KBV, nous comprenons que la port\u00e9e de la durabilit\u00e9 va bien au-del\u00e0 du climat et de l&rsquo;environnement. Pour consolider une strat\u00e9gie commerciale \u00e0 long terme, il est n\u00e9cessaire d&rsquo;analyser chaque aspect de notre activit\u00e9, en veillant \u00e0 ce que tous les processus soient align\u00e9s sur nos valeurs et nos objectifs de durabilit\u00e9. <\/p>\n\n\n\n<p class=\"gb-text gb-text-97d04ab6\">Notre engagement est guid\u00e9 par des principes de durabilit\u00e9 et une vision qui englobe non seulement la qualit\u00e9 et la long\u00e9vit\u00e9 de nos produits, mais aussi l&rsquo;utilisation responsable des ressources et la gestion \u00e9thique de nos relations avec les employ\u00e9s, les fournisseurs et la soci\u00e9t\u00e9 dans son ensemble.<\/p>\n\n\n\n<div class=\"gb-element-b125aea5\">\n<a class=\"gb-text gb-text-7da76e32 inline-block\" href=\"https:\/\/kbv-group.com\/fr\/durabilite\/\">Durabilit\u00e9<\/a>\n<\/div>\n<\/div>\n<\/div>\n<\/div>\n\n\n\n<div class=\"gb-element-5bff64df\" id=\"compromisos\">\n<h2 class=\"gb-text gb-text-639567ed\">Notre engagement en chiffres<\/h2>\n\n\n\n<div class=\"gb-element-9fec0ac7 swiper-compromisos\">\n<div class=\"gb-element-6a433263 swiper-wrapper\">\n<div class=\"gb-element-1b189410 swiper-slide\">\n<div class=\"gb-element-b7665b09\">\n<div class=\"gb-element-313d5dd8\">\n<p class=\"gb-text gb-text-10a1e911\">Ann\u00e9es d&rsquo;exp\u00e9rience<\/p>\n<\/div>\n\n\n\n<p class=\"gb-text gb-text-a9b48ead data-number\">+40<\/p>\n<\/div>\n\n\n\n<div class=\"gb-element-590c0eb5\">\n<div class=\"gb-element-d01fdfe7\">\n<p class=\"gb-text gb-text-c6776440\">Bois recycl\u00e9<\/p>\n<\/div>\n\n\n\n<p class=\"gb-text gb-text-256d5487 data-number\">55%<\/p>\n<\/div>\n<\/div>\n\n\n\n<div class=\"gb-element-70c02139 swiper-slide\">\n<div class=\"gb-element-ab1f2401\">\n<div class=\"gb-element-4bb7182b\">\n<p class=\"gb-text gb-text-ec86794f\">Pays<\/p>\n<\/div>\n\n\n\n<p class=\"gb-text gb-text-d6079cb1 data-number\">+30<\/p>\n<\/div>\n\n\n\n<div class=\"gb-element-8e103fe0\">\n<div class=\"gb-element-dea925ce\">\n<p class=\"gb-text gb-text-e2c4e5f0\">R\u00e9duction des GES<\/p>\n<\/div>\n\n\n\n<p class=\"gb-text gb-text-4a5ee2d6 data-number\">35%<\/p>\n<\/div>\n<\/div>\n\n\n\n<div class=\"gb-element-6ff563c1 swiper-slide\">\n<div class=\"gb-element-2f66a777\">\n<div class=\"gb-element-66ed1486\">\n<p class=\"gb-text gb-text-7983d287\">Salari\u00e9s<\/p>\n<\/div>\n\n\n\n<p class=\"gb-text gb-text-7110bbd2 data-number\">+300<\/p>\n<\/div>\n\n\n\n<div class=\"gb-element-f5df3476\">\n<div class=\"gb-element-0a002472\">\n<p class=\"gb-text gb-text-9b7842c4\">R\u00e9duction des COV<\/p>\n<\/div>\n\n\n\n<p class=\"gb-text gb-text-a6447507 data-number\">41%<\/p>\n<\/div>\n<\/div>\n\n\n\n<div class=\"gb-element-f52d3383 swiper-slide\">\n<div class=\"gb-element-547656b2\">\n<div class=\"gb-element-28db2148\">\n<p class=\"gb-text gb-text-2dceda65\">Les femmes sur le march\u00e9 du travail<\/p>\n<\/div>\n\n\n\n<p class=\"gb-text gb-text-79156f22 data-number\">+38%<\/p>\n<\/div>\n\n\n\n<div class=\"gb-element-ad8e3067\">\n<div class=\"gb-element-2a647ce6\">\n<p class=\"gb-text gb-text-b0910b09\">\u00c9nergie provenant de sources renouvelables<\/p>\n<\/div>\n\n\n\n<p class=\"gb-text gb-text-28989372 data-number\">63%<\/p>\n<\/div>\n<\/div>\n\n\n\n<div class=\"gb-element-abfbd5e8 swiper-slide\">\n<div class=\"gb-element-215c076a\">\n<div class=\"gb-element-6ac46369\">\n<p class=\"gb-text gb-text-d7543360\">personnel form\u00e9 au code de conduite<\/p>\n<\/div>\n\n\n\n<p class=\"gb-text gb-text-7d1e12f5 data-number\">100%<\/p>\n<\/div>\n\n\n\n<div class=\"gb-element-dba49e5e\">\n<div class=\"gb-element-351d085b\">\n<p class=\"gb-text gb-text-c3232233\">Part de l&rsquo;\u00e9nergie solaire produite par les propres panneaux solaires dans la consommation totale d&rsquo;\u00e9lectricit\u00e9<\/p>\n<\/div>\n\n\n\n<p class=\"gb-text gb-text-7c220d64 data-number\">28%<\/p>\n<\/div>\n<\/div>\n<\/div>\n\n\n\n<div class=\"swiper-pagination\"><\/div>\n<\/div>\n<\/div>\n\n\n\n<div class=\"gb-element-6a70fa75 mx-auto\">\n<div class=\"gb-element-09f5e707 mx-auto\">\n<div class=\"gb-element-92be5e21\">\n<h2 class=\"gb-text gb-text-f9937f70\">Nos valeurs<\/h2>\n\n\n\n<p class=\"gb-text gb-text-b91b3049\">Au sein du groupe KBV, nos valeurs sont le pilier qui guide tous les aspects de notre activit\u00e9. Plus que des principes, ce sont des engagements fermes en faveur de l&rsquo;excellence, de la durabilit\u00e9 et des personnes. <\/p>\n<\/div>\n\n\n\n<div class=\"gb-element-13e75a6b\">\n<div class=\"gb-element-5051bbcc\">\n<div class=\"gb-element-e7dcc985\"><\/div>\n\n\n\n<div class=\"gb-element-8c1b449c\">\n<h3 class=\"gb-text gb-text-bfded733\">Personnes<\/h3>\n\n\n\n<p class=\"gb-text gb-text-be4665a8\">Nous croyons au talent, \u00e0 la diversit\u00e9 et au d\u00e9veloppement professionnel de notre \u00e9quipe. Le bien-\u00eatre des personnes est au c\u0153ur de tout ce que nous faisons. <\/p>\n<\/div>\n<\/div>\n\n\n\n<div class=\"gb-element-b3a78204\">\n<div class=\"gb-element-3d1efe16\"><\/div>\n\n\n\n<div class=\"gb-element-df9327bf\">\n<h3 class=\"gb-text gb-text-ced60688\">L&rsquo;innovation<\/h3>\n\n\n\n<p class=\"gb-text gb-text-a6812057\">Nous nous engageons \u00e0 proposer des solutions cr\u00e9atives et technologiques qui transforment les espaces de la maison, en s&rsquo;adaptant aux besoins du pr\u00e9sent et de l&rsquo;avenir.<\/p>\n<\/div>\n<\/div>\n\n\n\n<div class=\"gb-element-0527a058\">\n<div class=\"gb-element-7ba166e8\"><\/div>\n\n\n\n<div class=\"gb-element-670a9379\">\n<h3 class=\"gb-text gb-text-0b9cb456\">Qualit\u00e9<\/h3>\n\n\n\n<p class=\"gb-text gb-text-07e86add\">Nous garantissons des produits durables et fonctionnels qui d\u00e9passent les normes de l&rsquo;industrie, en combinant le design et l&rsquo;excellence dans chaque d\u00e9tail.<\/p>\n<\/div>\n<\/div>\n\n\n\n<div class=\"gb-element-1bc26150\">\n<div class=\"gb-element-eb5c6652\"><\/div>\n\n\n\n<div class=\"gb-element-10751a3a\">\n<h3 class=\"gb-text gb-text-9dc950f9\">Environnement<\/h3>\n\n\n\n<p class=\"gb-text gb-text-f399c537\">Notre responsabilit\u00e9 \u00e0 l&rsquo;\u00e9gard de l&rsquo;environnement se traduit par l&rsquo;utilisation de mat\u00e9riaux durables, de processus efficaces et par la r\u00e9duction de notre empreinte carbone.<\/p>\n<\/div>\n<\/div>\n\n\n\n<div class=\"gb-element-62c3c30e\">\n<div class=\"gb-element-736bd5cf\"><\/div>\n\n\n\n<div class=\"gb-element-c855c709\">\n<h3 class=\"gb-text gb-text-0c7de18d\">Gouvernance<\/h3>\n\n\n\n<p class=\"gb-text gb-text-f437bd25\">Nous agissons avec int\u00e9grit\u00e9, transparence et respect, en appliquant des principes \u00e9thiques dans toutes nos op\u00e9rations et relations.<\/p>\n<\/div>\n<\/div>\n<\/div>\n<\/div>\n<\/div>\n\n\n\n<div class=\"gb-element-c80867a7 mx-auto\">\n<div class=\"gb-element-ca69bf47 mx-auto\">\n<h2 class=\"gb-text gb-text-a1f3e94b\">Derni\u00e8res nouvelles<\/h2>\n\n\n            <div class=\"kbv-featured-news grid\">\n                                        <a href=\"https:\/\/kbv-group.com\/fr\/kbv-group-confirme-son-leadership-en-tant-que-fabricant-de-cuisines-n1-en-espagne\/\" class=\"news-card\">\n                                                            <img decoding=\"async\" src=\"https:\/\/kbv-group.com\/wp-content\/uploads\/2026\/01\/Portada-KBV_web.jpg\" alt=\"KBV Group confirme son leadership en tant que fabricant de cuisines n\u00b01 en Espagne\" class=\"news-image\" \/>\n                                                        <div class=\"overlay-card small\">\n                                <h2>KBV Group confirme son leadership en tant que fabricant de cuisines n\u00b01 en Espagne<\/h2>\n                                <p>12 janvier, 2026<\/p>\n                            <\/div>\n                        <\/a>\n                                            <a href=\"https:\/\/kbv-group.com\/fr\/doca-muebles-recompensee-a-la-guangzhou-design-week\/\" class=\"news-card\">\n                                                            <img decoding=\"async\" src=\"https:\/\/kbv-group.com\/wp-content\/uploads\/2026\/01\/1765545471232.jpg\" alt=\"DOCA Muebles r\u00e9compens\u00e9e \u00e0 la Guangzhou Design Week\" class=\"news-image\" \/>\n                                                        <div class=\"overlay-card small\">\n                                <h2>DOCA Muebles r\u00e9compens\u00e9e \u00e0 la Guangzhou Design Week<\/h2>\n                                <p>12 d\u00e9cembre, 2025<\/p>\n                            <\/div>\n                        <\/a>\n                                            <a href=\"https:\/\/kbv-group.com\/fr\/kbv-group-devient-la-premiere-entreprise-espagnole-du-secteur-des-cuisines-a-obtenir-la-certification-b-corp\/\" class=\"news-card\">\n                                                            <img decoding=\"async\" src=\"https:\/\/kbv-group.com\/wp-content\/uploads\/2025\/10\/KBV-equipo-KBV-B-Corp.jpg\" alt=\"KBV Group devient la premi\u00e8re entreprise espagnole du secteur des cuisines \u00e0 obtenir la certification B Corp\" class=\"news-image\" \/>\n                                                        <div class=\"overlay-card small\">\n                                <h2>KBV Group devient la premi\u00e8re entreprise espagnole du secteur des cuisines \u00e0 obtenir la certification B Corp<\/h2>\n                                <p>03 octobre, 2025<\/p>\n                            <\/div>\n                        <\/a>\n                                <\/div>\n            \n<\/div>\n<\/div>\n\n\n\n<div class=\"wp-block-group alignfull bcorp-modal esBCORP has-background has-global-padding is-layout-constrained wp-container-core-group-is-layout-b4e63eff wp-block-group-is-layout-constrained\" style=\"background-color:#00000045;padding-top:var(--wp--preset--spacing--20);padding-right:var(--wp--preset--spacing--20);padding-bottom:var(--wp--preset--spacing--20);padding-left:var(--wp--preset--spacing--20)\">\n<div class=\"gb-element-4d89ee17\">\n<div class=\"same-h\">\n<img decoding=\"async\" class=\"gb-media-d3277acc bcorp-modal-close\" alt=\"\" src=\"https:\/\/deltacocinas.com\/wp-content\/uploads\/2025\/03\/close.svg\"\/>\n<\/div>\n\n\n\n<a class=\"gb-element-0d8c23d0\" href=\"https:\/\/kbv-group.com\/fr\/nous-sommes-bcorp\/\">\n<img loading=\"lazy\" decoding=\"async\" width=\"800\" height=\"400\" class=\"gb-media-4395fc88\" alt=\"\" src=\"https:\/\/kbv-group.com\/wp-content\/uploads\/2025\/10\/POP-UP-kbv-FR.jpg\" title=\"POP-UP-kbv-FR\" srcset=\"https:\/\/kbv-group.com\/wp-content\/uploads\/2025\/10\/POP-UP-kbv-FR.jpg 800w, https:\/\/kbv-group.com\/wp-content\/uploads\/2025\/10\/POP-UP-kbv-FR-300x150.jpg 300w, https:\/\/kbv-group.com\/wp-content\/uploads\/2025\/10\/POP-UP-kbv-FR-768x384.jpg 768w\" sizes=\"auto, (max-width: 800px) 100vw, 800px\" \/>\n<\/a>\n<\/div>\n<\/div>\n","protected":false},"excerpt":{"rendered":"<p>Transformer les logements gr\u00e2ce au d\u00e9veloppement durable KBV a \u00e9t\u00e9 cr\u00e9\u00e9 dans le but de dominer le secteur des meubles de cuisine en mettant l&rsquo;accent sur la durabilit\u00e9, la qualit\u00e9 et l&rsquo;innovation. En appliquant les principes ESG, nous nous engageons \u00e0 utiliser des mat\u00e9riaux responsables, des processus efficaces et une gestion \u00e9thique qui g\u00e9n\u00e8re un [&hellip;]<\/p>\n","protected":false},"author":1,"featured_media":0,"parent":0,"menu_order":0,"comment_status":"closed","ping_status":"closed","template":"wp-custom-template-plantilla-para-paginas","meta":{"footnotes":""},"class_list":["post-2072","page","type-page","status-publish","hentry"],"yoast_head":"<!-- This site is optimized with the Yoast SEO plugin v27.3 - https:\/\/yoast.com\/product\/yoast-seo-wordpress\/ -->\n<title>Groupe KBV - Leader dans le domaine des cuisines et du mobilier durable<\/title>\n<meta name=\"description\" content=\"&quot;D\u00e9couvrez la mission du groupe KBV, qui consiste \u00e0 mener l&#039;industrie de l&#039;ameublement en combinant durabilit\u00e9, qualit\u00e9 et innovation dans la conception des cuisines.\" \/>\n<meta name=\"robots\" content=\"index, follow, max-snippet:-1, max-image-preview:large, max-video-preview:-1\" \/>\n<link rel=\"canonical\" href=\"https:\/\/kbv-group.com\/fr\/\" \/>\n<meta property=\"og:locale\" content=\"fr_FR\" \/>\n<meta property=\"og:type\" content=\"article\" \/>\n<meta property=\"og:title\" content=\"Groupe KBV - Leader dans le domaine des cuisines et du mobilier durable\" \/>\n<meta property=\"og:description\" content=\"&quot;D\u00e9couvrez la mission du groupe KBV, qui consiste \u00e0 mener l&#039;industrie de l&#039;ameublement en combinant durabilit\u00e9, qualit\u00e9 et innovation dans la conception des cuisines.\" \/>\n<meta property=\"og:url\" content=\"https:\/\/kbv-group.com\/fr\/\" \/>\n<meta property=\"og:site_name\" content=\"KBV\" \/>\n<meta property=\"article:modified_time\" content=\"2025-10-03T14:02:57+00:00\" \/>\n<meta property=\"og:image\" content=\"https:\/\/deltacocinas.com\/wp-content\/uploads\/2025\/03\/close.svg\" \/>\n<meta name=\"twitter:card\" content=\"summary_large_image\" \/>\n<meta name=\"twitter:label1\" content=\"Dur\u00e9e de lecture estim\u00e9e\" \/>\n\t<meta name=\"twitter:data1\" content=\"5 minutes\" \/>\n<script type=\"application\/ld+json\" class=\"yoast-schema-graph\">{\"@context\":\"https:\\\/\\\/schema.org\",\"@graph\":[{\"@type\":\"WebPage\",\"@id\":\"https:\\\/\\\/kbv-group.com\\\/fr\\\/\",\"url\":\"https:\\\/\\\/kbv-group.com\\\/fr\\\/\",\"name\":\"Groupe KBV - Leader dans le domaine des cuisines et du mobilier durable\",\"isPartOf\":{\"@id\":\"https:\\\/\\\/kbv-group.com\\\/fr\\\/#website\"},\"primaryImageOfPage\":{\"@id\":\"https:\\\/\\\/kbv-group.com\\\/fr\\\/#primaryimage\"},\"image\":{\"@id\":\"https:\\\/\\\/kbv-group.com\\\/fr\\\/#primaryimage\"},\"thumbnailUrl\":\"https:\\\/\\\/deltacocinas.com\\\/wp-content\\\/uploads\\\/2025\\\/03\\\/close.svg\",\"datePublished\":\"2025-04-26T15:26:58+00:00\",\"dateModified\":\"2025-10-03T14:02:57+00:00\",\"description\":\"\\\"D\u00e9couvrez la mission du groupe KBV, qui consiste \u00e0 mener l'industrie de l'ameublement en combinant durabilit\u00e9, qualit\u00e9 et innovation dans la conception des cuisines.\",\"breadcrumb\":{\"@id\":\"https:\\\/\\\/kbv-group.com\\\/fr\\\/#breadcrumb\"},\"inLanguage\":\"fr-FR\",\"potentialAction\":[{\"@type\":\"ReadAction\",\"target\":[\"https:\\\/\\\/kbv-group.com\\\/fr\\\/\"]}]},{\"@type\":\"ImageObject\",\"inLanguage\":\"fr-FR\",\"@id\":\"https:\\\/\\\/kbv-group.com\\\/fr\\\/#primaryimage\",\"url\":\"https:\\\/\\\/deltacocinas.com\\\/wp-content\\\/uploads\\\/2025\\\/03\\\/close.svg\",\"contentUrl\":\"https:\\\/\\\/deltacocinas.com\\\/wp-content\\\/uploads\\\/2025\\\/03\\\/close.svg\"},{\"@type\":\"BreadcrumbList\",\"@id\":\"https:\\\/\\\/kbv-group.com\\\/fr\\\/#breadcrumb\",\"itemListElement\":[{\"@type\":\"ListItem\",\"position\":1,\"name\":\"Page d'accueil\",\"item\":\"https:\\\/\\\/kbv-group.com\\\/fr\\\/\"},{\"@type\":\"ListItem\",\"position\":2,\"name\":\"Accueil\"}]},{\"@type\":\"WebSite\",\"@id\":\"https:\\\/\\\/kbv-group.com\\\/fr\\\/#website\",\"url\":\"https:\\\/\\\/kbv-group.com\\\/fr\\\/\",\"name\":\"KBV\",\"description\":\"\",\"publisher\":{\"@id\":\"https:\\\/\\\/kbv-group.com\\\/fr\\\/#organization\"},\"potentialAction\":[{\"@type\":\"SearchAction\",\"target\":{\"@type\":\"EntryPoint\",\"urlTemplate\":\"https:\\\/\\\/kbv-group.com\\\/fr\\\/?s={search_term_string}\"},\"query-input\":{\"@type\":\"PropertyValueSpecification\",\"valueRequired\":true,\"valueName\":\"search_term_string\"}}],\"inLanguage\":\"fr-FR\"},{\"@type\":\"Organization\",\"@id\":\"https:\\\/\\\/kbv-group.com\\\/fr\\\/#organization\",\"name\":\"KBV\",\"url\":\"https:\\\/\\\/kbv-group.com\\\/fr\\\/\",\"logo\":{\"@type\":\"ImageObject\",\"inLanguage\":\"fr-FR\",\"@id\":\"https:\\\/\\\/kbv-group.com\\\/fr\\\/#\\\/schema\\\/logo\\\/image\\\/\",\"url\":\"https:\\\/\\\/kbv-group.com\\\/wp-content\\\/uploads\\\/2025\\\/04\\\/imagen_2025-04-21_000546637.png\",\"contentUrl\":\"https:\\\/\\\/kbv-group.com\\\/wp-content\\\/uploads\\\/2025\\\/04\\\/imagen_2025-04-21_000546637.png\",\"width\":162,\"height\":82,\"caption\":\"KBV\"},\"image\":{\"@id\":\"https:\\\/\\\/kbv-group.com\\\/fr\\\/#\\\/schema\\\/logo\\\/image\\\/\"}}]}<\/script>\n<!-- \/ Yoast SEO plugin. -->","yoast_head_json":{"title":"Groupe KBV - Leader dans le domaine des cuisines et du mobilier durable","description":"\"D\u00e9couvrez la mission du groupe KBV, qui consiste \u00e0 mener l'industrie de l'ameublement en combinant durabilit\u00e9, qualit\u00e9 et innovation dans la conception des cuisines.","robots":{"index":"index","follow":"follow","max-snippet":"max-snippet:-1","max-image-preview":"max-image-preview:large","max-video-preview":"max-video-preview:-1"},"canonical":"https:\/\/kbv-group.com\/fr\/","og_locale":"fr_FR","og_type":"article","og_title":"Groupe KBV - Leader dans le domaine des cuisines et du mobilier durable","og_description":"\"D\u00e9couvrez la mission du groupe KBV, qui consiste \u00e0 mener l'industrie de l'ameublement en combinant durabilit\u00e9, qualit\u00e9 et innovation dans la conception des cuisines.","og_url":"https:\/\/kbv-group.com\/fr\/","og_site_name":"KBV","article_modified_time":"2025-10-03T14:02:57+00:00","og_image":[{"url":"https:\/\/deltacocinas.com\/wp-content\/uploads\/2025\/03\/close.svg","type":"","width":"","height":""}],"twitter_card":"summary_large_image","twitter_misc":{"Dur\u00e9e de lecture estim\u00e9e":"5 minutes"},"schema":{"@context":"https:\/\/schema.org","@graph":[{"@type":"WebPage","@id":"https:\/\/kbv-group.com\/fr\/","url":"https:\/\/kbv-group.com\/fr\/","name":"Groupe KBV - Leader dans le domaine des cuisines et du mobilier durable","isPartOf":{"@id":"https:\/\/kbv-group.com\/fr\/#website"},"primaryImageOfPage":{"@id":"https:\/\/kbv-group.com\/fr\/#primaryimage"},"image":{"@id":"https:\/\/kbv-group.com\/fr\/#primaryimage"},"thumbnailUrl":"https:\/\/deltacocinas.com\/wp-content\/uploads\/2025\/03\/close.svg","datePublished":"2025-04-26T15:26:58+00:00","dateModified":"2025-10-03T14:02:57+00:00","description":"\"D\u00e9couvrez la mission du groupe KBV, qui consiste \u00e0 mener l'industrie de l'ameublement en combinant durabilit\u00e9, qualit\u00e9 et innovation dans la conception des cuisines.","breadcrumb":{"@id":"https:\/\/kbv-group.com\/fr\/#breadcrumb"},"inLanguage":"fr-FR","potentialAction":[{"@type":"ReadAction","target":["https:\/\/kbv-group.com\/fr\/"]}]},{"@type":"ImageObject","inLanguage":"fr-FR","@id":"https:\/\/kbv-group.com\/fr\/#primaryimage","url":"https:\/\/deltacocinas.com\/wp-content\/uploads\/2025\/03\/close.svg","contentUrl":"https:\/\/deltacocinas.com\/wp-content\/uploads\/2025\/03\/close.svg"},{"@type":"BreadcrumbList","@id":"https:\/\/kbv-group.com\/fr\/#breadcrumb","itemListElement":[{"@type":"ListItem","position":1,"name":"Page d'accueil","item":"https:\/\/kbv-group.com\/fr\/"},{"@type":"ListItem","position":2,"name":"Accueil"}]},{"@type":"WebSite","@id":"https:\/\/kbv-group.com\/fr\/#website","url":"https:\/\/kbv-group.com\/fr\/","name":"KBV","description":"","publisher":{"@id":"https:\/\/kbv-group.com\/fr\/#organization"},"potentialAction":[{"@type":"SearchAction","target":{"@type":"EntryPoint","urlTemplate":"https:\/\/kbv-group.com\/fr\/?s={search_term_string}"},"query-input":{"@type":"PropertyValueSpecification","valueRequired":true,"valueName":"search_term_string"}}],"inLanguage":"fr-FR"},{"@type":"Organization","@id":"https:\/\/kbv-group.com\/fr\/#organization","name":"KBV","url":"https:\/\/kbv-group.com\/fr\/","logo":{"@type":"ImageObject","inLanguage":"fr-FR","@id":"https:\/\/kbv-group.com\/fr\/#\/schema\/logo\/image\/","url":"https:\/\/kbv-group.com\/wp-content\/uploads\/2025\/04\/imagen_2025-04-21_000546637.png","contentUrl":"https:\/\/kbv-group.com\/wp-content\/uploads\/2025\/04\/imagen_2025-04-21_000546637.png","width":162,"height":82,"caption":"KBV"},"image":{"@id":"https:\/\/kbv-group.com\/fr\/#\/schema\/logo\/image\/"}}]}},"_links":{"self":[{"href":"https:\/\/kbv-group.com\/fr\/wp-json\/wp\/v2\/pages\/2072","targetHints":{"allow":["GET"]}}],"collection":[{"href":"https:\/\/kbv-group.com\/fr\/wp-json\/wp\/v2\/pages"}],"about":[{"href":"https:\/\/kbv-group.com\/fr\/wp-json\/wp\/v2\/types\/page"}],"author":[{"embeddable":true,"href":"https:\/\/kbv-group.com\/fr\/wp-json\/wp\/v2\/users\/1"}],"replies":[{"embeddable":true,"href":"https:\/\/kbv-group.com\/fr\/wp-json\/wp\/v2\/comments?post=2072"}],"version-history":[{"count":18,"href":"https:\/\/kbv-group.com\/fr\/wp-json\/wp\/v2\/pages\/2072\/revisions"}],"predecessor-version":[{"id":2521,"href":"https:\/\/kbv-group.com\/fr\/wp-json\/wp\/v2\/pages\/2072\/revisions\/2521"}],"wp:attachment":[{"href":"https:\/\/kbv-group.com\/fr\/wp-json\/wp\/v2\/media?parent=2072"}],"curies":[{"name":"wp","href":"https:\/\/api.w.org\/{rel}","templated":true}]}}