{"id":2080,"date":"2025-04-22T19:19:41","date_gmt":"2025-04-22T19:19:41","guid":{"rendered":"https:\/\/kbv-group.com\/qualite-et-innovation\/"},"modified":"2025-09-22T14:03:03","modified_gmt":"2025-09-22T14:03:03","slug":"qualite-et-innovation","status":"publish","type":"page","link":"https:\/\/kbv-group.com\/fr\/qualite-et-innovation\/","title":{"rendered":"Qualit\u00e9 et innovation"},"content":{"rendered":"\n<div class=\"gb-element-07c480d9\"><\/div>\n\n\n\n<div class=\"gb-element-594fda17\">\n<div class=\"gb-element-8d6c1e7f mx-auto\">\n<p class=\"gb-text gb-text-33c90e21\">Notre mod\u00e8le<\/p>\n\n\n\n<h1 class=\"gb-text gb-text-1cf68e43\">Qualit\u00e9 et innovation<\/h1>\n<\/div>\n<\/div>\n\n\n\n<div class=\"gb-element-2ec0f6d2 mx-auto\">\n<div class=\"gb-element-5a30b48e mx-auto\">\n<p class=\"gb-text gb-text-544d07e2 mx-auto\">Chez KBV, nous avons d\u00e9velopp\u00e9 un mod\u00e8le d&rsquo;entreprise diversifi\u00e9 qui nous permet de nous adapter \u00e0 diff\u00e9rents styles de vie et niveaux d&rsquo;investissement, sans renoncer \u00e0 notre essence : le design, la qualit\u00e9 et l&rsquo;innovation. Notre structure d&rsquo;entreprise va du luxe personnalis\u00e9 aux solutions fonctionnelles accessibles, ce qui nous permet d&rsquo;op\u00e9rer avec force dans un march\u00e9 en constante \u00e9volution. <\/p>\n<\/div>\n<\/div>\n\n\n\n<div class=\"gb-element-78458ac5 mx-auto\">\n<div class=\"gb-element-e3afbe90 mx-auto\">\n<div class=\"gb-element-1c1bfbde\">\n<div class=\"gb-element-1db56125\">\n<div>\n<h2 class=\"gb-text gb-text-9f62f068\">STRAT\u00c9GIE D&rsquo;ENTREPRISE ET DE VALEUR<\/h2>\n\n\n\n<p class=\"gb-text\">Nous combinons un r\u00e9seau commercial solide avec une strat\u00e9gie globale qui englobe le d\u00e9veloppement de produits, l&rsquo;image de marque, la communication et le service. Cette vision transversale nous permet d&rsquo;\u00e9tablir des relations durables avec nos partenaires et nos clients, et d&rsquo;offrir une exp\u00e9rience coh\u00e9rente et de qualit\u00e9 \u00e0 chaque \u00e9tape du processus : de la conception et de la production \u00e0 l&rsquo;installation finale. <\/p>\n<\/div>\n<\/div>\n\n\n\n<div class=\"gb-element-70132434\">\n<div class=\"gb-element-86aa21a8\">\n<h3 class=\"gb-text gb-text-efcb4987\">Positionnement multi-segments<\/h3>\n\n\n\n<div>\n<p class=\"gb-text gb-text-ad5c0c18\">Nous ciblons diff\u00e9rents profils de clients par le biais de marques sp\u00e9cialis\u00e9es, ce qui nous permet de r\u00e9pondre efficacement \u00e0 chaque besoin du march\u00e9 sans perdre la coh\u00e9rence de notre proposition de valeur.<\/p>\n<\/div>\n<\/div>\n\n\n\n<div class=\"gb-element-f4b65f2a\">\n<h3 class=\"gb-text gb-text-486f9fb5\">L&rsquo;omnichannel strat\u00e9gique<\/h3>\n\n\n\n<p class=\"gb-text gb-text-3a4364ef\">Nous int\u00e9grons diff\u00e9rents canaux et mod\u00e8les de relations pour nous connecter efficacement avec tous nos publics. La collaboration avec les professionnels du secteur et la projection de la marque dans des environnements cl\u00e9s nous permettent de g\u00e9n\u00e9rer une valeur durable et de renforcer notre pr\u00e9sence sur le march\u00e9. <\/p>\n<\/div>\n\n\n\n<div class=\"gb-element-9cb0776e\">\n<h3 class=\"gb-text gb-text-772bb0b2\">Approche globale et durable<\/h3>\n\n\n\n<p class=\"gb-text gb-text-42019222\">Nous nous engageons \u00e0 mettre en place des processus responsables, \u00e0 pr\u00eater attention aux d\u00e9tails et \u00e0 offrir une excellente exp\u00e9rience \u00e0 nos clients, en adoptant une approche durable depuis le choix des mat\u00e9riaux jusqu&rsquo;\u00e0 la dur\u00e9e de vie du produit.<\/p>\n<\/div>\n<\/div>\n<\/div>\n<\/div>\n<\/div>\n\n\n\n<div class=\"gb-element-e535b358\"><\/div>\n\n\n\n<div class=\"gb-element-483808cd mx-auto\">\n<div class=\"gb-element-b9ae9f50 mx-auto\">\n<h2 class=\"gb-text gb-text-818bdba2\">L&rsquo;innovation au service de l&rsquo;avenir de l&rsquo;habitat<\/h2>\n\n\n\n<p class=\"gb-text gb-text-daeb97a6 mx-auto\">Chez KBV, l&rsquo;innovation va au-del\u00e0 de l&rsquo;int\u00e9gration de technologies ; c&rsquo;est une <strong>culture d&rsquo;entreprise<\/strong> qui guide chaque d\u00e9cision et chaque processus. L&rsquo;accent mis sur la <strong>R&amp;D<\/strong> nous permet de d\u00e9velopper des solutions qui r\u00e9pondent aux besoins changeants de la maison. <\/p>\n<\/div>\n<\/div>\n\n\n\n<div class=\"gb-element-70c59f7f\">\n<div class=\"gb-element-52d3e638 kbv-swiper swiper-movilidad\">\n<div class=\"gb-element-fba17525 swiper-wrapper\">\n<div class=\"gb-element-c18e9416 swiper-slide\">\n<img loading=\"lazy\" decoding=\"async\" width=\"2000\" height=\"1296\" class=\"gb-media-88130644\" src=\"https:\/\/kbv-group.com\/wp-content\/uploads\/2025\/04\/26361c52318c5c61fc13c914e2d57368-1.jpeg\" title=\"imagen propiedad de delta cocinas ba\u00f1o habitat\" srcset=\"https:\/\/kbv-group.com\/wp-content\/uploads\/2025\/04\/26361c52318c5c61fc13c914e2d57368-1.jpeg 2000w, https:\/\/kbv-group.com\/wp-content\/uploads\/2025\/04\/26361c52318c5c61fc13c914e2d57368-1-300x194.jpeg 300w, https:\/\/kbv-group.com\/wp-content\/uploads\/2025\/04\/26361c52318c5c61fc13c914e2d57368-1-1024x664.jpeg 1024w, https:\/\/kbv-group.com\/wp-content\/uploads\/2025\/04\/26361c52318c5c61fc13c914e2d57368-1-768x498.jpeg 768w, https:\/\/kbv-group.com\/wp-content\/uploads\/2025\/04\/26361c52318c5c61fc13c914e2d57368-1-1536x995.jpeg 1536w\" sizes=\"auto, (max-width: 2000px) 100vw, 2000px\" \/>\n\n\n\n<div class=\"gb-element-eb56e851\">\n<h3 class=\"gb-text gb-text-23913aea\">Conception fonctionnelle et adaptable<\/h3>\n\n\n\n<p class=\"gb-text gb-text-2f7cea91\">Nous cr\u00e9ons des espaces qui allient esth\u00e9tique et fonctionnalit\u00e9, en nous adaptant aux besoins de chaque client et en optimisant l&rsquo;utilisation de l&rsquo;espace.<\/p>\n<\/div>\n<\/div>\n\n\n\n<div class=\"gb-element-774f9b39 swiper-slide\">\n<img loading=\"lazy\" decoding=\"async\" width=\"930\" height=\"824\" class=\"gb-media-8c7bb8e5\" src=\"https:\/\/kbv-group.com\/wp-content\/uploads\/2025\/04\/09c925bf1d2c0d496f1743941138de2c.jpeg\" title=\"09c925bf1d2c0d496f1743941138de2c\" srcset=\"https:\/\/kbv-group.com\/wp-content\/uploads\/2025\/04\/09c925bf1d2c0d496f1743941138de2c.jpeg 930w, https:\/\/kbv-group.com\/wp-content\/uploads\/2025\/04\/09c925bf1d2c0d496f1743941138de2c-300x266.jpeg 300w, https:\/\/kbv-group.com\/wp-content\/uploads\/2025\/04\/09c925bf1d2c0d496f1743941138de2c-768x680.jpeg 768w\" sizes=\"auto, (max-width: 930px) 100vw, 930px\" \/>\n\n\n\n<div class=\"gb-element-d11f4426\">\n<h3 class=\"gb-text gb-text-6a799a4f\">Technologie avanc\u00e9e<\/h3>\n\n\n\n<p class=\"gb-text gb-text-f9fc70ca\">Nous int\u00e9grons des solutions technologiques dans nos produits, telles que des surfaces antibact\u00e9riennes, des syst\u00e8mes de stockage intelligents et des mat\u00e9riaux exempts de substances toxiques.<\/p>\n<\/div>\n<\/div>\n\n\n\n<div class=\"gb-element-21cf65b8 swiper-slide\">\n<img loading=\"lazy\" decoding=\"async\" width=\"1920\" height=\"1080\" class=\"gb-media-f203d3b5\" src=\"https:\/\/kbv-group.com\/wp-content\/uploads\/2025\/04\/a2bf0055fdf6579068f30381b3507486.jpeg\" title=\"23-05_petrus_v7.1\" srcset=\"https:\/\/kbv-group.com\/wp-content\/uploads\/2025\/04\/a2bf0055fdf6579068f30381b3507486.jpeg 1920w, https:\/\/kbv-group.com\/wp-content\/uploads\/2025\/04\/a2bf0055fdf6579068f30381b3507486-300x169.jpeg 300w, https:\/\/kbv-group.com\/wp-content\/uploads\/2025\/04\/a2bf0055fdf6579068f30381b3507486-1024x576.jpeg 1024w, https:\/\/kbv-group.com\/wp-content\/uploads\/2025\/04\/a2bf0055fdf6579068f30381b3507486-768x432.jpeg 768w, https:\/\/kbv-group.com\/wp-content\/uploads\/2025\/04\/a2bf0055fdf6579068f30381b3507486-1536x864.jpeg 1536w\" sizes=\"auto, (max-width: 1920px) 100vw, 1920px\" \/>\n\n\n\n<div class=\"gb-element-0a05605b\">\n<h3 class=\"gb-text gb-text-a45a9045\">\u00c9conomie circulaire et innovation durable<\/h3>\n\n\n\n<p class=\"gb-text gb-text-9645d6a3\">Nous d\u00e9veloppons des processus qui maximisent l&rsquo;efficacit\u00e9 des ressources, minimisent les d\u00e9chets et encouragent la r\u00e9utilisation des mat\u00e9riaux, contribuant ainsi \u00e0 un mod\u00e8le d&rsquo;entreprise plus durable.<\/p>\n<\/div>\n<\/div>\n<\/div>\n<\/div>\n<\/div>\n\n\n\n<div class=\"gb-element-7e8dd064\">\n<div class=\"gb-element-fd1a8d0f\">\n<div class=\"gb-element-6381c7bb\">\n<img loading=\"lazy\" decoding=\"async\" width=\"2560\" height=\"1527\" class=\"gb-media-f575eb52\" src=\"https:\/\/kbv-group.com\/wp-content\/uploads\/2025\/04\/5f09b8bc285a3a36925d2b2ef73502fd-scaled.jpeg\" title=\"5f09b8bc285a3a36925d2b2ef73502fd\" srcset=\"https:\/\/kbv-group.com\/wp-content\/uploads\/2025\/04\/5f09b8bc285a3a36925d2b2ef73502fd-scaled.jpeg 2560w, https:\/\/kbv-group.com\/wp-content\/uploads\/2025\/04\/5f09b8bc285a3a36925d2b2ef73502fd-300x179.jpeg 300w, https:\/\/kbv-group.com\/wp-content\/uploads\/2025\/04\/5f09b8bc285a3a36925d2b2ef73502fd-1024x611.jpeg 1024w, https:\/\/kbv-group.com\/wp-content\/uploads\/2025\/04\/5f09b8bc285a3a36925d2b2ef73502fd-768x458.jpeg 768w, https:\/\/kbv-group.com\/wp-content\/uploads\/2025\/04\/5f09b8bc285a3a36925d2b2ef73502fd-1536x916.jpeg 1536w, https:\/\/kbv-group.com\/wp-content\/uploads\/2025\/04\/5f09b8bc285a3a36925d2b2ef73502fd-2048x1222.jpeg 2048w\" sizes=\"auto, (max-width: 2560px) 100vw, 2560px\" \/>\n<\/div>\n\n\n\n<div class=\"gb-element-a17c7e09 box-border\">\n<h2 class=\"gb-text gb-text-39579ecf\">L&rsquo;engagement pour l&rsquo;excellence, aujourd&rsquo;hui et toujours<\/h2>\n\n\n\n<p style=\"font-size:clamp(0.875rem, 0.875rem + ((1vw - 0.2rem) * 0.408), 1.12rem);\">Au sein du groupe KBV, notre mod\u00e8le de qualit\u00e9 et d&rsquo;innovation n&rsquo;est pas seulement une strat\u00e9gie commerciale, mais un engagement \u00e0 long terme envers nos clients, nos employ\u00e9s et l&rsquo;environnement. Chaque projet que nous d\u00e9veloppons refl\u00e8te notre engagement \u00e0 cr\u00e9er des maisons durables, fonctionnelles et de grande valeur esth\u00e9tique. <\/p>\n<\/div>\n<\/div>\n<\/div>\n\n\n\n<p><\/p>\n\n\n\n<p><\/p>\n","protected":false},"excerpt":{"rendered":"<p>Notre mod\u00e8le Qualit\u00e9 et innovation Chez KBV, nous avons d\u00e9velopp\u00e9 un mod\u00e8le d&rsquo;entreprise diversifi\u00e9 qui nous permet de nous adapter \u00e0 diff\u00e9rents styles de vie et niveaux d&rsquo;investissement, sans renoncer \u00e0 notre essence : le design, la qualit\u00e9 et l&rsquo;innovation. Notre structure d&rsquo;entreprise va du luxe personnalis\u00e9 aux solutions fonctionnelles accessibles, ce qui nous permet [&hellip;]<\/p>\n","protected":false},"author":1,"featured_media":0,"parent":0,"menu_order":0,"comment_status":"closed","ping_status":"closed","template":"wp-custom-template-plantilla-para-paginas","meta":{"footnotes":""},"class_list":["post-2080","page","type-page","status-publish","hentry"],"yoast_head":"<!-- This site is optimized with the Yoast SEO plugin v27.3 - https:\/\/yoast.com\/product\/yoast-seo-wordpress\/ -->\n<title>Qualit\u00e9 et innovation dans les meubles de cuisine durables - KBV<\/title>\n<meta name=\"description\" content=\"D\u00e9couvrez comment le groupe KBV ouvre la voie \u00e0 la conception de cuisines fonctionnelles et durables, en combinant l&#039;innovation technologique, une qualit\u00e9 sup\u00e9rieure et une approche multi-segments adapt\u00e9e \u00e0 chaque style de vie.\" \/>\n<meta name=\"robots\" content=\"index, follow, max-snippet:-1, max-image-preview:large, max-video-preview:-1\" \/>\n<link rel=\"canonical\" href=\"https:\/\/kbv-group.com\/fr\/qualite-et-innovation\/\" \/>\n<meta property=\"og:locale\" content=\"fr_FR\" \/>\n<meta property=\"og:type\" content=\"article\" \/>\n<meta property=\"og:title\" content=\"Qualit\u00e9 et innovation dans les meubles de cuisine durables - KBV\" \/>\n<meta property=\"og:description\" content=\"D\u00e9couvrez comment le groupe KBV ouvre la voie \u00e0 la conception de cuisines fonctionnelles et durables, en combinant l&#039;innovation technologique, une qualit\u00e9 sup\u00e9rieure et une approche multi-segments adapt\u00e9e \u00e0 chaque style de vie.\" \/>\n<meta property=\"og:url\" content=\"https:\/\/kbv-group.com\/fr\/qualite-et-innovation\/\" \/>\n<meta property=\"og:site_name\" content=\"KBV\" \/>\n<meta property=\"article:modified_time\" content=\"2025-09-22T14:03:03+00:00\" \/>\n<meta property=\"og:image\" content=\"https:\/\/kbv-group.com\/wp-content\/uploads\/2025\/04\/26361c52318c5c61fc13c914e2d57368-1.jpeg\" \/>\n<meta name=\"twitter:card\" content=\"summary_large_image\" \/>\n<meta name=\"twitter:label1\" content=\"Dur\u00e9e de lecture estim\u00e9e\" \/>\n\t<meta name=\"twitter:data1\" content=\"3 minutes\" \/>\n<script type=\"application\/ld+json\" class=\"yoast-schema-graph\">{\"@context\":\"https:\\\/\\\/schema.org\",\"@graph\":[{\"@type\":\"WebPage\",\"@id\":\"https:\\\/\\\/kbv-group.com\\\/fr\\\/qualite-et-innovation\\\/\",\"url\":\"https:\\\/\\\/kbv-group.com\\\/fr\\\/qualite-et-innovation\\\/\",\"name\":\"Qualit\u00e9 et innovation dans les meubles de cuisine durables - KBV\",\"isPartOf\":{\"@id\":\"https:\\\/\\\/kbv-group.com\\\/fr\\\/#website\"},\"primaryImageOfPage\":{\"@id\":\"https:\\\/\\\/kbv-group.com\\\/fr\\\/qualite-et-innovation\\\/#primaryimage\"},\"image\":{\"@id\":\"https:\\\/\\\/kbv-group.com\\\/fr\\\/qualite-et-innovation\\\/#primaryimage\"},\"thumbnailUrl\":\"https:\\\/\\\/kbv-group.com\\\/wp-content\\\/uploads\\\/2025\\\/04\\\/26361c52318c5c61fc13c914e2d57368-1.jpeg\",\"datePublished\":\"2025-04-22T19:19:41+00:00\",\"dateModified\":\"2025-09-22T14:03:03+00:00\",\"description\":\"D\u00e9couvrez comment le groupe KBV ouvre la voie \u00e0 la conception de cuisines fonctionnelles et durables, en combinant l'innovation technologique, une qualit\u00e9 sup\u00e9rieure et une approche multi-segments adapt\u00e9e \u00e0 chaque style de vie.\",\"breadcrumb\":{\"@id\":\"https:\\\/\\\/kbv-group.com\\\/fr\\\/qualite-et-innovation\\\/#breadcrumb\"},\"inLanguage\":\"fr-FR\",\"potentialAction\":[{\"@type\":\"ReadAction\",\"target\":[\"https:\\\/\\\/kbv-group.com\\\/fr\\\/qualite-et-innovation\\\/\"]}]},{\"@type\":\"ImageObject\",\"inLanguage\":\"fr-FR\",\"@id\":\"https:\\\/\\\/kbv-group.com\\\/fr\\\/qualite-et-innovation\\\/#primaryimage\",\"url\":\"https:\\\/\\\/kbv-group.com\\\/wp-content\\\/uploads\\\/2025\\\/04\\\/26361c52318c5c61fc13c914e2d57368-1.jpeg\",\"contentUrl\":\"https:\\\/\\\/kbv-group.com\\\/wp-content\\\/uploads\\\/2025\\\/04\\\/26361c52318c5c61fc13c914e2d57368-1.jpeg\"},{\"@type\":\"BreadcrumbList\",\"@id\":\"https:\\\/\\\/kbv-group.com\\\/fr\\\/qualite-et-innovation\\\/#breadcrumb\",\"itemListElement\":[{\"@type\":\"ListItem\",\"position\":1,\"name\":\"Page d'accueil\",\"item\":\"https:\\\/\\\/kbv-group.com\\\/fr\\\/\"},{\"@type\":\"ListItem\",\"position\":2,\"name\":\"Qualit\u00e9 et innovation\"}]},{\"@type\":\"WebSite\",\"@id\":\"https:\\\/\\\/kbv-group.com\\\/fr\\\/#website\",\"url\":\"https:\\\/\\\/kbv-group.com\\\/fr\\\/\",\"name\":\"KBV\",\"description\":\"\",\"publisher\":{\"@id\":\"https:\\\/\\\/kbv-group.com\\\/fr\\\/#organization\"},\"potentialAction\":[{\"@type\":\"SearchAction\",\"target\":{\"@type\":\"EntryPoint\",\"urlTemplate\":\"https:\\\/\\\/kbv-group.com\\\/fr\\\/?s={search_term_string}\"},\"query-input\":{\"@type\":\"PropertyValueSpecification\",\"valueRequired\":true,\"valueName\":\"search_term_string\"}}],\"inLanguage\":\"fr-FR\"},{\"@type\":\"Organization\",\"@id\":\"https:\\\/\\\/kbv-group.com\\\/fr\\\/#organization\",\"name\":\"KBV\",\"url\":\"https:\\\/\\\/kbv-group.com\\\/fr\\\/\",\"logo\":{\"@type\":\"ImageObject\",\"inLanguage\":\"fr-FR\",\"@id\":\"https:\\\/\\\/kbv-group.com\\\/fr\\\/#\\\/schema\\\/logo\\\/image\\\/\",\"url\":\"https:\\\/\\\/kbv-group.com\\\/wp-content\\\/uploads\\\/2025\\\/04\\\/imagen_2025-04-21_000546637.png\",\"contentUrl\":\"https:\\\/\\\/kbv-group.com\\\/wp-content\\\/uploads\\\/2025\\\/04\\\/imagen_2025-04-21_000546637.png\",\"width\":162,\"height\":82,\"caption\":\"KBV\"},\"image\":{\"@id\":\"https:\\\/\\\/kbv-group.com\\\/fr\\\/#\\\/schema\\\/logo\\\/image\\\/\"}}]}<\/script>\n<!-- \/ Yoast SEO plugin. -->","yoast_head_json":{"title":"Qualit\u00e9 et innovation dans les meubles de cuisine durables - KBV","description":"D\u00e9couvrez comment le groupe KBV ouvre la voie \u00e0 la conception de cuisines fonctionnelles et durables, en combinant l'innovation technologique, une qualit\u00e9 sup\u00e9rieure et une approche multi-segments adapt\u00e9e \u00e0 chaque style de vie.","robots":{"index":"index","follow":"follow","max-snippet":"max-snippet:-1","max-image-preview":"max-image-preview:large","max-video-preview":"max-video-preview:-1"},"canonical":"https:\/\/kbv-group.com\/fr\/qualite-et-innovation\/","og_locale":"fr_FR","og_type":"article","og_title":"Qualit\u00e9 et innovation dans les meubles de cuisine durables - KBV","og_description":"D\u00e9couvrez comment le groupe KBV ouvre la voie \u00e0 la conception de cuisines fonctionnelles et durables, en combinant l'innovation technologique, une qualit\u00e9 sup\u00e9rieure et une approche multi-segments adapt\u00e9e \u00e0 chaque style de vie.","og_url":"https:\/\/kbv-group.com\/fr\/qualite-et-innovation\/","og_site_name":"KBV","article_modified_time":"2025-09-22T14:03:03+00:00","og_image":[{"url":"https:\/\/kbv-group.com\/wp-content\/uploads\/2025\/04\/26361c52318c5c61fc13c914e2d57368-1.jpeg","type":"","width":"","height":""}],"twitter_card":"summary_large_image","twitter_misc":{"Dur\u00e9e de lecture estim\u00e9e":"3 minutes"},"schema":{"@context":"https:\/\/schema.org","@graph":[{"@type":"WebPage","@id":"https:\/\/kbv-group.com\/fr\/qualite-et-innovation\/","url":"https:\/\/kbv-group.com\/fr\/qualite-et-innovation\/","name":"Qualit\u00e9 et innovation dans les meubles de cuisine durables - KBV","isPartOf":{"@id":"https:\/\/kbv-group.com\/fr\/#website"},"primaryImageOfPage":{"@id":"https:\/\/kbv-group.com\/fr\/qualite-et-innovation\/#primaryimage"},"image":{"@id":"https:\/\/kbv-group.com\/fr\/qualite-et-innovation\/#primaryimage"},"thumbnailUrl":"https:\/\/kbv-group.com\/wp-content\/uploads\/2025\/04\/26361c52318c5c61fc13c914e2d57368-1.jpeg","datePublished":"2025-04-22T19:19:41+00:00","dateModified":"2025-09-22T14:03:03+00:00","description":"D\u00e9couvrez comment le groupe KBV ouvre la voie \u00e0 la conception de cuisines fonctionnelles et durables, en combinant l'innovation technologique, une qualit\u00e9 sup\u00e9rieure et une approche multi-segments adapt\u00e9e \u00e0 chaque style de vie.","breadcrumb":{"@id":"https:\/\/kbv-group.com\/fr\/qualite-et-innovation\/#breadcrumb"},"inLanguage":"fr-FR","potentialAction":[{"@type":"ReadAction","target":["https:\/\/kbv-group.com\/fr\/qualite-et-innovation\/"]}]},{"@type":"ImageObject","inLanguage":"fr-FR","@id":"https:\/\/kbv-group.com\/fr\/qualite-et-innovation\/#primaryimage","url":"https:\/\/kbv-group.com\/wp-content\/uploads\/2025\/04\/26361c52318c5c61fc13c914e2d57368-1.jpeg","contentUrl":"https:\/\/kbv-group.com\/wp-content\/uploads\/2025\/04\/26361c52318c5c61fc13c914e2d57368-1.jpeg"},{"@type":"BreadcrumbList","@id":"https:\/\/kbv-group.com\/fr\/qualite-et-innovation\/#breadcrumb","itemListElement":[{"@type":"ListItem","position":1,"name":"Page d'accueil","item":"https:\/\/kbv-group.com\/fr\/"},{"@type":"ListItem","position":2,"name":"Qualit\u00e9 et innovation"}]},{"@type":"WebSite","@id":"https:\/\/kbv-group.com\/fr\/#website","url":"https:\/\/kbv-group.com\/fr\/","name":"KBV","description":"","publisher":{"@id":"https:\/\/kbv-group.com\/fr\/#organization"},"potentialAction":[{"@type":"SearchAction","target":{"@type":"EntryPoint","urlTemplate":"https:\/\/kbv-group.com\/fr\/?s={search_term_string}"},"query-input":{"@type":"PropertyValueSpecification","valueRequired":true,"valueName":"search_term_string"}}],"inLanguage":"fr-FR"},{"@type":"Organization","@id":"https:\/\/kbv-group.com\/fr\/#organization","name":"KBV","url":"https:\/\/kbv-group.com\/fr\/","logo":{"@type":"ImageObject","inLanguage":"fr-FR","@id":"https:\/\/kbv-group.com\/fr\/#\/schema\/logo\/image\/","url":"https:\/\/kbv-group.com\/wp-content\/uploads\/2025\/04\/imagen_2025-04-21_000546637.png","contentUrl":"https:\/\/kbv-group.com\/wp-content\/uploads\/2025\/04\/imagen_2025-04-21_000546637.png","width":162,"height":82,"caption":"KBV"},"image":{"@id":"https:\/\/kbv-group.com\/fr\/#\/schema\/logo\/image\/"}}]}},"_links":{"self":[{"href":"https:\/\/kbv-group.com\/fr\/wp-json\/wp\/v2\/pages\/2080","targetHints":{"allow":["GET"]}}],"collection":[{"href":"https:\/\/kbv-group.com\/fr\/wp-json\/wp\/v2\/pages"}],"about":[{"href":"https:\/\/kbv-group.com\/fr\/wp-json\/wp\/v2\/types\/page"}],"author":[{"embeddable":true,"href":"https:\/\/kbv-group.com\/fr\/wp-json\/wp\/v2\/users\/1"}],"replies":[{"embeddable":true,"href":"https:\/\/kbv-group.com\/fr\/wp-json\/wp\/v2\/comments?post=2080"}],"version-history":[{"count":2,"href":"https:\/\/kbv-group.com\/fr\/wp-json\/wp\/v2\/pages\/2080\/revisions"}],"predecessor-version":[{"id":2384,"href":"https:\/\/kbv-group.com\/fr\/wp-json\/wp\/v2\/pages\/2080\/revisions\/2384"}],"wp:attachment":[{"href":"https:\/\/kbv-group.com\/fr\/wp-json\/wp\/v2\/media?parent=2080"}],"curies":[{"name":"wp","href":"https:\/\/api.w.org\/{rel}","templated":true}]}}