{"id":2162,"date":"2025-04-16T05:54:30","date_gmt":"2025-04-16T05:54:30","guid":{"rendered":"https:\/\/kbv-group.com\/leadership\/"},"modified":"2025-09-22T14:02:19","modified_gmt":"2025-09-22T14:02:19","slug":"leadership","status":"publish","type":"page","link":"https:\/\/kbv-group.com\/fr\/leadership\/","title":{"rendered":"Leadership"},"content":{"rendered":"\n<div class=\"gb-element-07c480d9\"><\/div>\n\n\n\n<div class=\"gb-element-594fda17\">\n<div class=\"gb-element-8d6c1e7f\">\n<p class=\"gb-text gb-text-33c90e21\">leadership<\/p>\n\n\n\n<h1 class=\"gb-text gb-text-1cf68e43\">une \u00e9quipe engag\u00e9e<\/h1>\n<\/div>\n<\/div>\n\n\n\n<div class=\"gb-element-f722f2c7\">\n<div class=\"gb-element-1a193aaf\">\n<div class=\"gb-element-062c62e3\">\n<img loading=\"lazy\" decoding=\"async\" width=\"1350\" height=\"1800\" class=\"gb-media-6f7ec23d\" src=\"https:\/\/kbv-group.com\/wp-content\/uploads\/2025\/04\/1c11dc67567ece2383e9683c0148108bed78ced8.jpg\" title=\"1c11dc67567ece2383e9683c0148108bed78ced8\" srcset=\"https:\/\/kbv-group.com\/wp-content\/uploads\/2025\/04\/1c11dc67567ece2383e9683c0148108bed78ced8.jpg 1350w, https:\/\/kbv-group.com\/wp-content\/uploads\/2025\/04\/1c11dc67567ece2383e9683c0148108bed78ced8-225x300.jpg 225w, https:\/\/kbv-group.com\/wp-content\/uploads\/2025\/04\/1c11dc67567ece2383e9683c0148108bed78ced8-768x1024.jpg 768w, https:\/\/kbv-group.com\/wp-content\/uploads\/2025\/04\/1c11dc67567ece2383e9683c0148108bed78ced8-1152x1536.jpg 1152w\" sizes=\"auto, (max-width: 1350px) 100vw, 1350px\" \/>\n<\/div>\n\n\n\n<div class=\"gb-element-8bc64ebc box-border\">\n<h2 class=\"gb-text gb-text-5cfa67b9\">LUIS VICENS<\/h2>\n\n\n\n<p class=\"gb-text gb-text-144b130e\">Luis a rejoint KBV en 2022 en tant que CEO. Il a occup\u00e9 diff\u00e9rents postes chez Hilding Anders et Grupo Gallardo Balboa (soci\u00e9t\u00e9s du portefeuille de Candover, Arle Capital et KKR). Auparavant, il a travaill\u00e9 en Espagne et \u00e0 l&rsquo;\u00e9tranger chez Schneider Electric et Danone, deux entreprises de l&rsquo;Euro Stoxx 50. Luis est titulaire d&rsquo;un dipl\u00f4me en administration et gestion des affaires et d&rsquo;un MBA de l&rsquo;ESADE et a suivi un programme de d\u00e9veloppement de la gestion \u00e0 l&rsquo;IESE.   <\/p>\n<\/div>\n<\/div>\n<\/div>\n\n\n\n<div class=\"gb-element-12cad47e\">\n<div class=\"gb-element-8a9dd599 mx-auto\">\n<div class=\"gb-element-7ee47d0c\">\n<img loading=\"lazy\" decoding=\"async\" width=\"1350\" height=\"1800\" class=\"gb-media-9edd2ad5\" src=\"https:\/\/kbv-group.com\/wp-content\/uploads\/2025\/04\/7422ba22d2a8934df9ab62f804ebc0017ecd2685.jpg\" title=\"7422ba22d2a8934df9ab62f804ebc0017ecd2685\" srcset=\"https:\/\/kbv-group.com\/wp-content\/uploads\/2025\/04\/7422ba22d2a8934df9ab62f804ebc0017ecd2685.jpg 1350w, https:\/\/kbv-group.com\/wp-content\/uploads\/2025\/04\/7422ba22d2a8934df9ab62f804ebc0017ecd2685-225x300.jpg 225w, https:\/\/kbv-group.com\/wp-content\/uploads\/2025\/04\/7422ba22d2a8934df9ab62f804ebc0017ecd2685-768x1024.jpg 768w, https:\/\/kbv-group.com\/wp-content\/uploads\/2025\/04\/7422ba22d2a8934df9ab62f804ebc0017ecd2685-1152x1536.jpg 1152w\" sizes=\"auto, (max-width: 1350px) 100vw, 1350px\" \/>\n<\/div>\n\n\n\n<div class=\"gb-element-73cb767e box-border\">\n<h2 class=\"gb-text gb-text-de584ab6\">JUAN A. AND\u00daJAR<\/h2>\n\n\n\n<p class=\"gb-text gb-text-6a12ee56\">Juan A est CFO et IT Director. Il a rejoint KBV en 2022. Avant de rejoindre le groupe, il a travaill\u00e9 comme CFO chez Grupo OM Comunicaci\u00f3n Visual et Araven (soci\u00e9t\u00e9s du portefeuille de Nazca et GED Capital), menant leur processus de professionnalisation. Auparavant, il \u00e9tait contr\u00f4leur de gestion chez Schindler, en Espagne et en France. Juan A. est titulaire d&rsquo;un dipl\u00f4me en administration des affaires et en gestion de l&rsquo;universit\u00e9 Complutense de Madrid et a suivi un programme de d\u00e9veloppement de la gestion \u00e0 l&rsquo;IESE.   <\/p>\n<\/div>\n<\/div>\n<\/div>\n\n\n\n<div class=\"gb-element-144a10ff mx-auto\">\n<div class=\"gb-element-5221bcb9\">\n<div class=\"gb-element-ac7785c9\">\n<img loading=\"lazy\" decoding=\"async\" width=\"1350\" height=\"1800\" class=\"gb-media-b37d34b6\" src=\"https:\/\/kbv-group.com\/wp-content\/uploads\/2025\/04\/487f322d5c3f5eb01f74ca8e5c45ec57b41d6a95.jpg\" title=\"487f322d5c3f5eb01f74ca8e5c45ec57b41d6a95\" srcset=\"https:\/\/kbv-group.com\/wp-content\/uploads\/2025\/04\/487f322d5c3f5eb01f74ca8e5c45ec57b41d6a95.jpg 1350w, https:\/\/kbv-group.com\/wp-content\/uploads\/2025\/04\/487f322d5c3f5eb01f74ca8e5c45ec57b41d6a95-225x300.jpg 225w, https:\/\/kbv-group.com\/wp-content\/uploads\/2025\/04\/487f322d5c3f5eb01f74ca8e5c45ec57b41d6a95-768x1024.jpg 768w, https:\/\/kbv-group.com\/wp-content\/uploads\/2025\/04\/487f322d5c3f5eb01f74ca8e5c45ec57b41d6a95-1152x1536.jpg 1152w\" sizes=\"auto, (max-width: 1350px) 100vw, 1350px\" \/>\n<\/div>\n\n\n\n<div class=\"gb-element-6053290c box-border\">\n<h2 class=\"gb-text gb-text-70559881\">SERGI FERRE<\/h2>\n\n\n\n<p class=\"gb-text gb-text-359cba86\">Sergi a rejoint KBV en mars 2022 en tant que Directeur Commercial. Auparavant, il a travaill\u00e9 8 ans chez Salgar et plus de 11 ans chez Roca, toujours avec des responsabilit\u00e9s dans le d\u00e9partement commercial et de d\u00e9veloppement des affaires. Sergi est titulaire d&rsquo;un dipl\u00f4me en administration des affaires et en gestion de l&rsquo;UAB. Il a \u00e9galement obtenu un dipl\u00f4me en gestion internationale \u00e0 l&rsquo;universit\u00e9 de Mannheim gr\u00e2ce \u00e0 une bourse du programme 4 Motors of Europe de l&rsquo;UE et, en 2012, il a termin\u00e9 un Executive MBA \u00e0 l&rsquo;Esade.   <\/p>\n<\/div>\n<\/div>\n<\/div>\n\n\n\n<div class=\"gb-element-288f2f04\">\n<div class=\"gb-element-2096a304 mx-auto\">\n<div class=\"gb-element-3e073e5c\">\n<img loading=\"lazy\" decoding=\"async\" width=\"1350\" height=\"1800\" class=\"gb-media-d8686973\" src=\"https:\/\/kbv-group.com\/wp-content\/uploads\/2025\/04\/0f6adc598727becb86e55fd37d27ea9bea7d5858.jpg\" title=\"0f6adc598727becb86e55fd37d27ea9bea7d5858\" srcset=\"https:\/\/kbv-group.com\/wp-content\/uploads\/2025\/04\/0f6adc598727becb86e55fd37d27ea9bea7d5858.jpg 1350w, https:\/\/kbv-group.com\/wp-content\/uploads\/2025\/04\/0f6adc598727becb86e55fd37d27ea9bea7d5858-225x300.jpg 225w, https:\/\/kbv-group.com\/wp-content\/uploads\/2025\/04\/0f6adc598727becb86e55fd37d27ea9bea7d5858-768x1024.jpg 768w, https:\/\/kbv-group.com\/wp-content\/uploads\/2025\/04\/0f6adc598727becb86e55fd37d27ea9bea7d5858-1152x1536.jpg 1152w\" sizes=\"auto, (max-width: 1350px) 100vw, 1350px\" \/>\n<\/div>\n\n\n\n<div class=\"gb-element-48d0d964 box-border\">\n<h2 class=\"gb-text gb-text-28ed90ea\">JAVIER LAZCOZ<\/h2>\n\n\n\n<p class=\"gb-text gb-text-89895f9a\">Javier rejoint KBV en tant que COO en 2024 apr\u00e8s une longue carri\u00e8re professionnelle dans les secteurs de l&rsquo;automobile, de l&rsquo;agroalimentaire, de l&rsquo;a\u00e9ronautique et du mobilier de salle de bain\/douche, o\u00f9 il a exerc\u00e9 des responsabilit\u00e9s de gestion et de direction industrielle, technique et d&rsquo;usine. Il a travaill\u00e9 chez DELPHI Automotive Systems, Mondragon Group, PLANASA, ICER BRAKES, AERNNOVA et FIORA. Javier est ing\u00e9nieur technique en \u00e9lectronique (MU) et titulaire d&rsquo;une ma\u00eetrise en gestion sup\u00e9rieure des entreprises agroalimentaires (UPNA).  <\/p>\n<\/div>\n<\/div>\n<\/div>\n\n\n\n<p><\/p>\n\n\n\n<p><\/p>\n\n\n\n<p><\/p>\n","protected":false},"excerpt":{"rendered":"<p>leadership une \u00e9quipe engag\u00e9e LUIS VICENS Luis a rejoint KBV en 2022 en tant que CEO. Il a occup\u00e9 diff\u00e9rents postes chez Hilding Anders et Grupo Gallardo Balboa (soci\u00e9t\u00e9s du portefeuille de Candover, Arle Capital et KKR). Auparavant, il a travaill\u00e9 en Espagne et \u00e0 l&rsquo;\u00e9tranger chez Schneider Electric et Danone, deux entreprises de l&rsquo;Euro [&hellip;]<\/p>\n","protected":false},"author":1,"featured_media":0,"parent":0,"menu_order":0,"comment_status":"closed","ping_status":"closed","template":"wp-custom-template-plantilla-para-paginas","meta":{"footnotes":""},"class_list":["post-2162","page","type-page","status-publish","hentry"],"yoast_head":"<!-- This site is optimized with the Yoast SEO plugin v27.3 - https:\/\/yoast.com\/product\/yoast-seo-wordpress\/ -->\n<title>\u00c9quipe de direction - KBV<\/title>\n<meta name=\"description\" content=\"D\u00e9couvrez l&#039;\u00e9quipe dirigeante du groupe KBV : des professionnels dot\u00e9s d&#039;une grande exp\u00e9rience dans le secteur de l&#039;ameublement, qui conduisent la croissance durable de l&#039;entreprise.\" \/>\n<meta name=\"robots\" content=\"index, follow, max-snippet:-1, max-image-preview:large, max-video-preview:-1\" \/>\n<link rel=\"canonical\" href=\"https:\/\/kbv-group.com\/fr\/leadership\/\" \/>\n<meta property=\"og:locale\" content=\"fr_FR\" \/>\n<meta property=\"og:type\" content=\"article\" \/>\n<meta property=\"og:title\" content=\"\u00c9quipe de direction - KBV\" \/>\n<meta property=\"og:description\" content=\"D\u00e9couvrez l&#039;\u00e9quipe dirigeante du groupe KBV : des professionnels dot\u00e9s d&#039;une grande exp\u00e9rience dans le secteur de l&#039;ameublement, qui conduisent la croissance durable de l&#039;entreprise.\" \/>\n<meta property=\"og:url\" content=\"https:\/\/kbv-group.com\/fr\/leadership\/\" \/>\n<meta property=\"og:site_name\" content=\"KBV\" \/>\n<meta property=\"article:modified_time\" content=\"2025-09-22T14:02:19+00:00\" \/>\n<meta property=\"og:image\" content=\"https:\/\/kbv-group.com\/wp-content\/uploads\/2025\/04\/1c11dc67567ece2383e9683c0148108bed78ced8.jpg\" \/>\n<meta name=\"twitter:card\" content=\"summary_large_image\" \/>\n<meta name=\"twitter:label1\" content=\"Dur\u00e9e de lecture estim\u00e9e\" \/>\n\t<meta name=\"twitter:data1\" content=\"3 minutes\" \/>\n<script type=\"application\/ld+json\" class=\"yoast-schema-graph\">{\"@context\":\"https:\\\/\\\/schema.org\",\"@graph\":[{\"@type\":\"WebPage\",\"@id\":\"https:\\\/\\\/kbv-group.com\\\/fr\\\/leadership\\\/\",\"url\":\"https:\\\/\\\/kbv-group.com\\\/fr\\\/leadership\\\/\",\"name\":\"\u00c9quipe de direction - KBV\",\"isPartOf\":{\"@id\":\"https:\\\/\\\/kbv-group.com\\\/fr\\\/#website\"},\"primaryImageOfPage\":{\"@id\":\"https:\\\/\\\/kbv-group.com\\\/fr\\\/leadership\\\/#primaryimage\"},\"image\":{\"@id\":\"https:\\\/\\\/kbv-group.com\\\/fr\\\/leadership\\\/#primaryimage\"},\"thumbnailUrl\":\"https:\\\/\\\/kbv-group.com\\\/wp-content\\\/uploads\\\/2025\\\/04\\\/1c11dc67567ece2383e9683c0148108bed78ced8.jpg\",\"datePublished\":\"2025-04-16T05:54:30+00:00\",\"dateModified\":\"2025-09-22T14:02:19+00:00\",\"description\":\"D\u00e9couvrez l'\u00e9quipe dirigeante du groupe KBV : des professionnels dot\u00e9s d'une grande exp\u00e9rience dans le secteur de l'ameublement, qui conduisent la croissance durable de l'entreprise.\",\"breadcrumb\":{\"@id\":\"https:\\\/\\\/kbv-group.com\\\/fr\\\/leadership\\\/#breadcrumb\"},\"inLanguage\":\"fr-FR\",\"potentialAction\":[{\"@type\":\"ReadAction\",\"target\":[\"https:\\\/\\\/kbv-group.com\\\/fr\\\/leadership\\\/\"]}]},{\"@type\":\"ImageObject\",\"inLanguage\":\"fr-FR\",\"@id\":\"https:\\\/\\\/kbv-group.com\\\/fr\\\/leadership\\\/#primaryimage\",\"url\":\"https:\\\/\\\/kbv-group.com\\\/wp-content\\\/uploads\\\/2025\\\/04\\\/1c11dc67567ece2383e9683c0148108bed78ced8.jpg\",\"contentUrl\":\"https:\\\/\\\/kbv-group.com\\\/wp-content\\\/uploads\\\/2025\\\/04\\\/1c11dc67567ece2383e9683c0148108bed78ced8.jpg\"},{\"@type\":\"BreadcrumbList\",\"@id\":\"https:\\\/\\\/kbv-group.com\\\/fr\\\/leadership\\\/#breadcrumb\",\"itemListElement\":[{\"@type\":\"ListItem\",\"position\":1,\"name\":\"Page d'accueil\",\"item\":\"https:\\\/\\\/kbv-group.com\\\/fr\\\/\"},{\"@type\":\"ListItem\",\"position\":2,\"name\":\"Leadership\"}]},{\"@type\":\"WebSite\",\"@id\":\"https:\\\/\\\/kbv-group.com\\\/fr\\\/#website\",\"url\":\"https:\\\/\\\/kbv-group.com\\\/fr\\\/\",\"name\":\"KBV\",\"description\":\"\",\"publisher\":{\"@id\":\"https:\\\/\\\/kbv-group.com\\\/fr\\\/#organization\"},\"potentialAction\":[{\"@type\":\"SearchAction\",\"target\":{\"@type\":\"EntryPoint\",\"urlTemplate\":\"https:\\\/\\\/kbv-group.com\\\/fr\\\/?s={search_term_string}\"},\"query-input\":{\"@type\":\"PropertyValueSpecification\",\"valueRequired\":true,\"valueName\":\"search_term_string\"}}],\"inLanguage\":\"fr-FR\"},{\"@type\":\"Organization\",\"@id\":\"https:\\\/\\\/kbv-group.com\\\/fr\\\/#organization\",\"name\":\"KBV\",\"url\":\"https:\\\/\\\/kbv-group.com\\\/fr\\\/\",\"logo\":{\"@type\":\"ImageObject\",\"inLanguage\":\"fr-FR\",\"@id\":\"https:\\\/\\\/kbv-group.com\\\/fr\\\/#\\\/schema\\\/logo\\\/image\\\/\",\"url\":\"https:\\\/\\\/kbv-group.com\\\/wp-content\\\/uploads\\\/2025\\\/04\\\/imagen_2025-04-21_000546637.png\",\"contentUrl\":\"https:\\\/\\\/kbv-group.com\\\/wp-content\\\/uploads\\\/2025\\\/04\\\/imagen_2025-04-21_000546637.png\",\"width\":162,\"height\":82,\"caption\":\"KBV\"},\"image\":{\"@id\":\"https:\\\/\\\/kbv-group.com\\\/fr\\\/#\\\/schema\\\/logo\\\/image\\\/\"}}]}<\/script>\n<!-- \/ Yoast SEO plugin. -->","yoast_head_json":{"title":"\u00c9quipe de direction - KBV","description":"D\u00e9couvrez l'\u00e9quipe dirigeante du groupe KBV : des professionnels dot\u00e9s d'une grande exp\u00e9rience dans le secteur de l'ameublement, qui conduisent la croissance durable de l'entreprise.","robots":{"index":"index","follow":"follow","max-snippet":"max-snippet:-1","max-image-preview":"max-image-preview:large","max-video-preview":"max-video-preview:-1"},"canonical":"https:\/\/kbv-group.com\/fr\/leadership\/","og_locale":"fr_FR","og_type":"article","og_title":"\u00c9quipe de direction - KBV","og_description":"D\u00e9couvrez l'\u00e9quipe dirigeante du groupe KBV : des professionnels dot\u00e9s d'une grande exp\u00e9rience dans le secteur de l'ameublement, qui conduisent la croissance durable de l'entreprise.","og_url":"https:\/\/kbv-group.com\/fr\/leadership\/","og_site_name":"KBV","article_modified_time":"2025-09-22T14:02:19+00:00","og_image":[{"url":"https:\/\/kbv-group.com\/wp-content\/uploads\/2025\/04\/1c11dc67567ece2383e9683c0148108bed78ced8.jpg","type":"","width":"","height":""}],"twitter_card":"summary_large_image","twitter_misc":{"Dur\u00e9e de lecture estim\u00e9e":"3 minutes"},"schema":{"@context":"https:\/\/schema.org","@graph":[{"@type":"WebPage","@id":"https:\/\/kbv-group.com\/fr\/leadership\/","url":"https:\/\/kbv-group.com\/fr\/leadership\/","name":"\u00c9quipe de direction - KBV","isPartOf":{"@id":"https:\/\/kbv-group.com\/fr\/#website"},"primaryImageOfPage":{"@id":"https:\/\/kbv-group.com\/fr\/leadership\/#primaryimage"},"image":{"@id":"https:\/\/kbv-group.com\/fr\/leadership\/#primaryimage"},"thumbnailUrl":"https:\/\/kbv-group.com\/wp-content\/uploads\/2025\/04\/1c11dc67567ece2383e9683c0148108bed78ced8.jpg","datePublished":"2025-04-16T05:54:30+00:00","dateModified":"2025-09-22T14:02:19+00:00","description":"D\u00e9couvrez l'\u00e9quipe dirigeante du groupe KBV : des professionnels dot\u00e9s d'une grande exp\u00e9rience dans le secteur de l'ameublement, qui conduisent la croissance durable de l'entreprise.","breadcrumb":{"@id":"https:\/\/kbv-group.com\/fr\/leadership\/#breadcrumb"},"inLanguage":"fr-FR","potentialAction":[{"@type":"ReadAction","target":["https:\/\/kbv-group.com\/fr\/leadership\/"]}]},{"@type":"ImageObject","inLanguage":"fr-FR","@id":"https:\/\/kbv-group.com\/fr\/leadership\/#primaryimage","url":"https:\/\/kbv-group.com\/wp-content\/uploads\/2025\/04\/1c11dc67567ece2383e9683c0148108bed78ced8.jpg","contentUrl":"https:\/\/kbv-group.com\/wp-content\/uploads\/2025\/04\/1c11dc67567ece2383e9683c0148108bed78ced8.jpg"},{"@type":"BreadcrumbList","@id":"https:\/\/kbv-group.com\/fr\/leadership\/#breadcrumb","itemListElement":[{"@type":"ListItem","position":1,"name":"Page d'accueil","item":"https:\/\/kbv-group.com\/fr\/"},{"@type":"ListItem","position":2,"name":"Leadership"}]},{"@type":"WebSite","@id":"https:\/\/kbv-group.com\/fr\/#website","url":"https:\/\/kbv-group.com\/fr\/","name":"KBV","description":"","publisher":{"@id":"https:\/\/kbv-group.com\/fr\/#organization"},"potentialAction":[{"@type":"SearchAction","target":{"@type":"EntryPoint","urlTemplate":"https:\/\/kbv-group.com\/fr\/?s={search_term_string}"},"query-input":{"@type":"PropertyValueSpecification","valueRequired":true,"valueName":"search_term_string"}}],"inLanguage":"fr-FR"},{"@type":"Organization","@id":"https:\/\/kbv-group.com\/fr\/#organization","name":"KBV","url":"https:\/\/kbv-group.com\/fr\/","logo":{"@type":"ImageObject","inLanguage":"fr-FR","@id":"https:\/\/kbv-group.com\/fr\/#\/schema\/logo\/image\/","url":"https:\/\/kbv-group.com\/wp-content\/uploads\/2025\/04\/imagen_2025-04-21_000546637.png","contentUrl":"https:\/\/kbv-group.com\/wp-content\/uploads\/2025\/04\/imagen_2025-04-21_000546637.png","width":162,"height":82,"caption":"KBV"},"image":{"@id":"https:\/\/kbv-group.com\/fr\/#\/schema\/logo\/image\/"}}]}},"_links":{"self":[{"href":"https:\/\/kbv-group.com\/fr\/wp-json\/wp\/v2\/pages\/2162","targetHints":{"allow":["GET"]}}],"collection":[{"href":"https:\/\/kbv-group.com\/fr\/wp-json\/wp\/v2\/pages"}],"about":[{"href":"https:\/\/kbv-group.com\/fr\/wp-json\/wp\/v2\/types\/page"}],"author":[{"embeddable":true,"href":"https:\/\/kbv-group.com\/fr\/wp-json\/wp\/v2\/users\/1"}],"replies":[{"embeddable":true,"href":"https:\/\/kbv-group.com\/fr\/wp-json\/wp\/v2\/comments?post=2162"}],"version-history":[{"count":2,"href":"https:\/\/kbv-group.com\/fr\/wp-json\/wp\/v2\/pages\/2162\/revisions"}],"predecessor-version":[{"id":2383,"href":"https:\/\/kbv-group.com\/fr\/wp-json\/wp\/v2\/pages\/2162\/revisions\/2383"}],"wp:attachment":[{"href":"https:\/\/kbv-group.com\/fr\/wp-json\/wp\/v2\/media?parent=2162"}],"curies":[{"name":"wp","href":"https:\/\/api.w.org\/{rel}","templated":true}]}}