{"id":2173,"date":"2025-04-16T05:54:21","date_gmt":"2025-04-16T05:54:21","guid":{"rendered":"https:\/\/kbv-group.com\/qui-sommes-nous\/"},"modified":"2025-10-03T12:58:43","modified_gmt":"2025-10-03T12:58:43","slug":"qui-sommes-nous","status":"publish","type":"page","link":"https:\/\/kbv-group.com\/fr\/qui-sommes-nous\/","title":{"rendered":"Qui sommes-nous ?"},"content":{"rendered":"\n<div class=\"gb-element-07c480d9\"><\/div>\n\n\n\n<div class=\"gb-element-594fda17\">\n<div class=\"gb-element-8d6c1e7f\">\n<p class=\"gb-text gb-text-33c90e21\">Notre histoire<\/p>\n\n\n\n<h1 class=\"gb-text gb-text-1cf68e43\">La voie de l&rsquo;innovation et de la durabilit\u00e9<\/h1>\n<\/div>\n<\/div>\n\n\n\n<div class=\"gb-element-2ec0f6d2 mx-auto\">\n<div class=\"gb-element-5a30b48e\">\n<p class=\"gb-text gb-text-fc0a763c\">KBV est n\u00e9e avec une vision claire : <strong>transformer les espaces domestiques<\/strong> gr\u00e2ce \u00e0 des solutions qui allient design, fonctionnalit\u00e9 et durabilit\u00e9. Ce qui n&rsquo;\u00e9tait au d\u00e9part qu&rsquo;une entreprise ax\u00e9e sur la fabrication de cuisines est devenu une r\u00e9f\u00e9rence dans le secteur du mobilier int\u00e9gral pour la maison, couvrant les <strong>cuisines, la maison et les salles de bains<\/strong>. <\/p>\n\n\n\n<p class=\"gb-text gb-text-7981dba3\">D\u00e8s nos d\u00e9buts, nous avons compris que la qualit\u00e9 et l&rsquo;innovation devaient \u00eatre des piliers fondamentaux, mais nous avons \u00e9galement suppos\u00e9 que l&rsquo;avenir du secteur devait \u00eatre bas\u00e9 sur la <strong>durabilit\u00e9 et la gestion \u00e9thique.<\/strong> Cette approche nous a conduits \u00e0 \u00e9voluer constamment, en adaptant nos processus et nos produits aux besoins d&rsquo;un march\u00e9 de plus en plus conscient et exigeant.<\/p>\n<\/div>\n<\/div>\n\n\n\n<div class=\"gb-element-12cad47e\">\n<div class=\"gb-element-8a9dd599\">\n<div class=\"gb-element-7ee47d0c\">\n<img loading=\"lazy\" decoding=\"async\" width=\"2560\" height=\"1356\" class=\"gb-media-f575eb52\" src=\"https:\/\/kbv-group.com\/wp-content\/uploads\/2025\/04\/ea23edb59047d1e72ab4398c713db079-scaled.jpeg\" title=\"ea23edb59047d1e72ab4398c713db079\" srcset=\"https:\/\/kbv-group.com\/wp-content\/uploads\/2025\/04\/ea23edb59047d1e72ab4398c713db079-scaled.jpeg 2560w, https:\/\/kbv-group.com\/wp-content\/uploads\/2025\/04\/ea23edb59047d1e72ab4398c713db079-300x159.jpeg 300w, https:\/\/kbv-group.com\/wp-content\/uploads\/2025\/04\/ea23edb59047d1e72ab4398c713db079-1024x542.jpeg 1024w, https:\/\/kbv-group.com\/wp-content\/uploads\/2025\/04\/ea23edb59047d1e72ab4398c713db079-768x407.jpeg 768w, https:\/\/kbv-group.com\/wp-content\/uploads\/2025\/04\/ea23edb59047d1e72ab4398c713db079-1536x813.jpeg 1536w, https:\/\/kbv-group.com\/wp-content\/uploads\/2025\/04\/ea23edb59047d1e72ab4398c713db079-2048x1085.jpeg 2048w\" sizes=\"auto, (max-width: 2560px) 100vw, 2560px\" \/>\n<\/div>\n\n\n\n<div class=\"gb-element-73cb767e box-border\">\n<h2 class=\"gb-text gb-text-de584ab6\">Evolution vers un mod\u00e8le durable<\/h2>\n\n\n\n<p style=\"font-size:clamp(0.875rem, 0.875rem + ((1vw - 0.2rem) * 0.408), 1.12rem);\">Au fur et \u00e0 mesure que nous \u00e9tendons nos activit\u00e9s, nous int\u00e9grons les <strong>principes ESG<\/strong> (environnementaux, sociaux et de gouvernance) \u00e0 chaque \u00e9tape de notre activit\u00e9, consolidant ainsi une culture d&rsquo;entreprise o\u00f9 l&rsquo;innovation durable et la responsabilit\u00e9 sociale sont indissociables de notre activit\u00e9 quotidienne.<\/p>\n\n\n\n<p style=\"font-size:clamp(0.875rem, 0.875rem + ((1vw - 0.2rem) * 0.408), 1.12rem);\">Nous adoptons des pratiques de <strong>production responsables<\/strong>, en optimisant l&rsquo;efficacit\u00e9 \u00e9nerg\u00e9tique de nos installations et en r\u00e9duisant notre empreinte carbone gr\u00e2ce \u00e0 l&rsquo;utilisation d&rsquo;\u00e9nergies renouvelables. En outre, nous explorons activement des alternatives de composants ayant un impact environnemental plus faible, sans compromettre la qualit\u00e9 ou la fonctionnalit\u00e9. Cet engagement refl\u00e8te notre d\u00e9termination \u00e0 ne pas nous contenter de respecter les normes industrielles, mais \u00e0 contribuer activement \u00e0 un impact positif sur l&rsquo;environnement et la soci\u00e9t\u00e9.  <\/p>\n<\/div>\n<\/div>\n<\/div>\n\n\n\n<div class=\"gb-element-5d1d48b0 mx-auto\">\n<div class=\"gb-element-3410042e\">\n<p class=\"gb-text gb-text-ea8e393a\">Le d\u00e9veloppement de la KBV a \u00e9t\u00e9 possible gr\u00e2ce \u00e0 l&rsquo;engagement d&rsquo;une \u00e9quipe qui partage les m\u00eames valeurs. <strong>Les personnes sont au c\u0153ur de notre organisation<\/strong>, non seulement en tant que clients, mais aussi en tant qu&#8217;employ\u00e9s, fournisseurs et partenaires strat\u00e9giques. Nous encourageons le talent, la diversit\u00e9 et le d\u00e9veloppement professionnel, sachant que le succ\u00e8s de l&rsquo;entreprise est directement li\u00e9 au bien-\u00eatre et \u00e0 l&rsquo;\u00e9panouissement de ceux qui la composent. <\/p>\n\n\n\n<div class=\"gb-element-5882227e\">\n<a class=\"gb-text gb-text-8cccbadf inline-block\" href=\"https:\/\/kbv-group.com\/fr\/durabilite\/\" target=\"_blank\" rel=\"noopener\">En savoir plus sur nos engagements<\/a>\n<\/div>\n<\/div>\n<\/div>\n\n\n\n<div class=\"gb-element-f722f2c7\">\n<div class=\"gb-element-1a193aaf\">\n<div class=\"gb-element-062c62e3\">\n<img loading=\"lazy\" decoding=\"async\" width=\"2560\" height=\"1708\" class=\"gb-media-6a111497\" src=\"https:\/\/kbv-group.com\/wp-content\/uploads\/2025\/04\/e7879c39a09d6239588a3f004061240b-scaled.jpeg\" title=\"e7879c39a09d6239588a3f004061240b\" srcset=\"https:\/\/kbv-group.com\/wp-content\/uploads\/2025\/04\/e7879c39a09d6239588a3f004061240b-scaled.jpeg 2560w, https:\/\/kbv-group.com\/wp-content\/uploads\/2025\/04\/e7879c39a09d6239588a3f004061240b-300x200.jpeg 300w, https:\/\/kbv-group.com\/wp-content\/uploads\/2025\/04\/e7879c39a09d6239588a3f004061240b-1024x683.jpeg 1024w, https:\/\/kbv-group.com\/wp-content\/uploads\/2025\/04\/e7879c39a09d6239588a3f004061240b-768x512.jpeg 768w, https:\/\/kbv-group.com\/wp-content\/uploads\/2025\/04\/e7879c39a09d6239588a3f004061240b-1536x1025.jpeg 1536w, https:\/\/kbv-group.com\/wp-content\/uploads\/2025\/04\/e7879c39a09d6239588a3f004061240b-2048x1367.jpeg 2048w\" sizes=\"auto, (max-width: 2560px) 100vw, 2560px\" \/>\n<\/div>\n\n\n\n<div class=\"gb-element-8bc64ebc box-border\">\n<h2 class=\"gb-text gb-text-5cfa67b9\">Regarder vers l&rsquo;avenir : des maisons durables et fonctionnelles<\/h2>\n\n\n\n<p style=\"font-size:clamp(0.875rem, 0.875rem + ((1vw - 0.2rem) * 0.408), 1.12rem);\">Aujourd&rsquo;hui, KBV se positionne comme une r\u00e9f\u00e9rence dans la conception et la fabrication de solutions int\u00e9grales pour la maison, en maintenant son engagement en mati\u00e8re d&rsquo;<strong>innovation, de qualit\u00e9 et de durabilit\u00e9<\/strong>. Nous regardons vers l&rsquo;avenir avec la m\u00eame d\u00e9termination que celle qui nous a anim\u00e9s \u00e0 nos d\u00e9buts, conscients que la v\u00e9ritable excellence ne se mesure pas seulement \u00e0 la qualit\u00e9 des produits, mais aussi \u00e0 la <strong>capacit\u00e9 de g\u00e9n\u00e9rer un impact positif et durable sur la soci\u00e9t\u00e9 et l&rsquo;environnement.<\/strong> <\/p>\n\n\n\n<p style=\"font-size:clamp(0.875rem, 0.875rem + ((1vw - 0.2rem) * 0.408), 1.12rem);\">Nous continuons \u00e0 \u00e9voluer, non seulement pour nous adapter aux changements du march\u00e9, mais aussi pour mener la transformation vers un mod\u00e8le d&rsquo;entreprise plus responsable, en cr\u00e9ant des maisons qui allient design, confort et durabilit\u00e9 pour les g\u00e9n\u00e9rations actuelles et futures.<\/p>\n<\/div>\n<\/div>\n<\/div>\n\n\n\n<p><\/p>\n\n\n\n<p><\/p>\n\n\n\n<p><\/p>\n","protected":false},"excerpt":{"rendered":"<p>Notre histoire La voie de l&rsquo;innovation et de la durabilit\u00e9 KBV est n\u00e9e avec une vision claire : transformer les espaces domestiques gr\u00e2ce \u00e0 des solutions qui allient design, fonctionnalit\u00e9 et durabilit\u00e9. Ce qui n&rsquo;\u00e9tait au d\u00e9part qu&rsquo;une entreprise ax\u00e9e sur la fabrication de cuisines est devenu une r\u00e9f\u00e9rence dans le secteur du mobilier int\u00e9gral [&hellip;]<\/p>\n","protected":false},"author":1,"featured_media":0,"parent":0,"menu_order":0,"comment_status":"closed","ping_status":"closed","template":"wp-custom-template-plantilla-para-paginas","meta":{"footnotes":""},"class_list":["post-2173","page","type-page","status-publish","hentry"],"yoast_head":"<!-- This site is optimized with the Yoast SEO plugin v27.3 - https:\/\/yoast.com\/product\/yoast-seo-wordpress\/ -->\n<title>Innovation et durabilit\u00e9 dans l&#039;ameublement int\u00e9gral - KBV<\/title>\n<meta name=\"description\" content=\"D\u00e9couvrez l&#039;histoire et les valeurs du groupe KBV, leader dans la conception et la fabrication de solutions durables pour les cuisines, les salles de bains et les espaces de vie. D\u00e9couvrez notre engagement en faveur de la qualit\u00e9, de l&#039;innovation et du bien-\u00eatre social.\" \/>\n<meta name=\"robots\" content=\"index, follow, max-snippet:-1, max-image-preview:large, max-video-preview:-1\" \/>\n<link rel=\"canonical\" href=\"https:\/\/kbv-group.com\/fr\/qui-sommes-nous\/\" \/>\n<meta property=\"og:locale\" content=\"fr_FR\" \/>\n<meta property=\"og:type\" content=\"article\" \/>\n<meta property=\"og:title\" content=\"Innovation et durabilit\u00e9 dans l&#039;ameublement int\u00e9gral - KBV\" \/>\n<meta property=\"og:description\" content=\"D\u00e9couvrez l&#039;histoire et les valeurs du groupe KBV, leader dans la conception et la fabrication de solutions durables pour les cuisines, les salles de bains et les espaces de vie. D\u00e9couvrez notre engagement en faveur de la qualit\u00e9, de l&#039;innovation et du bien-\u00eatre social.\" \/>\n<meta property=\"og:url\" content=\"https:\/\/kbv-group.com\/fr\/qui-sommes-nous\/\" \/>\n<meta property=\"og:site_name\" content=\"KBV\" \/>\n<meta property=\"article:modified_time\" content=\"2025-10-03T12:58:43+00:00\" \/>\n<meta property=\"og:image\" content=\"https:\/\/kbv-group.com\/wp-content\/uploads\/2025\/04\/ea23edb59047d1e72ab4398c713db079-scaled.jpeg\" \/>\n<meta name=\"twitter:card\" content=\"summary_large_image\" \/>\n<script type=\"application\/ld+json\" class=\"yoast-schema-graph\">{\"@context\":\"https:\\\/\\\/schema.org\",\"@graph\":[{\"@type\":\"WebPage\",\"@id\":\"https:\\\/\\\/kbv-group.com\\\/fr\\\/qui-sommes-nous\\\/\",\"url\":\"https:\\\/\\\/kbv-group.com\\\/fr\\\/qui-sommes-nous\\\/\",\"name\":\"Innovation et durabilit\u00e9 dans l'ameublement int\u00e9gral - KBV\",\"isPartOf\":{\"@id\":\"https:\\\/\\\/kbv-group.com\\\/fr\\\/#website\"},\"primaryImageOfPage\":{\"@id\":\"https:\\\/\\\/kbv-group.com\\\/fr\\\/qui-sommes-nous\\\/#primaryimage\"},\"image\":{\"@id\":\"https:\\\/\\\/kbv-group.com\\\/fr\\\/qui-sommes-nous\\\/#primaryimage\"},\"thumbnailUrl\":\"https:\\\/\\\/kbv-group.com\\\/wp-content\\\/uploads\\\/2025\\\/04\\\/ea23edb59047d1e72ab4398c713db079-scaled.jpeg\",\"datePublished\":\"2025-04-16T05:54:21+00:00\",\"dateModified\":\"2025-10-03T12:58:43+00:00\",\"description\":\"D\u00e9couvrez l'histoire et les valeurs du groupe KBV, leader dans la conception et la fabrication de solutions durables pour les cuisines, les salles de bains et les espaces de vie. D\u00e9couvrez notre engagement en faveur de la qualit\u00e9, de l'innovation et du bien-\u00eatre social.\",\"breadcrumb\":{\"@id\":\"https:\\\/\\\/kbv-group.com\\\/fr\\\/qui-sommes-nous\\\/#breadcrumb\"},\"inLanguage\":\"fr-FR\",\"potentialAction\":[{\"@type\":\"ReadAction\",\"target\":[\"https:\\\/\\\/kbv-group.com\\\/fr\\\/qui-sommes-nous\\\/\"]}]},{\"@type\":\"ImageObject\",\"inLanguage\":\"fr-FR\",\"@id\":\"https:\\\/\\\/kbv-group.com\\\/fr\\\/qui-sommes-nous\\\/#primaryimage\",\"url\":\"https:\\\/\\\/kbv-group.com\\\/wp-content\\\/uploads\\\/2025\\\/04\\\/ea23edb59047d1e72ab4398c713db079-scaled.jpeg\",\"contentUrl\":\"https:\\\/\\\/kbv-group.com\\\/wp-content\\\/uploads\\\/2025\\\/04\\\/ea23edb59047d1e72ab4398c713db079-scaled.jpeg\"},{\"@type\":\"BreadcrumbList\",\"@id\":\"https:\\\/\\\/kbv-group.com\\\/fr\\\/qui-sommes-nous\\\/#breadcrumb\",\"itemListElement\":[{\"@type\":\"ListItem\",\"position\":1,\"name\":\"Page d'accueil\",\"item\":\"https:\\\/\\\/kbv-group.com\\\/fr\\\/\"},{\"@type\":\"ListItem\",\"position\":2,\"name\":\"Qui sommes-nous ?\"}]},{\"@type\":\"WebSite\",\"@id\":\"https:\\\/\\\/kbv-group.com\\\/fr\\\/#website\",\"url\":\"https:\\\/\\\/kbv-group.com\\\/fr\\\/\",\"name\":\"KBV\",\"description\":\"\",\"publisher\":{\"@id\":\"https:\\\/\\\/kbv-group.com\\\/fr\\\/#organization\"},\"potentialAction\":[{\"@type\":\"SearchAction\",\"target\":{\"@type\":\"EntryPoint\",\"urlTemplate\":\"https:\\\/\\\/kbv-group.com\\\/fr\\\/?s={search_term_string}\"},\"query-input\":{\"@type\":\"PropertyValueSpecification\",\"valueRequired\":true,\"valueName\":\"search_term_string\"}}],\"inLanguage\":\"fr-FR\"},{\"@type\":\"Organization\",\"@id\":\"https:\\\/\\\/kbv-group.com\\\/fr\\\/#organization\",\"name\":\"KBV\",\"url\":\"https:\\\/\\\/kbv-group.com\\\/fr\\\/\",\"logo\":{\"@type\":\"ImageObject\",\"inLanguage\":\"fr-FR\",\"@id\":\"https:\\\/\\\/kbv-group.com\\\/fr\\\/#\\\/schema\\\/logo\\\/image\\\/\",\"url\":\"https:\\\/\\\/kbv-group.com\\\/wp-content\\\/uploads\\\/2025\\\/04\\\/imagen_2025-04-21_000546637.png\",\"contentUrl\":\"https:\\\/\\\/kbv-group.com\\\/wp-content\\\/uploads\\\/2025\\\/04\\\/imagen_2025-04-21_000546637.png\",\"width\":162,\"height\":82,\"caption\":\"KBV\"},\"image\":{\"@id\":\"https:\\\/\\\/kbv-group.com\\\/fr\\\/#\\\/schema\\\/logo\\\/image\\\/\"}}]}<\/script>\n<!-- \/ Yoast SEO plugin. -->","yoast_head_json":{"title":"Innovation et durabilit\u00e9 dans l'ameublement int\u00e9gral - KBV","description":"D\u00e9couvrez l'histoire et les valeurs du groupe KBV, leader dans la conception et la fabrication de solutions durables pour les cuisines, les salles de bains et les espaces de vie. D\u00e9couvrez notre engagement en faveur de la qualit\u00e9, de l'innovation et du bien-\u00eatre social.","robots":{"index":"index","follow":"follow","max-snippet":"max-snippet:-1","max-image-preview":"max-image-preview:large","max-video-preview":"max-video-preview:-1"},"canonical":"https:\/\/kbv-group.com\/fr\/qui-sommes-nous\/","og_locale":"fr_FR","og_type":"article","og_title":"Innovation et durabilit\u00e9 dans l'ameublement int\u00e9gral - KBV","og_description":"D\u00e9couvrez l'histoire et les valeurs du groupe KBV, leader dans la conception et la fabrication de solutions durables pour les cuisines, les salles de bains et les espaces de vie. D\u00e9couvrez notre engagement en faveur de la qualit\u00e9, de l'innovation et du bien-\u00eatre social.","og_url":"https:\/\/kbv-group.com\/fr\/qui-sommes-nous\/","og_site_name":"KBV","article_modified_time":"2025-10-03T12:58:43+00:00","og_image":[{"url":"https:\/\/kbv-group.com\/wp-content\/uploads\/2025\/04\/ea23edb59047d1e72ab4398c713db079-scaled.jpeg","type":"","width":"","height":""}],"twitter_card":"summary_large_image","schema":{"@context":"https:\/\/schema.org","@graph":[{"@type":"WebPage","@id":"https:\/\/kbv-group.com\/fr\/qui-sommes-nous\/","url":"https:\/\/kbv-group.com\/fr\/qui-sommes-nous\/","name":"Innovation et durabilit\u00e9 dans l'ameublement int\u00e9gral - KBV","isPartOf":{"@id":"https:\/\/kbv-group.com\/fr\/#website"},"primaryImageOfPage":{"@id":"https:\/\/kbv-group.com\/fr\/qui-sommes-nous\/#primaryimage"},"image":{"@id":"https:\/\/kbv-group.com\/fr\/qui-sommes-nous\/#primaryimage"},"thumbnailUrl":"https:\/\/kbv-group.com\/wp-content\/uploads\/2025\/04\/ea23edb59047d1e72ab4398c713db079-scaled.jpeg","datePublished":"2025-04-16T05:54:21+00:00","dateModified":"2025-10-03T12:58:43+00:00","description":"D\u00e9couvrez l'histoire et les valeurs du groupe KBV, leader dans la conception et la fabrication de solutions durables pour les cuisines, les salles de bains et les espaces de vie. D\u00e9couvrez notre engagement en faveur de la qualit\u00e9, de l'innovation et du bien-\u00eatre social.","breadcrumb":{"@id":"https:\/\/kbv-group.com\/fr\/qui-sommes-nous\/#breadcrumb"},"inLanguage":"fr-FR","potentialAction":[{"@type":"ReadAction","target":["https:\/\/kbv-group.com\/fr\/qui-sommes-nous\/"]}]},{"@type":"ImageObject","inLanguage":"fr-FR","@id":"https:\/\/kbv-group.com\/fr\/qui-sommes-nous\/#primaryimage","url":"https:\/\/kbv-group.com\/wp-content\/uploads\/2025\/04\/ea23edb59047d1e72ab4398c713db079-scaled.jpeg","contentUrl":"https:\/\/kbv-group.com\/wp-content\/uploads\/2025\/04\/ea23edb59047d1e72ab4398c713db079-scaled.jpeg"},{"@type":"BreadcrumbList","@id":"https:\/\/kbv-group.com\/fr\/qui-sommes-nous\/#breadcrumb","itemListElement":[{"@type":"ListItem","position":1,"name":"Page d'accueil","item":"https:\/\/kbv-group.com\/fr\/"},{"@type":"ListItem","position":2,"name":"Qui sommes-nous ?"}]},{"@type":"WebSite","@id":"https:\/\/kbv-group.com\/fr\/#website","url":"https:\/\/kbv-group.com\/fr\/","name":"KBV","description":"","publisher":{"@id":"https:\/\/kbv-group.com\/fr\/#organization"},"potentialAction":[{"@type":"SearchAction","target":{"@type":"EntryPoint","urlTemplate":"https:\/\/kbv-group.com\/fr\/?s={search_term_string}"},"query-input":{"@type":"PropertyValueSpecification","valueRequired":true,"valueName":"search_term_string"}}],"inLanguage":"fr-FR"},{"@type":"Organization","@id":"https:\/\/kbv-group.com\/fr\/#organization","name":"KBV","url":"https:\/\/kbv-group.com\/fr\/","logo":{"@type":"ImageObject","inLanguage":"fr-FR","@id":"https:\/\/kbv-group.com\/fr\/#\/schema\/logo\/image\/","url":"https:\/\/kbv-group.com\/wp-content\/uploads\/2025\/04\/imagen_2025-04-21_000546637.png","contentUrl":"https:\/\/kbv-group.com\/wp-content\/uploads\/2025\/04\/imagen_2025-04-21_000546637.png","width":162,"height":82,"caption":"KBV"},"image":{"@id":"https:\/\/kbv-group.com\/fr\/#\/schema\/logo\/image\/"}}]}},"_links":{"self":[{"href":"https:\/\/kbv-group.com\/fr\/wp-json\/wp\/v2\/pages\/2173","targetHints":{"allow":["GET"]}}],"collection":[{"href":"https:\/\/kbv-group.com\/fr\/wp-json\/wp\/v2\/pages"}],"about":[{"href":"https:\/\/kbv-group.com\/fr\/wp-json\/wp\/v2\/types\/page"}],"author":[{"embeddable":true,"href":"https:\/\/kbv-group.com\/fr\/wp-json\/wp\/v2\/users\/1"}],"replies":[{"embeddable":true,"href":"https:\/\/kbv-group.com\/fr\/wp-json\/wp\/v2\/comments?post=2173"}],"version-history":[{"count":10,"href":"https:\/\/kbv-group.com\/fr\/wp-json\/wp\/v2\/pages\/2173\/revisions"}],"predecessor-version":[{"id":2492,"href":"https:\/\/kbv-group.com\/fr\/wp-json\/wp\/v2\/pages\/2173\/revisions\/2492"}],"wp:attachment":[{"href":"https:\/\/kbv-group.com\/fr\/wp-json\/wp\/v2\/media?parent=2173"}],"curies":[{"name":"wp","href":"https:\/\/api.w.org\/{rel}","templated":true}]}}