{"id":2182,"date":"2025-04-22T11:04:25","date_gmt":"2025-04-22T11:04:25","guid":{"rendered":"https:\/\/kbv-group.com\/ethique-et-conformite\/"},"modified":"2025-09-22T14:01:58","modified_gmt":"2025-09-22T14:01:58","slug":"ethique-et-conformite","status":"publish","type":"page","link":"https:\/\/kbv-group.com\/fr\/ethique-et-conformite\/","title":{"rendered":"\u00c9thique et conformit\u00e9"},"content":{"rendered":"\n<div class=\"gb-element-07c480d9\"><\/div>\n\n\n\n<div class=\"gb-element-594fda17\">\n<div class=\"gb-element-8d6c1e7f mx-auto\">\n<p class=\"gb-text gb-text-33c90e21\">Engagement<\/p>\n\n\n\n<h1 class=\"gb-text gb-text-1cf68e43\">\u00c9thique et conformit\u00e9<\/h1>\n<\/div>\n<\/div>\n\n\n\n<div>\n<div class=\"gb-element-2ec0f6d2 mx-auto\">\n<div class=\"gb-element-5a30b48e mx-auto\">\n<p class=\"gb-text gb-text-fc0a763c\">Code de d\u00e9ontologie<\/p>\n\n\n\n<h2 class=\"gb-text gb-text-40780ef2\">Principes guidant nos d\u00e9cisions<\/h2>\n\n\n\n<p class=\"gb-text gb-text-7981dba3\">Le Code d&rsquo;Ethique de la KBV d\u00e9finit les valeurs et les principes qui r\u00e9gissent la conduite de nos affaires.<br>Il constitue le fondement de notre culture d&rsquo;entreprise et refl\u00e8te notre engagement pour une gestion honn\u00eate, transparente et respectueuse dans toutes nos relations, tant internes qu&rsquo;externes.<\/p>\n<\/div>\n<\/div>\n<\/div>\n\n\n\n<div class=\"gb-element-27047b80 mx-auto\">\n<div class=\"gb-element-c3ffd023 mx-auto\">\n<div class=\"gb-element-a745ec42\">\n<div class=\"gb-element-43b30658\">\n<h3 class=\"gb-text gb-text-6cef370d\">Int\u00e9grit\u00e9 et transparence<\/h3>\n\n\n\n<p class=\"gb-text gb-text-1c24c3e3\">Nous agissons avec honn\u00eatet\u00e9 dans toutes nos activit\u00e9s, en favorisant la confiance avec nos employ\u00e9s, nos clients, nos fournisseurs et nos partenaires.<\/p>\n<\/div>\n\n\n\n<div class=\"gb-element-19850baf\">\n<h3 class=\"gb-text gb-text-a4a8c98b\">Responsabilit\u00e9 sociale et environnementale<\/h3>\n\n\n\n<p class=\"gb-text gb-text-e3cf5d59\">Chaque d\u00e9cision que nous prenons tient compte de son impact sur la soci\u00e9t\u00e9 et l&rsquo;environnement. Nous privil\u00e9gions les pratiques durables et responsables dans tous nos processus. <\/p>\n<\/div>\n\n\n\n<div class=\"gb-element-fa01c5a7\">\n<h3 class=\"gb-text gb-text-9f9e558a\">Respect des personnes :<\/h3>\n\n\n\n<p class=\"gb-text gb-text-f9ae4b87\">Nous promouvons un environnement de travail inclusif et \u00e9quitable, o\u00f9 la diversit\u00e9, le talent et le d\u00e9veloppement personnel et professionnel sont valoris\u00e9s.<\/p>\n<\/div>\n\n\n\n<div class=\"gb-element-81cd63f3\">\n<h3 class=\"gb-text gb-text-04730342\">Excellence et professionnalisme<\/h3>\n\n\n\n<p class=\"gb-text gb-text-ef56c248\">Nous cherchons \u00e0 nous am\u00e9liorer continuellement dans tous nos domaines d&rsquo;activit\u00e9, en maintenant des normes de qualit\u00e9 \u00e9lev\u00e9es pour nos produits et nos services.<\/p>\n<\/div>\n\n\n\n<div class=\"gb-element-cea762d9\">\n<h3 class=\"gb-text gb-text-ce74addf\">Gouvernance d&rsquo;entreprise et responsabilit\u00e9 :<\/h3>\n\n\n\n<p class=\"gb-text gb-text-a105acae\">Nous adoptons un mod\u00e8le de gestion fond\u00e9 sur l&rsquo;\u00e9thique, la conformit\u00e9 et la transparence, qui garantit des d\u00e9cisions responsables, des structures de contr\u00f4le efficaces et une responsabilit\u00e9 conforme \u00e0 nos valeurs.<\/p>\n<\/div>\n<\/div>\n<\/div>\n\n\n\n<p class=\"gb-text gb-text-544d07e2 mx-auto\">Le Code d&rsquo;\u00e9thique est obligatoire pour tous les membres de la KBV et est r\u00e9guli\u00e8rement mis \u00e0 jour pour s&rsquo;adapter aux changements dans l&rsquo;environnement commercial et r\u00e9glementaire.<\/p>\n<\/div>\n\n\n\n<div class=\"gb-element-8569c11e\"><\/div>\n\n\n\n<div class=\"gb-element-66cedfc2 mx-auto\">\n<div class=\"gb-element-c8543137 mx-auto\">\n<p class=\"gb-text gb-text-87638291\">Conformit\u00e9 r\u00e9glementaire<\/p>\n\n\n\n<h2 class=\"gb-text gb-text-d863c0b4\">La rigueur dans chaque processus<\/h2>\n\n\n\n<p class=\"gb-text gb-text-0c56a235\">Chez KBV, la conformit\u00e9 est un pilier essentiel de notre strat\u00e9gie d&rsquo;entreprise. Nous veillons \u00e0 respecter toutes les lois et r\u00e9glementations applicables sur chacun des march\u00e9s o\u00f9 nous op\u00e9rons, de la gestion financi\u00e8re aux relations de travail, en passant par le respect de l&rsquo;environnement. <\/p>\n<\/div>\n<\/div>\n\n\n\n<div class=\"gb-element-ba7f4722 mx-auto\">\n<div class=\"gb-element-0ca4e786 mx-auto\">\n<div class=\"gb-element-f30369c0\">\n<div class=\"gb-element-b36ff77d\">\n<div class=\"gb-element-76c34ede\">\n<h3 class=\"gb-text gb-text-e31b1f2f\">Politique de lutte contre la corruption<\/h3>\n\n\n\n<p class=\"gb-text gb-text-dc7cda8e\">Conform\u00e9ment aux meilleures pratiques internationales, KBV a adopt\u00e9 une politique de tol\u00e9rance z\u00e9ro \u00e0 l&rsquo;\u00e9gard de la corruption et des pots-de-vin. Tous les employ\u00e9s et partenaires doivent se conformer aux lois anti-corruption locales et internationales et agir en toute transparence. <\/p>\n<\/div>\n\n\n\n<div class=\"gb-element-a2caf3da\">\n<h3 class=\"gb-text gb-text-54c1e2f7\">Politique de lutte contre la fraude<\/h3>\n\n\n\n<p class=\"gb-text gb-text-5a4eaee3\">Nous veillons \u00e0 ce que toutes nos transactions soient effectu\u00e9es de mani\u00e8re honn\u00eate, en mettant en place des syst\u00e8mes de contr\u00f4le interne rigoureux pour d\u00e9tecter et pr\u00e9venir toute activit\u00e9 frauduleuse.<\/p>\n<\/div>\n<\/div>\n\n\n\n<div class=\"gb-element-0ff9b221\">\n<div class=\"gb-element-6c31481c\">\n<h3 class=\"gb-text gb-text-e7f85727\">Engagement en faveur du d\u00e9veloppement durable<\/h3>\n\n\n\n<p class=\"gb-text gb-text-d6034dd0\">Nous veillons \u00e0 ce que toutes nos activit\u00e9s soient men\u00e9es de mani\u00e8re responsable, en int\u00e9grant des crit\u00e8res environnementaux, sociaux et de gouvernance. Nous encourageons l&rsquo;efficacit\u00e9 \u00e9nerg\u00e9tique, l&rsquo;utilisation de mat\u00e9riaux recyclables et la r\u00e9duction de l&rsquo;impact sur l&rsquo;environnement, tout en favorisant un environnement de travail \u00e9quitable, diversifi\u00e9 et inclusif, et en appliquant des principes d&rsquo;\u00e9thique et de transparence dans tous nos processus de gestion. <\/p>\n<\/div>\n<\/div>\n<\/div>\n<\/div>\n\n\n\n<p class=\"gb-text gb-text-905f96cc mx-auto\">Chez KBV, la conformit\u00e9 n&rsquo;est pas seulement une obligation l\u00e9gale, mais une partie int\u00e9grante de l&rsquo;identit\u00e9 de l&rsquo;entreprise.<\/p>\n<\/div>\n\n\n\n<div class=\"gb-element-e535b358\"><\/div>\n\n\n\n<div class=\"gb-element-78458ac5 mx-auto\">\n<div class=\"gb-element-e3afbe90 mx-auto\">\n<div class=\"gb-element-1c1bfbde\">\n<div class=\"gb-element-1db56125\">\n<div>\n<h2 class=\"gb-text gb-text-9f62f068\">Certifications : Assurance qualit\u00e9 et d\u00e9veloppement durable<\/h2>\n\n\n\n<p class=\"gb-text\">Les certifications obtenues par la KBV sont le reflet tangible de notre engagement en mati\u00e8re de qualit\u00e9, de durabilit\u00e9 et de responsabilit\u00e9. Ces accr\u00e9ditations garantissent que nos produits et processus r\u00e9pondent aux normes internationales les plus \u00e9lev\u00e9es. <\/p>\n<\/div>\n\n\n\n<div>\n<div class=\"gb-element-3d68e8b7\">\n<figure class=\"wp-block-image size-full is-resized wp-duotone-duotone-1\"><img loading=\"lazy\" decoding=\"async\" width=\"150\" height=\"150\" src=\"https:\/\/kbv-group.com\/wp-content\/uploads\/2025\/04\/a272baa65b9b2c498c60f6b1e4e68c34.png\" alt=\"\" class=\"wp-image-360\" style=\"object-fit:cover;width:90px;height:90px\"\/><\/figure>\n\n\n\n<figure class=\"wp-block-image size-full is-resized wp-duotone-duotone-1\"><img loading=\"lazy\" decoding=\"async\" width=\"442\" height=\"441\" src=\"https:\/\/kbv-group.com\/wp-content\/uploads\/2025\/04\/ed0d37c3f2db7fdf12fbaae2a40db2a5.png\" alt=\"\" class=\"wp-image-359\" style=\"object-fit:cover;width:90px;height:90px\" srcset=\"https:\/\/kbv-group.com\/wp-content\/uploads\/2025\/04\/ed0d37c3f2db7fdf12fbaae2a40db2a5.png 442w, https:\/\/kbv-group.com\/wp-content\/uploads\/2025\/04\/ed0d37c3f2db7fdf12fbaae2a40db2a5-300x300.png 300w, https:\/\/kbv-group.com\/wp-content\/uploads\/2025\/04\/ed0d37c3f2db7fdf12fbaae2a40db2a5-150x150.png 150w\" sizes=\"auto, (max-width: 442px) 100vw, 442px\" \/><\/figure>\n\n\n\n<figure class=\"wp-block-image size-full is-resized wp-duotone-duotone-1\"><img loading=\"lazy\" decoding=\"async\" width=\"150\" height=\"150\" src=\"https:\/\/kbv-group.com\/wp-content\/uploads\/2025\/04\/a7fe5af00377341dd0ee8844eb86932f.png\" alt=\"\" class=\"wp-image-362\" style=\"object-fit:cover;width:90px;height:90px\"\/><\/figure>\n\n\n\n<figure class=\"wp-block-image size-full is-resized wp-duotone-duotone-1\"><img loading=\"lazy\" decoding=\"async\" width=\"150\" height=\"150\" src=\"https:\/\/kbv-group.com\/wp-content\/uploads\/2025\/04\/9e2830bea50130eb196188431861605f.png\" alt=\"\" class=\"wp-image-363\" style=\"object-fit:cover;width:90px;height:90px\"\/><\/figure>\n\n\n\n<figure class=\"wp-block-image size-full is-resized wp-duotone-duotone-1\"><img loading=\"lazy\" decoding=\"async\" width=\"150\" height=\"150\" src=\"https:\/\/kbv-group.com\/wp-content\/uploads\/2025\/04\/6f640b25382472c1336dd98af90f7965.png\" alt=\"\" class=\"wp-image-364\" style=\"object-fit:cover;width:90px;height:90px\"\/><\/figure>\n\n\n\n<figure class=\"wp-block-image size-full is-resized wp-duotone-duotone-1\"><img loading=\"lazy\" decoding=\"async\" width=\"150\" height=\"150\" src=\"https:\/\/kbv-group.com\/wp-content\/uploads\/2025\/04\/b57c750fcf0da028111826c30b091935.png\" alt=\"\" class=\"wp-image-365\" style=\"object-fit:cover;width:90px;height:90px\"\/><\/figure>\n\n\n\n<figure class=\"wp-block-image size-full is-resized wp-duotone-duotone-1\"><img loading=\"lazy\" decoding=\"async\" width=\"150\" height=\"150\" src=\"https:\/\/kbv-group.com\/wp-content\/uploads\/2025\/04\/d53bca39488d0493c636bb8fd61c2043.png\" alt=\"\" class=\"wp-image-366\" style=\"object-fit:cover;width:90px;height:90px\"\/><\/figure>\n\n\n\n<figure class=\"wp-block-image size-full is-resized wp-duotone-duotone-1\"><img loading=\"lazy\" decoding=\"async\" width=\"1134\" height=\"1300\" src=\"https:\/\/kbv-group.com\/wp-content\/uploads\/2025\/04\/884d450380da99eddf3456249f1e4da1.png\" alt=\"\" class=\"wp-image-367\" style=\"object-fit:cover;width:90px;height:90px\" srcset=\"https:\/\/kbv-group.com\/wp-content\/uploads\/2025\/04\/884d450380da99eddf3456249f1e4da1.png 1134w, https:\/\/kbv-group.com\/wp-content\/uploads\/2025\/04\/884d450380da99eddf3456249f1e4da1-262x300.png 262w, https:\/\/kbv-group.com\/wp-content\/uploads\/2025\/04\/884d450380da99eddf3456249f1e4da1-893x1024.png 893w, https:\/\/kbv-group.com\/wp-content\/uploads\/2025\/04\/884d450380da99eddf3456249f1e4da1-768x880.png 768w\" sizes=\"auto, (max-width: 1134px) 100vw, 1134px\" \/><\/figure>\n<\/div>\n<\/div>\n<\/div>\n\n\n\n<div class=\"gb-element-70132434\">\n<div class=\"gb-element-86aa21a8\">\n<h3 class=\"gb-text gb-text-efcb4987\">Label cuisine \u00e9co-durable niveau plus<\/h3>\n\n\n\n<div>\n<p class=\"gb-text gb-text-ad5c0c18\">Nous avons \u00e9t\u00e9 la premi\u00e8re entreprise \u00e0 obtenir ce label, qui valide nos efforts pour proposer des produits au design durable, int\u00e9grant des pratiques de production responsables et l&rsquo;utilisation de mat\u00e9riaux respectueux de l&rsquo;environnement, tout en garantissant la qualit\u00e9 et la fonctionnalit\u00e9.<\/p>\n<\/div>\n<\/div>\n\n\n\n<div class=\"gb-element-f4b65f2a\">\n<h3 class=\"gb-text gb-text-486f9fb5\">ISO 14001<\/h3>\n\n\n\n<p class=\"gb-text gb-text-3a4364ef\">Nous avons mis en place un syst\u00e8me de gestion de l&rsquo;environnement conforme \u00e0 la norme ISO 14001, qui garantit que nos activit\u00e9s sont men\u00e9es avec le moins d&rsquo;impact possible sur l&rsquo;environnement.<\/p>\n<\/div>\n\n\n\n<div class=\"gb-element-9cb0776e\">\n<h3 class=\"gb-text gb-text-772bb0b2\">Certification de conformit\u00e9 r\u00e9glementaire<\/h3>\n\n\n\n<p class=\"gb-text gb-text-42019222\">KBV a mis en place des pratiques pour se conformer aux normes ISO 37001 (Syst\u00e8me de gestion anti-corruption) et ISO 19600 (Syst\u00e8me de gestion de la conformit\u00e9), garantissant que toutes nos activit\u00e9s commerciales sont men\u00e9es de mani\u00e8re l\u00e9gale et \u00e9thique.<\/p>\n<\/div>\n<\/div>\n<\/div>\n<\/div>\n<\/div>\n\n\n\n<div>\n<div class=\"gb-element-f722f2c7 mx-auto\">\n<div class=\"gb-element-1a193aaf\">\n<div class=\"gb-element-062c62e3\">\n<img loading=\"lazy\" decoding=\"async\" width=\"2560\" height=\"1708\" class=\"gb-media-71e8b995\" src=\"https:\/\/kbv-group.com\/wp-content\/uploads\/2025\/04\/412ecf6b608d889032cfe38eab4b58aa-scaled.jpeg\" title=\"412ecf6b608d889032cfe38eab4b58aa\" srcset=\"https:\/\/kbv-group.com\/wp-content\/uploads\/2025\/04\/412ecf6b608d889032cfe38eab4b58aa-scaled.jpeg 2560w, https:\/\/kbv-group.com\/wp-content\/uploads\/2025\/04\/412ecf6b608d889032cfe38eab4b58aa-300x200.jpeg 300w, https:\/\/kbv-group.com\/wp-content\/uploads\/2025\/04\/412ecf6b608d889032cfe38eab4b58aa-1024x683.jpeg 1024w, https:\/\/kbv-group.com\/wp-content\/uploads\/2025\/04\/412ecf6b608d889032cfe38eab4b58aa-768x512.jpeg 768w, https:\/\/kbv-group.com\/wp-content\/uploads\/2025\/04\/412ecf6b608d889032cfe38eab4b58aa-1536x1025.jpeg 1536w, https:\/\/kbv-group.com\/wp-content\/uploads\/2025\/04\/412ecf6b608d889032cfe38eab4b58aa-2048x1367.jpeg 2048w\" sizes=\"auto, (max-width: 2560px) 100vw, 2560px\" \/>\n<\/div>\n\n\n\n<div class=\"gb-element-8bc64ebc box-border\">\n<h2 class=\"gb-text gb-text-5cfa67b9\">Un engagement permanent<\/h2>\n\n\n\n<p class=\"gb-text gb-text-144b130e\">L&rsquo;\u00e9thique, la conformit\u00e9 et les certifications ne sont pas des \u00e9l\u00e9ments statiques chez KBV. Ils repr\u00e9sentent un <strong>engagement permanent et \u00e9volutif<\/strong> qui d\u00e9finit notre mode de fonctionnement et notre responsabilit\u00e9 vis-\u00e0-vis de la soci\u00e9t\u00e9, de l&rsquo;environnement et des g\u00e9n\u00e9rations futures. <\/p>\n<\/div>\n<\/div>\n<\/div>\n<\/div>\n\n\n\n<p><\/p>\n\n\n\n<p><\/p>\n","protected":false},"excerpt":{"rendered":"<p>Engagement \u00c9thique et conformit\u00e9 Code de d\u00e9ontologie Principes guidant nos d\u00e9cisions Le Code d&rsquo;Ethique de la KBV d\u00e9finit les valeurs et les principes qui r\u00e9gissent la conduite de nos affaires.Il constitue le fondement de notre culture d&rsquo;entreprise et refl\u00e8te notre engagement pour une gestion honn\u00eate, transparente et respectueuse dans toutes nos relations, tant internes qu&rsquo;externes. [&hellip;]<\/p>\n","protected":false},"author":1,"featured_media":0,"parent":0,"menu_order":0,"comment_status":"closed","ping_status":"closed","template":"wp-custom-template-plantilla-para-paginas","meta":{"footnotes":""},"class_list":["post-2182","page","type-page","status-publish","hentry"],"yoast_head":"<!-- This site is optimized with the Yoast SEO plugin v27.3 - https:\/\/yoast.com\/product\/yoast-seo-wordpress\/ -->\n<title>\u00c9thique et conformit\u00e9 - KBV<\/title>\n<meta name=\"description\" content=\"D\u00e9couvrez les principes d&#039;\u00e9thique du groupe KBV. Son code d&#039;\u00e9thique garantit une gestion honn\u00eate, transparente et responsable dans toutes les op\u00e9rations.\" \/>\n<meta name=\"robots\" content=\"index, follow, max-snippet:-1, max-image-preview:large, max-video-preview:-1\" \/>\n<link rel=\"canonical\" href=\"https:\/\/kbv-group.com\/fr\/ethique-et-conformite\/\" \/>\n<meta property=\"og:locale\" content=\"fr_FR\" \/>\n<meta property=\"og:type\" content=\"article\" \/>\n<meta property=\"og:title\" content=\"\u00c9thique et conformit\u00e9 - KBV\" \/>\n<meta property=\"og:description\" content=\"D\u00e9couvrez les principes d&#039;\u00e9thique du groupe KBV. Son code d&#039;\u00e9thique garantit une gestion honn\u00eate, transparente et responsable dans toutes les op\u00e9rations.\" \/>\n<meta property=\"og:url\" content=\"https:\/\/kbv-group.com\/fr\/ethique-et-conformite\/\" \/>\n<meta property=\"og:site_name\" content=\"KBV\" \/>\n<meta property=\"article:modified_time\" content=\"2025-09-22T14:01:58+00:00\" \/>\n<meta property=\"og:image\" content=\"https:\/\/kbv-group.com\/wp-content\/uploads\/2025\/04\/a272baa65b9b2c498c60f6b1e4e68c34.png\" \/>\n\t<meta property=\"og:image:width\" content=\"150\" \/>\n\t<meta property=\"og:image:height\" content=\"150\" \/>\n\t<meta property=\"og:image:type\" content=\"image\/png\" \/>\n<meta name=\"twitter:card\" content=\"summary_large_image\" \/>\n<meta name=\"twitter:label1\" content=\"Dur\u00e9e de lecture estim\u00e9e\" \/>\n\t<meta name=\"twitter:data1\" content=\"5 minutes\" \/>\n<script type=\"application\/ld+json\" class=\"yoast-schema-graph\">{\"@context\":\"https:\\\/\\\/schema.org\",\"@graph\":[{\"@type\":\"WebPage\",\"@id\":\"https:\\\/\\\/kbv-group.com\\\/fr\\\/ethique-et-conformite\\\/\",\"url\":\"https:\\\/\\\/kbv-group.com\\\/fr\\\/ethique-et-conformite\\\/\",\"name\":\"\u00c9thique et conformit\u00e9 - KBV\",\"isPartOf\":{\"@id\":\"https:\\\/\\\/kbv-group.com\\\/fr\\\/#website\"},\"primaryImageOfPage\":{\"@id\":\"https:\\\/\\\/kbv-group.com\\\/fr\\\/ethique-et-conformite\\\/#primaryimage\"},\"image\":{\"@id\":\"https:\\\/\\\/kbv-group.com\\\/fr\\\/ethique-et-conformite\\\/#primaryimage\"},\"thumbnailUrl\":\"https:\\\/\\\/kbv-group.com\\\/wp-content\\\/uploads\\\/2025\\\/04\\\/a272baa65b9b2c498c60f6b1e4e68c34.png\",\"datePublished\":\"2025-04-22T11:04:25+00:00\",\"dateModified\":\"2025-09-22T14:01:58+00:00\",\"description\":\"D\u00e9couvrez les principes d'\u00e9thique du groupe KBV. Son code d'\u00e9thique garantit une gestion honn\u00eate, transparente et responsable dans toutes les op\u00e9rations.\",\"breadcrumb\":{\"@id\":\"https:\\\/\\\/kbv-group.com\\\/fr\\\/ethique-et-conformite\\\/#breadcrumb\"},\"inLanguage\":\"fr-FR\",\"potentialAction\":[{\"@type\":\"ReadAction\",\"target\":[\"https:\\\/\\\/kbv-group.com\\\/fr\\\/ethique-et-conformite\\\/\"]}]},{\"@type\":\"ImageObject\",\"inLanguage\":\"fr-FR\",\"@id\":\"https:\\\/\\\/kbv-group.com\\\/fr\\\/ethique-et-conformite\\\/#primaryimage\",\"url\":\"https:\\\/\\\/kbv-group.com\\\/wp-content\\\/uploads\\\/2025\\\/04\\\/a272baa65b9b2c498c60f6b1e4e68c34.png\",\"contentUrl\":\"https:\\\/\\\/kbv-group.com\\\/wp-content\\\/uploads\\\/2025\\\/04\\\/a272baa65b9b2c498c60f6b1e4e68c34.png\"},{\"@type\":\"BreadcrumbList\",\"@id\":\"https:\\\/\\\/kbv-group.com\\\/fr\\\/ethique-et-conformite\\\/#breadcrumb\",\"itemListElement\":[{\"@type\":\"ListItem\",\"position\":1,\"name\":\"Page d'accueil\",\"item\":\"https:\\\/\\\/kbv-group.com\\\/fr\\\/\"},{\"@type\":\"ListItem\",\"position\":2,\"name\":\"\u00c9thique et conformit\u00e9\"}]},{\"@type\":\"WebSite\",\"@id\":\"https:\\\/\\\/kbv-group.com\\\/fr\\\/#website\",\"url\":\"https:\\\/\\\/kbv-group.com\\\/fr\\\/\",\"name\":\"KBV\",\"description\":\"\",\"publisher\":{\"@id\":\"https:\\\/\\\/kbv-group.com\\\/fr\\\/#organization\"},\"potentialAction\":[{\"@type\":\"SearchAction\",\"target\":{\"@type\":\"EntryPoint\",\"urlTemplate\":\"https:\\\/\\\/kbv-group.com\\\/fr\\\/?s={search_term_string}\"},\"query-input\":{\"@type\":\"PropertyValueSpecification\",\"valueRequired\":true,\"valueName\":\"search_term_string\"}}],\"inLanguage\":\"fr-FR\"},{\"@type\":\"Organization\",\"@id\":\"https:\\\/\\\/kbv-group.com\\\/fr\\\/#organization\",\"name\":\"KBV\",\"url\":\"https:\\\/\\\/kbv-group.com\\\/fr\\\/\",\"logo\":{\"@type\":\"ImageObject\",\"inLanguage\":\"fr-FR\",\"@id\":\"https:\\\/\\\/kbv-group.com\\\/fr\\\/#\\\/schema\\\/logo\\\/image\\\/\",\"url\":\"https:\\\/\\\/kbv-group.com\\\/wp-content\\\/uploads\\\/2025\\\/04\\\/imagen_2025-04-21_000546637.png\",\"contentUrl\":\"https:\\\/\\\/kbv-group.com\\\/wp-content\\\/uploads\\\/2025\\\/04\\\/imagen_2025-04-21_000546637.png\",\"width\":162,\"height\":82,\"caption\":\"KBV\"},\"image\":{\"@id\":\"https:\\\/\\\/kbv-group.com\\\/fr\\\/#\\\/schema\\\/logo\\\/image\\\/\"}}]}<\/script>\n<!-- \/ Yoast SEO plugin. -->","yoast_head_json":{"title":"\u00c9thique et conformit\u00e9 - KBV","description":"D\u00e9couvrez les principes d'\u00e9thique du groupe KBV. Son code d'\u00e9thique garantit une gestion honn\u00eate, transparente et responsable dans toutes les op\u00e9rations.","robots":{"index":"index","follow":"follow","max-snippet":"max-snippet:-1","max-image-preview":"max-image-preview:large","max-video-preview":"max-video-preview:-1"},"canonical":"https:\/\/kbv-group.com\/fr\/ethique-et-conformite\/","og_locale":"fr_FR","og_type":"article","og_title":"\u00c9thique et conformit\u00e9 - KBV","og_description":"D\u00e9couvrez les principes d'\u00e9thique du groupe KBV. Son code d'\u00e9thique garantit une gestion honn\u00eate, transparente et responsable dans toutes les op\u00e9rations.","og_url":"https:\/\/kbv-group.com\/fr\/ethique-et-conformite\/","og_site_name":"KBV","article_modified_time":"2025-09-22T14:01:58+00:00","og_image":[{"width":150,"height":150,"url":"https:\/\/kbv-group.com\/wp-content\/uploads\/2025\/04\/a272baa65b9b2c498c60f6b1e4e68c34.png","type":"image\/png"}],"twitter_card":"summary_large_image","twitter_misc":{"Dur\u00e9e de lecture estim\u00e9e":"5 minutes"},"schema":{"@context":"https:\/\/schema.org","@graph":[{"@type":"WebPage","@id":"https:\/\/kbv-group.com\/fr\/ethique-et-conformite\/","url":"https:\/\/kbv-group.com\/fr\/ethique-et-conformite\/","name":"\u00c9thique et conformit\u00e9 - KBV","isPartOf":{"@id":"https:\/\/kbv-group.com\/fr\/#website"},"primaryImageOfPage":{"@id":"https:\/\/kbv-group.com\/fr\/ethique-et-conformite\/#primaryimage"},"image":{"@id":"https:\/\/kbv-group.com\/fr\/ethique-et-conformite\/#primaryimage"},"thumbnailUrl":"https:\/\/kbv-group.com\/wp-content\/uploads\/2025\/04\/a272baa65b9b2c498c60f6b1e4e68c34.png","datePublished":"2025-04-22T11:04:25+00:00","dateModified":"2025-09-22T14:01:58+00:00","description":"D\u00e9couvrez les principes d'\u00e9thique du groupe KBV. Son code d'\u00e9thique garantit une gestion honn\u00eate, transparente et responsable dans toutes les op\u00e9rations.","breadcrumb":{"@id":"https:\/\/kbv-group.com\/fr\/ethique-et-conformite\/#breadcrumb"},"inLanguage":"fr-FR","potentialAction":[{"@type":"ReadAction","target":["https:\/\/kbv-group.com\/fr\/ethique-et-conformite\/"]}]},{"@type":"ImageObject","inLanguage":"fr-FR","@id":"https:\/\/kbv-group.com\/fr\/ethique-et-conformite\/#primaryimage","url":"https:\/\/kbv-group.com\/wp-content\/uploads\/2025\/04\/a272baa65b9b2c498c60f6b1e4e68c34.png","contentUrl":"https:\/\/kbv-group.com\/wp-content\/uploads\/2025\/04\/a272baa65b9b2c498c60f6b1e4e68c34.png"},{"@type":"BreadcrumbList","@id":"https:\/\/kbv-group.com\/fr\/ethique-et-conformite\/#breadcrumb","itemListElement":[{"@type":"ListItem","position":1,"name":"Page d'accueil","item":"https:\/\/kbv-group.com\/fr\/"},{"@type":"ListItem","position":2,"name":"\u00c9thique et conformit\u00e9"}]},{"@type":"WebSite","@id":"https:\/\/kbv-group.com\/fr\/#website","url":"https:\/\/kbv-group.com\/fr\/","name":"KBV","description":"","publisher":{"@id":"https:\/\/kbv-group.com\/fr\/#organization"},"potentialAction":[{"@type":"SearchAction","target":{"@type":"EntryPoint","urlTemplate":"https:\/\/kbv-group.com\/fr\/?s={search_term_string}"},"query-input":{"@type":"PropertyValueSpecification","valueRequired":true,"valueName":"search_term_string"}}],"inLanguage":"fr-FR"},{"@type":"Organization","@id":"https:\/\/kbv-group.com\/fr\/#organization","name":"KBV","url":"https:\/\/kbv-group.com\/fr\/","logo":{"@type":"ImageObject","inLanguage":"fr-FR","@id":"https:\/\/kbv-group.com\/fr\/#\/schema\/logo\/image\/","url":"https:\/\/kbv-group.com\/wp-content\/uploads\/2025\/04\/imagen_2025-04-21_000546637.png","contentUrl":"https:\/\/kbv-group.com\/wp-content\/uploads\/2025\/04\/imagen_2025-04-21_000546637.png","width":162,"height":82,"caption":"KBV"},"image":{"@id":"https:\/\/kbv-group.com\/fr\/#\/schema\/logo\/image\/"}}]}},"_links":{"self":[{"href":"https:\/\/kbv-group.com\/fr\/wp-json\/wp\/v2\/pages\/2182","targetHints":{"allow":["GET"]}}],"collection":[{"href":"https:\/\/kbv-group.com\/fr\/wp-json\/wp\/v2\/pages"}],"about":[{"href":"https:\/\/kbv-group.com\/fr\/wp-json\/wp\/v2\/types\/page"}],"author":[{"embeddable":true,"href":"https:\/\/kbv-group.com\/fr\/wp-json\/wp\/v2\/users\/1"}],"replies":[{"embeddable":true,"href":"https:\/\/kbv-group.com\/fr\/wp-json\/wp\/v2\/comments?post=2182"}],"version-history":[{"count":2,"href":"https:\/\/kbv-group.com\/fr\/wp-json\/wp\/v2\/pages\/2182\/revisions"}],"predecessor-version":[{"id":2382,"href":"https:\/\/kbv-group.com\/fr\/wp-json\/wp\/v2\/pages\/2182\/revisions\/2382"}],"wp:attachment":[{"href":"https:\/\/kbv-group.com\/fr\/wp-json\/wp\/v2\/media?parent=2182"}],"curies":[{"name":"wp","href":"https:\/\/api.w.org\/{rel}","templated":true}]}}