{"id":2480,"date":"2025-10-02T05:54:29","date_gmt":"2025-10-02T05:54:29","guid":{"rendered":"https:\/\/kbv-group.com\/?page_id=2480"},"modified":"2025-10-06T14:19:13","modified_gmt":"2025-10-06T14:19:13","slug":"nous-sommes-bcorp","status":"publish","type":"page","link":"https:\/\/kbv-group.com\/fr\/nous-sommes-bcorp\/","title":{"rendered":"Nous sommes B CORP"},"content":{"rendered":"\n<div class=\"gb-element-5d42f81f\"><\/div>\n\n\n\n<div class=\"gb-element-82787387\">\n<div class=\"gb-element-b616aa0f\">\n<p class=\"gb-text gb-text-6958be67\">BCORP<\/p>\n\n\n\n<h2 class=\"gb-text gb-text-8b9e47a2\">Nous faisons partie du changement, nous sommes une entreprise B Corp.<\/h2>\n<\/div>\n<\/div>\n\n\n\n<div class=\"gb-element-2251d789 mx-auto\">\n<div class=\"gb-element-91d17ff9\">\n<p class=\"gb-text gb-text-6d60353a\">La conception et la fabrication de cuisines peuvent transformer le monde.<br>Notre engagement envers la plan\u00e8te et les personnes fait partie de chaque d\u00e9cision que nous prenons.<\/p>\n<\/div>\n<\/div>\n\n\n\n<div class=\"gb-element-824ca505\">\n<div class=\"gb-element-5ea4dd4e\">\n<div class=\"gb-element-a670ed05\">\n<img loading=\"lazy\" decoding=\"async\" width=\"1718\" height=\"1145\" class=\"gb-media-6a8c3bf7\" src=\"https:\/\/kbv-group.com\/wp-content\/uploads\/2025\/08\/Footer.jpg\" alt=\"\" title=\"Footer\" srcset=\"https:\/\/kbv-group.com\/wp-content\/uploads\/2025\/08\/Footer.jpg 1718w, https:\/\/kbv-group.com\/wp-content\/uploads\/2025\/08\/Footer-300x200.jpg 300w, https:\/\/kbv-group.com\/wp-content\/uploads\/2025\/08\/Footer-1024x682.jpg 1024w, https:\/\/kbv-group.com\/wp-content\/uploads\/2025\/08\/Footer-768x512.jpg 768w, https:\/\/kbv-group.com\/wp-content\/uploads\/2025\/08\/Footer-1536x1024.jpg 1536w\" sizes=\"auto, (max-width: 1718px) 100vw, 1718px\" \/>\n<\/div>\n\n\n\n<div class=\"gb-element-b89377a3 box-border\">\n<h2 class=\"gb-text gb-text-8950d32a\">Que signifie \u00eatre B Corp ?<\/h2>\n\n\n\n<p style=\"font-size:clamp(0.875rem, 0.875rem + ((1vw - 0.2rem) * 0.408), 1.12rem);\">\u00catre une entreprise <strong>B Corp<\/strong> va bien au-del\u00e0 de l\u2019obtention d\u2019une simple certification ; cela signifie rejoindre un mouvement mondial\u2026 pour avoir un impact positif dans le monde.<\/p>\n\n\n\n<p style=\"font-size:clamp(0.875rem, 0.875rem + ((1vw - 0.2rem) * 0.408), 1.12rem);\">Toutes les entreprises du <strong>Groupe KBV<\/strong> ont fait l\u2019objet d\u2019une \u00e9valuation rigoureuse qui analyse non seulement ce que nous faisons, mais surtout la mani\u00e8re dont nous le faisons. La <strong>certification B Corp<\/strong> reconna\u00eet les entreprises qui r\u00e9pondent \u00e0 des normes \u00e9lev\u00e9es de performance sociale et environnementale, de transparence et de responsabilit\u00e9. En d\u2019autres termes, elle confirme que nous associons r\u00e9ellement affaires et mission de fa\u00e7on mesurable.<\/p>\n<\/div>\n<\/div>\n<\/div>\n\n\n\n<div class=\"gb-element-b26b812d mx-auto\">\n<a class=\"gb-element-c19168d6\">\n<h2 class=\"gb-text gb-text-4566ce2b\">ENGAGEMENT FOND\u00c9 SUR 5 PILIERS<\/h2>\n<\/a>\n<\/div>\n\n\n\n<div class=\"gb-element-78458ac5 mx-auto\">\n<div class=\"gb-element-e3afbe90\">\n<div class=\"gb-element-1c1bfbde\">\n<div class=\"gb-element-70132434\">\n<div class=\"gb-element-86aa21a8\">\n<h2 class=\"gb-text gb-text-efcb4987\">Gouvernance<\/h2>\n\n\n\n<div>\n<p class=\"gb-text gb-text-ad5c0c18\">Nous prenons des d\u00e9cisions avec \u00e9thique, transparence et responsabilit\u00e9 dans tous les domaines de l\u2019entreprise.<\/p>\n<\/div>\n<\/div>\n\n\n\n<div class=\"gb-element-f4b65f2a\">\n<h2 class=\"gb-text gb-text-486f9fb5\">Travailleurs<\/h2>\n\n\n\n<p class=\"gb-text gb-text-3a4364ef\">Nous nous engageons pour le bien-\u00eatre, la s\u00e9curit\u00e9 et le d\u00e9veloppement de notre \u00e9quipe, en garantissant un environnement inclusif.<\/p>\n<\/div>\n\n\n\n<div>\n<h2 class=\"gb-text gb-text-772bb0b2\">Communaut\u00e9<\/h2>\n\n\n\n<p class=\"gb-text gb-text-42019222\">Nous collaborons avec notre environnement social et \u00e9conomique afin de g\u00e9n\u00e9rer un impact positif au-del\u00e0 de la conception et de la fabrication de cuisines.<\/p>\n<\/div>\n<\/div>\n\n\n\n<div class=\"gb-element-deb75985\">\n<div class=\"gb-element-cc48d473\">\n<h2 class=\"gb-text gb-text-16281bec\">Environnement<\/h2>\n\n\n\n<div>\n<p class=\"gb-text gb-text-934ea90d\">Nous utilisons des mat\u00e9riaux durables et des processus responsables pour r\u00e9duire notre empreinte \u00e9cologique.<\/p>\n<\/div>\n<\/div>\n\n\n\n<div class=\"gb-element-b55799a7\">\n<h2 class=\"gb-text gb-text-e72aeee3\">Clients<\/h2>\n\n\n\n<p class=\"gb-text gb-text-d5da67d5\">Nous proposons des projets uniques, de la plus haute qualit\u00e9 et durabilit\u00e9, apportant une r\u00e9elle valeur ajout\u00e9e et consciente \u00e0 la vie des personnes.<\/p>\n<\/div>\n<\/div>\n<\/div>\n<\/div>\n<\/div>\n\n\n\n<div class=\"gb-element-644dc25f mx-auto\">\n<div class=\"gb-element-d60a8382\">\n<p class=\"gb-text gb-text-2d13417d\">Devenir une <strong>B Corp<\/strong> est un choix exigeant mais n\u00e9cessaire. C\u2019est notre fa\u00e7on de prouver, par des actions concr\u00e8tes, que la conception et la fabrication de cuisines peuvent \u00e9galement \u00eatre un outil de changement.<\/p>\n<\/div>\n<\/div>\n\n\n\n<div class=\"gb-element-a4269f1b\">\n<div class=\"gb-element-c3cfc626\">\n<div class=\"gb-element-c4cdaa49\">\n<img loading=\"lazy\" decoding=\"async\" width=\"1080\" height=\"1080\" class=\"gb-media-776ab7fa\" src=\"https:\/\/kbv-group.com\/wp-content\/uploads\/2025\/10\/B-COPR-2.png\" alt=\"\" title=\"B COPR 2\" srcset=\"https:\/\/kbv-group.com\/wp-content\/uploads\/2025\/10\/B-COPR-2.png 1080w, https:\/\/kbv-group.com\/wp-content\/uploads\/2025\/10\/B-COPR-2-300x300.png 300w, https:\/\/kbv-group.com\/wp-content\/uploads\/2025\/10\/B-COPR-2-1024x1024.png 1024w, https:\/\/kbv-group.com\/wp-content\/uploads\/2025\/10\/B-COPR-2-150x150.png 150w, https:\/\/kbv-group.com\/wp-content\/uploads\/2025\/10\/B-COPR-2-768x768.png 768w\" sizes=\"auto, (max-width: 1080px) 100vw, 1080px\" \/>\n<\/div>\n\n\n\n<div class=\"gb-element-9216812a box-border\">\n<h2 class=\"gb-text gb-text-90f2da3e\">NOTRE ENGAGEMENT CONTINU<\/h2>\n\n\n\n<p style=\"font-size:clamp(0.875rem, 0.875rem + ((1vw - 0.2rem) * 0.408), 1.12rem);\">Devenir une entreprise B Corp n\u2019est pas un objectif, mais un point de d\u00e9part.<\/p>\n\n\n\n<p style=\"font-size:clamp(0.875rem, 0.875rem + ((1vw - 0.2rem) * 0.408), 1.12rem);\">Nous r\u00e9visons constamment nos pratiques, am\u00e9liorons nos processus et mesurons notre impact afin de continuer \u00e0 construire un groupe d\u2019entreprises qui inspire, transforme et laisse une empreinte positive.<\/p>\n<\/div>\n<\/div>\n<\/div>\n\n\n\n<div class=\"gb-element-78067d2a mx-auto\">\n<div class=\"gb-element-036b609f\">\n<h2 class=\"gb-text gb-text-7f8a0b3a\">Nous vous invitons \u00e0 nous accompagner sur ce chemin<br>Vers un avenir plus durable et responsable.<\/h2>\n<\/div>\n<\/div>\n","protected":false},"excerpt":{"rendered":"<p>BCORP Nous faisons partie du changement, nous sommes une entreprise B Corp. La conception et la fabrication de cuisines peuvent transformer le monde.Notre engagement envers la plan\u00e8te et les personnes fait partie de chaque d\u00e9cision que nous prenons. Que signifie \u00eatre B Corp ? \u00catre une entreprise B Corp va bien au-del\u00e0 de l\u2019obtention d\u2019une [&hellip;]<\/p>\n","protected":false},"author":1,"featured_media":0,"parent":0,"menu_order":0,"comment_status":"closed","ping_status":"closed","template":"wp-custom-template-plantilla-para-paginas","meta":{"footnotes":""},"class_list":["post-2480","page","type-page","status-publish","hentry"],"yoast_head":"<!-- This site is optimized with the Yoast SEO plugin v27.3 - https:\/\/yoast.com\/product\/yoast-seo-wordpress\/ -->\n<title>Nous sommes B CORP - KBV<\/title>\n<meta name=\"description\" content=\"D\u00e9couvrez l&#039;histoire et les valeurs du groupe KBV, leader dans la conception et la fabrication de solutions durables pour les cuisines, les salles de bains et les espaces de vie. D\u00e9couvrez notre engagement en faveur de la qualit\u00e9, de l&#039;innovation et du bien-\u00eatre social.\" \/>\n<meta name=\"robots\" content=\"index, follow, max-snippet:-1, max-image-preview:large, max-video-preview:-1\" \/>\n<link rel=\"canonical\" href=\"https:\/\/kbv-group.com\/fr\/nous-sommes-bcorp\/\" \/>\n<meta property=\"og:locale\" content=\"fr_FR\" \/>\n<meta property=\"og:type\" content=\"article\" \/>\n<meta property=\"og:title\" content=\"Nous sommes B CORP - KBV\" \/>\n<meta property=\"og:description\" content=\"D\u00e9couvrez l&#039;histoire et les valeurs du groupe KBV, leader dans la conception et la fabrication de solutions durables pour les cuisines, les salles de bains et les espaces de vie. D\u00e9couvrez notre engagement en faveur de la qualit\u00e9, de l&#039;innovation et du bien-\u00eatre social.\" \/>\n<meta property=\"og:url\" content=\"https:\/\/kbv-group.com\/fr\/nous-sommes-bcorp\/\" \/>\n<meta property=\"og:site_name\" content=\"KBV\" \/>\n<meta property=\"article:modified_time\" content=\"2025-10-06T14:19:13+00:00\" \/>\n<meta property=\"og:image\" content=\"https:\/\/kbv-group.com\/wp-content\/uploads\/2025\/08\/Footer.jpg\" \/>\n<meta name=\"twitter:card\" content=\"summary_large_image\" \/>\n<meta name=\"twitter:label1\" content=\"Dur\u00e9e de lecture estim\u00e9e\" \/>\n\t<meta name=\"twitter:data1\" content=\"2 minutes\" \/>\n<script type=\"application\/ld+json\" class=\"yoast-schema-graph\">{\"@context\":\"https:\\\/\\\/schema.org\",\"@graph\":[{\"@type\":\"WebPage\",\"@id\":\"https:\\\/\\\/kbv-group.com\\\/fr\\\/nous-sommes-bcorp\\\/\",\"url\":\"https:\\\/\\\/kbv-group.com\\\/fr\\\/nous-sommes-bcorp\\\/\",\"name\":\"Nous sommes B CORP - KBV\",\"isPartOf\":{\"@id\":\"https:\\\/\\\/kbv-group.com\\\/fr\\\/#website\"},\"primaryImageOfPage\":{\"@id\":\"https:\\\/\\\/kbv-group.com\\\/fr\\\/nous-sommes-bcorp\\\/#primaryimage\"},\"image\":{\"@id\":\"https:\\\/\\\/kbv-group.com\\\/fr\\\/nous-sommes-bcorp\\\/#primaryimage\"},\"thumbnailUrl\":\"https:\\\/\\\/kbv-group.com\\\/wp-content\\\/uploads\\\/2025\\\/08\\\/Footer.jpg\",\"datePublished\":\"2025-10-02T05:54:29+00:00\",\"dateModified\":\"2025-10-06T14:19:13+00:00\",\"description\":\"D\u00e9couvrez l'histoire et les valeurs du groupe KBV, leader dans la conception et la fabrication de solutions durables pour les cuisines, les salles de bains et les espaces de vie. D\u00e9couvrez notre engagement en faveur de la qualit\u00e9, de l'innovation et du bien-\u00eatre social.\",\"breadcrumb\":{\"@id\":\"https:\\\/\\\/kbv-group.com\\\/fr\\\/nous-sommes-bcorp\\\/#breadcrumb\"},\"inLanguage\":\"fr-FR\",\"potentialAction\":[{\"@type\":\"ReadAction\",\"target\":[\"https:\\\/\\\/kbv-group.com\\\/fr\\\/nous-sommes-bcorp\\\/\"]}]},{\"@type\":\"ImageObject\",\"inLanguage\":\"fr-FR\",\"@id\":\"https:\\\/\\\/kbv-group.com\\\/fr\\\/nous-sommes-bcorp\\\/#primaryimage\",\"url\":\"https:\\\/\\\/kbv-group.com\\\/wp-content\\\/uploads\\\/2025\\\/08\\\/Footer.jpg\",\"contentUrl\":\"https:\\\/\\\/kbv-group.com\\\/wp-content\\\/uploads\\\/2025\\\/08\\\/Footer.jpg\"},{\"@type\":\"BreadcrumbList\",\"@id\":\"https:\\\/\\\/kbv-group.com\\\/fr\\\/nous-sommes-bcorp\\\/#breadcrumb\",\"itemListElement\":[{\"@type\":\"ListItem\",\"position\":1,\"name\":\"Page d'accueil\",\"item\":\"https:\\\/\\\/kbv-group.com\\\/fr\\\/\"},{\"@type\":\"ListItem\",\"position\":2,\"name\":\"Nous sommes B CORP\"}]},{\"@type\":\"WebSite\",\"@id\":\"https:\\\/\\\/kbv-group.com\\\/fr\\\/#website\",\"url\":\"https:\\\/\\\/kbv-group.com\\\/fr\\\/\",\"name\":\"KBV\",\"description\":\"\",\"publisher\":{\"@id\":\"https:\\\/\\\/kbv-group.com\\\/fr\\\/#organization\"},\"potentialAction\":[{\"@type\":\"SearchAction\",\"target\":{\"@type\":\"EntryPoint\",\"urlTemplate\":\"https:\\\/\\\/kbv-group.com\\\/fr\\\/?s={search_term_string}\"},\"query-input\":{\"@type\":\"PropertyValueSpecification\",\"valueRequired\":true,\"valueName\":\"search_term_string\"}}],\"inLanguage\":\"fr-FR\"},{\"@type\":\"Organization\",\"@id\":\"https:\\\/\\\/kbv-group.com\\\/fr\\\/#organization\",\"name\":\"KBV\",\"url\":\"https:\\\/\\\/kbv-group.com\\\/fr\\\/\",\"logo\":{\"@type\":\"ImageObject\",\"inLanguage\":\"fr-FR\",\"@id\":\"https:\\\/\\\/kbv-group.com\\\/fr\\\/#\\\/schema\\\/logo\\\/image\\\/\",\"url\":\"https:\\\/\\\/kbv-group.com\\\/wp-content\\\/uploads\\\/2025\\\/04\\\/imagen_2025-04-21_000546637.png\",\"contentUrl\":\"https:\\\/\\\/kbv-group.com\\\/wp-content\\\/uploads\\\/2025\\\/04\\\/imagen_2025-04-21_000546637.png\",\"width\":162,\"height\":82,\"caption\":\"KBV\"},\"image\":{\"@id\":\"https:\\\/\\\/kbv-group.com\\\/fr\\\/#\\\/schema\\\/logo\\\/image\\\/\"}}]}<\/script>\n<!-- \/ Yoast SEO plugin. -->","yoast_head_json":{"title":"Nous sommes B CORP - KBV","description":"D\u00e9couvrez l'histoire et les valeurs du groupe KBV, leader dans la conception et la fabrication de solutions durables pour les cuisines, les salles de bains et les espaces de vie. D\u00e9couvrez notre engagement en faveur de la qualit\u00e9, de l'innovation et du bien-\u00eatre social.","robots":{"index":"index","follow":"follow","max-snippet":"max-snippet:-1","max-image-preview":"max-image-preview:large","max-video-preview":"max-video-preview:-1"},"canonical":"https:\/\/kbv-group.com\/fr\/nous-sommes-bcorp\/","og_locale":"fr_FR","og_type":"article","og_title":"Nous sommes B CORP - KBV","og_description":"D\u00e9couvrez l'histoire et les valeurs du groupe KBV, leader dans la conception et la fabrication de solutions durables pour les cuisines, les salles de bains et les espaces de vie. D\u00e9couvrez notre engagement en faveur de la qualit\u00e9, de l'innovation et du bien-\u00eatre social.","og_url":"https:\/\/kbv-group.com\/fr\/nous-sommes-bcorp\/","og_site_name":"KBV","article_modified_time":"2025-10-06T14:19:13+00:00","og_image":[{"url":"https:\/\/kbv-group.com\/wp-content\/uploads\/2025\/08\/Footer.jpg","type":"","width":"","height":""}],"twitter_card":"summary_large_image","twitter_misc":{"Dur\u00e9e de lecture estim\u00e9e":"2 minutes"},"schema":{"@context":"https:\/\/schema.org","@graph":[{"@type":"WebPage","@id":"https:\/\/kbv-group.com\/fr\/nous-sommes-bcorp\/","url":"https:\/\/kbv-group.com\/fr\/nous-sommes-bcorp\/","name":"Nous sommes B CORP - KBV","isPartOf":{"@id":"https:\/\/kbv-group.com\/fr\/#website"},"primaryImageOfPage":{"@id":"https:\/\/kbv-group.com\/fr\/nous-sommes-bcorp\/#primaryimage"},"image":{"@id":"https:\/\/kbv-group.com\/fr\/nous-sommes-bcorp\/#primaryimage"},"thumbnailUrl":"https:\/\/kbv-group.com\/wp-content\/uploads\/2025\/08\/Footer.jpg","datePublished":"2025-10-02T05:54:29+00:00","dateModified":"2025-10-06T14:19:13+00:00","description":"D\u00e9couvrez l'histoire et les valeurs du groupe KBV, leader dans la conception et la fabrication de solutions durables pour les cuisines, les salles de bains et les espaces de vie. D\u00e9couvrez notre engagement en faveur de la qualit\u00e9, de l'innovation et du bien-\u00eatre social.","breadcrumb":{"@id":"https:\/\/kbv-group.com\/fr\/nous-sommes-bcorp\/#breadcrumb"},"inLanguage":"fr-FR","potentialAction":[{"@type":"ReadAction","target":["https:\/\/kbv-group.com\/fr\/nous-sommes-bcorp\/"]}]},{"@type":"ImageObject","inLanguage":"fr-FR","@id":"https:\/\/kbv-group.com\/fr\/nous-sommes-bcorp\/#primaryimage","url":"https:\/\/kbv-group.com\/wp-content\/uploads\/2025\/08\/Footer.jpg","contentUrl":"https:\/\/kbv-group.com\/wp-content\/uploads\/2025\/08\/Footer.jpg"},{"@type":"BreadcrumbList","@id":"https:\/\/kbv-group.com\/fr\/nous-sommes-bcorp\/#breadcrumb","itemListElement":[{"@type":"ListItem","position":1,"name":"Page d'accueil","item":"https:\/\/kbv-group.com\/fr\/"},{"@type":"ListItem","position":2,"name":"Nous sommes B CORP"}]},{"@type":"WebSite","@id":"https:\/\/kbv-group.com\/fr\/#website","url":"https:\/\/kbv-group.com\/fr\/","name":"KBV","description":"","publisher":{"@id":"https:\/\/kbv-group.com\/fr\/#organization"},"potentialAction":[{"@type":"SearchAction","target":{"@type":"EntryPoint","urlTemplate":"https:\/\/kbv-group.com\/fr\/?s={search_term_string}"},"query-input":{"@type":"PropertyValueSpecification","valueRequired":true,"valueName":"search_term_string"}}],"inLanguage":"fr-FR"},{"@type":"Organization","@id":"https:\/\/kbv-group.com\/fr\/#organization","name":"KBV","url":"https:\/\/kbv-group.com\/fr\/","logo":{"@type":"ImageObject","inLanguage":"fr-FR","@id":"https:\/\/kbv-group.com\/fr\/#\/schema\/logo\/image\/","url":"https:\/\/kbv-group.com\/wp-content\/uploads\/2025\/04\/imagen_2025-04-21_000546637.png","contentUrl":"https:\/\/kbv-group.com\/wp-content\/uploads\/2025\/04\/imagen_2025-04-21_000546637.png","width":162,"height":82,"caption":"KBV"},"image":{"@id":"https:\/\/kbv-group.com\/fr\/#\/schema\/logo\/image\/"}}]}},"_links":{"self":[{"href":"https:\/\/kbv-group.com\/fr\/wp-json\/wp\/v2\/pages\/2480","targetHints":{"allow":["GET"]}}],"collection":[{"href":"https:\/\/kbv-group.com\/fr\/wp-json\/wp\/v2\/pages"}],"about":[{"href":"https:\/\/kbv-group.com\/fr\/wp-json\/wp\/v2\/types\/page"}],"author":[{"embeddable":true,"href":"https:\/\/kbv-group.com\/fr\/wp-json\/wp\/v2\/users\/1"}],"replies":[{"embeddable":true,"href":"https:\/\/kbv-group.com\/fr\/wp-json\/wp\/v2\/comments?post=2480"}],"version-history":[{"count":9,"href":"https:\/\/kbv-group.com\/fr\/wp-json\/wp\/v2\/pages\/2480\/revisions"}],"predecessor-version":[{"id":2538,"href":"https:\/\/kbv-group.com\/fr\/wp-json\/wp\/v2\/pages\/2480\/revisions\/2538"}],"wp:attachment":[{"href":"https:\/\/kbv-group.com\/fr\/wp-json\/wp\/v2\/media?parent=2480"}],"curies":[{"name":"wp","href":"https:\/\/api.w.org\/{rel}","templated":true}]}}